{"id":607,"date":"2022-11-12T14:41:48","date_gmt":"2022-11-12T13:41:48","guid":{"rendered":"https:\/\/en-en.polska.travel\/?page_id=607"},"modified":"2025-01-22T11:03:12","modified_gmt":"2025-01-22T10:03:12","slug":"kontakta-oss","status":"publish","type":"page","link":"https:\/\/www.polen.travel\/sv\/kontakta-oss\/","title":{"rendered":"Kontakta oss"},"content":{"rendered":"\n<div class=\"wp-block-group is-style-container-medium\"><div class=\"wp-block-group__inner-container is-layout-constrained wp-block-group-is-layout-constrained\">\n<h1 class=\"wp-block-heading is-style-heading-48\"><a href=\"https:\/\/www.polen.travel\/sv\/kontakta-oss\">Kontakta oss<\/a><\/h1>\n<\/div><\/div>\n\n\n\n<div class=\"wp-block-group is-style-container-small\"><div class=\"wp-block-group__inner-container is-layout-constrained wp-block-group-is-layout-constrained\">\n<div style=\"height:100px\" aria-hidden=\"true\" class=\"wp-block-spacer is-style-spacer-small\"><\/div>\n\n\n\n<div class=\"contact\">\n    <div class=\"contact__form contact__form--no-bg\">\n    \n<div class=\"wpcf7 no-js\" id=\"wpcf7-f307-o1\" lang=\"pl-PL\" dir=\"ltr\" data-wpcf7-id=\"307\">\n<div class=\"screen-reader-response\"><p role=\"status\" aria-live=\"polite\" aria-atomic=\"true\"><\/p> <ul><\/ul><\/div>\n<form action=\"\/sv\/wp-json\/wp\/v2\/pages\/607#wpcf7-f307-o1\" method=\"post\" class=\"wpcf7-form init wpcf7-acceptance-as-validation\" aria-label=\"Formularz kontaktowy\" novalidate=\"novalidate\" data-status=\"init\">\n<fieldset class=\"hidden-fields-container\"><input type=\"hidden\" name=\"_wpcf7\" value=\"307\" \/><input type=\"hidden\" name=\"_wpcf7_version\" value=\"6.1.5\" \/><input type=\"hidden\" name=\"_wpcf7_locale\" value=\"pl_PL\" \/><input type=\"hidden\" name=\"_wpcf7_unit_tag\" value=\"wpcf7-f307-o1\" \/><input type=\"hidden\" name=\"_wpcf7_container_post\" value=\"0\" \/><input type=\"hidden\" name=\"_wpcf7_posted_data_hash\" value=\"\" \/><input type=\"hidden\" name=\"_wpcf7_recaptcha_response\" value=\"\" \/>\n<\/fieldset>\n<label class=\"field\"> \n<div class=\"field__label\">Namn och efternamn<\/div>\n<div class=\"field__field\"><span class=\"wpcf7-form-control-wrap\" data-name=\"your-name\"><input size=\"40\" maxlength=\"400\" class=\"wpcf7-form-control wpcf7-text wpcf7-validates-as-required\" aria-required=\"true\" aria-invalid=\"false\" placeholder=\"Namn och efternamn\" value=\"\" type=\"text\" name=\"your-name\" \/><\/span><\/div>\n<\/label>\n\n<label class=\"field\"> \n<div class=\"field__label\">Din e-post*<\/div>\n<div class=\"field__field\"><span class=\"wpcf7-form-control-wrap\" data-name=\"your-email\"><input size=\"40\" maxlength=\"400\" class=\"wpcf7-form-control wpcf7-email wpcf7-validates-as-required wpcf7-text wpcf7-validates-as-email\" aria-required=\"true\" aria-invalid=\"false\" placeholder=\"Din e-post*\" value=\"\" type=\"email\" name=\"your-email\" \/><\/span><\/div>\n<\/label>\n\n<label class=\"field\"> \n<div class=\"field__label\">V\u00e4lj \u00e4mne*<\/div>\n<div class=\"field__field\"><span class=\"wpcf7-form-control-wrap\" data-name=\"subject\"><select class=\"wpcf7-form-control wpcf7-select\" aria-invalid=\"false\" name=\"subject\"><option value=\"Jag vill anm\u00e4la fel p\u00e5 hemsidan\">Jag vill anm\u00e4la fel p\u00e5 hemsidan<\/option><option value=\"Jag \u00e4r en touroperat\u00f6r och mina uppgifter fattas i katalogen\">Jag \u00e4r en touroperat\u00f6r och mina uppgifter fattas i katalogen<\/option><option value=\"Jag vill l\u00e4mna synpunkter, ber\u00f6m eller f\u00f6rb\u00e4ttringsf\u00f6rslag f\u00f6r hemsidan\">Jag vill l\u00e4mna synpunkter, ber\u00f6m eller f\u00f6rb\u00e4ttringsf\u00f6rslag f\u00f6r hemsidan<\/option><option value=\"Tipsa oss\">Tipsa oss<\/option><option value=\"Annat\">Annat<\/option><\/select><\/span><\/div>\n<\/label>\n\n<label class=\"field\"> \n<div class=\"field__label\">Meddelande*<\/div>\n<div class=\"field__field\"><span class=\"wpcf7-form-control-wrap\" data-name=\"your-message\"><textarea cols=\"40\" rows=\"10\" maxlength=\"2000\" class=\"wpcf7-form-control wpcf7-textarea\" aria-invalid=\"false\" placeholder=\"Meddelande*\" name=\"your-message\"><\/textarea><\/span><\/div>\n<\/label>\n\n<div class=\"checkbox-wrapper\">\n<span class=\"wpcf7-form-control-wrap\" data-name=\"agree-2\"><span class=\"wpcf7-form-control wpcf7-acceptance\"><span class=\"wpcf7-list-item\"><label><input type=\"checkbox\" name=\"agree-2\" value=\"1\" aria-invalid=\"false\" \/><span class=\"wpcf7-list-item-label\"><span class=\"required-info\">*<\/span> <strong>* Enligt art. 6 par. 1 lit. a) i den allm\u00e4nna dataskyddsf\u00f6rordningen fr\u00e5n den 27 april 2016, godk\u00e4nner jag att den Polska turistorganisationen med s\u00e4te i Warszawa, ul. M\u0142ynarska 42, behandlar mina personuppgifter som angetts i prenumerationsformul\u00e4ret f\u00f6r nyhetsbrev f\u00f6r att kunna motta nyhetsbrev med reseinformation.\nSamtycket \u00e4r frivilligt och kan n\u00e4r som helst \u00e5terkallas genom att skicka ett e-postmeddelande till v\u00e5rt dataskyddsombud (dpo@pot.gov.pl) fr\u00e5n den e-postadress som samtycket avser. Om du inte samtycker till behandlingen av dina uppgifter kan vi inte skicka v\u00e5rt nyhetsbrev till dig.<\/strong><\/span><\/label><\/span><\/span><\/span>\n<\/div>\n\n\n\n<div class=\"checkbox-wrapper\">\n<span class=\"wpcf7-form-control-wrap\" data-name=\"agree-2\"><span class=\"wpcf7-form-control wpcf7-acceptance\"><span class=\"wpcf7-list-item\"><label><input type=\"checkbox\" name=\"agree-2\" value=\"1\" aria-invalid=\"false\" \/><span class=\"wpcf7-list-item-label\"><span class=\"required-info\">*<\/span> <strong>Jag samtycker till att ta emot nyhetsbrev med turistinformation fr\u00e5n Polska turistorganisationen via elektroniska kommunikationskanaler till den e-postadress som jag har angett i enlighet med lagen fr\u00e5n den 18 juli 2002 om elektroniska tj\u00e4nster.<\/strong><\/span><\/label><\/span><\/span><\/span>\n\n<div class=\"checkbox-wrapper\">\n<span class=\"wpcf7-form-control-wrap\" data-name=\"agree-2\"><span class=\"wpcf7-form-control wpcf7-acceptance\"><span class=\"wpcf7-list-item\"><label><input type=\"checkbox\" name=\"agree-2\" value=\"1\" aria-invalid=\"false\" \/><span class=\"wpcf7-list-item-label\">Jag samtycker till att anv\u00e4nda min dator \/ b\u00e4rbara dator \/ surfplatta \/ mobiltelefon och annan telekommunikationsutrustning f\u00f6r att ta emot nyhetsbrev fr\u00e5n Polska turistorganisationen.<\/strong><\/span><\/label><\/span><\/span><\/span>\n<\/div>\n\n<a href=\"https:\/\/www.polen.travel\/sv\/the-information-regarding-the-administrator-and-personal-data-processing-general-contact-form\/?\" target=\"_blank\" rel=\"noreferrer noopener\">Information om administrat\u00f6ren och behandling av personuppgifter<\/a>\n\n<div class=\"checkbox-wrapper\">\n<span class=\"wpcf7-form-control-wrap\" data-name=\"agree-2\"><span class=\"wpcf7-form-control wpcf7-acceptance\"><span class=\"wpcf7-list-item\"><label><input type=\"checkbox\" name=\"agree-2\" value=\"1\" aria-invalid=\"false\" \/><span class=\"wpcf7-list-item-label\">* Jag har tagit del av informationen om behandlingen av personuppgifter<\/strong><\/span><\/label><\/span><\/span><\/span>\n<\/div>\n\n<div class=\"text-right relative\">\n\n<button type=\"submit\" class=\"wpcf7-form-control has-spinner wpcf7-submit btn btn--blue btn--send\">SKICKA<\/button>\n<div class=\"wpcf7-response-output\" aria-hidden=\"true\"><\/div>\n\n<\/div>\n<\/form>\n<\/div>\n  <\/div>\n<\/div>\n<\/div><\/div>\n","protected":false},"excerpt":{"rendered":"<p>Kontakta oss<\/p>\n","protected":false},"author":1,"featured_media":0,"parent":0,"menu_order":0,"comment_status":"closed","ping_status":"closed","template":"","meta":{"_acf_changed":false,"footnotes":""},"class_list":["post-607","page","type-page","status-publish","hentry"],"acf":[],"yoast_head":"<!-- This site is optimized with the Yoast SEO plugin v27.4 - https:\/\/yoast.com\/product\/yoast-seo-wordpress\/ -->\n<title>Kontakta oss - Polen Travel (SV)<\/title>\n<meta name=\"robots\" content=\"index, follow, max-snippet:-1, max-image-preview:large, max-video-preview:-1\" \/>\n<link rel=\"canonical\" href=\"https:\/\/wp-sv.poland.travel\/kontakta-oss\/\" \/>\n<meta property=\"og:locale\" content=\"pl_PL\" \/>\n<meta property=\"og:type\" content=\"article\" \/>\n<meta property=\"og:title\" content=\"Kontakta oss - Polen Travel (SV)\" \/>\n<meta property=\"og:description\" content=\"Kontakta oss\" \/>\n<meta property=\"og:url\" content=\"https:\/\/wp-sv.poland.travel\/kontakta-oss\/\" \/>\n<meta property=\"og:site_name\" content=\"Polen Travel (SV)\" \/>\n<meta property=\"article:modified_time\" content=\"2025-01-22T10:03:12+00:00\" \/>\n<meta property=\"og:image\" content=\"https:\/\/www.polen.travel\/sv\/wp-content\/uploads\/sites\/22\/2025\/11\/GDA.jpg\" \/>\n\t<meta property=\"og:image:width\" content=\"1200\" \/>\n\t<meta property=\"og:image:height\" content=\"675\" \/>\n\t<meta property=\"og:image:type\" content=\"image\/jpeg\" \/>\n<meta name=\"twitter:card\" content=\"summary_large_image\" \/>\n<meta name=\"twitter:label1\" content=\"Szacowany czas czytania\" \/>\n\t<meta name=\"twitter:data1\" content=\"1 minuta\" \/>\n<script type=\"application\/ld+json\" class=\"yoast-schema-graph\">{\"@context\":\"https:\\\/\\\/schema.org\",\"@graph\":[{\"@type\":\"WebPage\",\"@id\":\"https:\\\/\\\/wp-sv.poland.travel\\\/kontakta-oss\\\/\",\"url\":\"https:\\\/\\\/wp-sv.poland.travel\\\/kontakta-oss\\\/\",\"name\":\"Kontakta oss - Polen Travel (SV)\",\"isPartOf\":{\"@id\":\"https:\\\/\\\/wp-sv.poland.travel\\\/#website\"},\"datePublished\":\"2022-11-12T13:41:48+00:00\",\"dateModified\":\"2025-01-22T10:03:12+00:00\",\"breadcrumb\":{\"@id\":\"https:\\\/\\\/wp-sv.poland.travel\\\/kontakta-oss\\\/#breadcrumb\"},\"inLanguage\":\"pl-PL\",\"potentialAction\":[{\"@type\":\"ReadAction\",\"target\":[\"https:\\\/\\\/wp-sv.poland.travel\\\/kontakta-oss\\\/\"]}]},{\"@type\":\"BreadcrumbList\",\"@id\":\"https:\\\/\\\/wp-sv.poland.travel\\\/kontakta-oss\\\/#breadcrumb\",\"itemListElement\":[{\"@type\":\"ListItem\",\"position\":1,\"name\":\"Home page\",\"item\":\"https:\\\/\\\/www.polen.travel\\\/sv\\\/\"},{\"@type\":\"ListItem\",\"position\":2,\"name\":\"Kontakta oss\"}]},{\"@type\":\"WebSite\",\"@id\":\"https:\\\/\\\/wp-sv.poland.travel\\\/#website\",\"url\":\"https:\\\/\\\/wp-sv.poland.travel\\\/\",\"name\":\"Polen Travel\",\"description\":\"...\",\"alternateName\":\"Polen.travel \u2013 Officiell turistguide till Polen\",\"potentialAction\":[{\"@type\":\"SearchAction\",\"target\":{\"@type\":\"EntryPoint\",\"urlTemplate\":\"https:\\\/\\\/wp-sv.poland.travel\\\/?s={search_term_string}\"},\"query-input\":{\"@type\":\"PropertyValueSpecification\",\"valueRequired\":true,\"valueName\":\"search_term_string\"}}],\"inLanguage\":\"pl-PL\"}]}<\/script>\n<!-- \/ Yoast SEO plugin. -->","yoast_head_json":{"title":"Kontakta oss - Polen Travel (SV)","robots":{"index":"index","follow":"follow","max-snippet":"max-snippet:-1","max-image-preview":"max-image-preview:large","max-video-preview":"max-video-preview:-1"},"canonical":"https:\/\/wp-sv.poland.travel\/kontakta-oss\/","og_locale":"pl_PL","og_type":"article","og_title":"Kontakta oss - Polen Travel (SV)","og_description":"Kontakta oss","og_url":"https:\/\/wp-sv.poland.travel\/kontakta-oss\/","og_site_name":"Polen Travel (SV)","article_modified_time":"2025-01-22T10:03:12+00:00","og_image":[{"width":1200,"height":675,"url":"https:\/\/www.polen.travel\/sv\/wp-content\/uploads\/sites\/22\/2025\/11\/GDA.jpg","type":"image\/jpeg"}],"twitter_card":"summary_large_image","twitter_misc":{"Szacowany czas czytania":"1 minuta"},"schema":{"@context":"https:\/\/schema.org","@graph":[{"@type":"WebPage","@id":"https:\/\/wp-sv.poland.travel\/kontakta-oss\/","url":"https:\/\/wp-sv.poland.travel\/kontakta-oss\/","name":"Kontakta oss - Polen Travel (SV)","isPartOf":{"@id":"https:\/\/wp-sv.poland.travel\/#website"},"datePublished":"2022-11-12T13:41:48+00:00","dateModified":"2025-01-22T10:03:12+00:00","breadcrumb":{"@id":"https:\/\/wp-sv.poland.travel\/kontakta-oss\/#breadcrumb"},"inLanguage":"pl-PL","potentialAction":[{"@type":"ReadAction","target":["https:\/\/wp-sv.poland.travel\/kontakta-oss\/"]}]},{"@type":"BreadcrumbList","@id":"https:\/\/wp-sv.poland.travel\/kontakta-oss\/#breadcrumb","itemListElement":[{"@type":"ListItem","position":1,"name":"Home page","item":"https:\/\/www.polen.travel\/sv\/"},{"@type":"ListItem","position":2,"name":"Kontakta oss"}]},{"@type":"WebSite","@id":"https:\/\/wp-sv.poland.travel\/#website","url":"https:\/\/wp-sv.poland.travel\/","name":"Polen Travel","description":"...","alternateName":"Polen.travel \u2013 Officiell turistguide till Polen","potentialAction":[{"@type":"SearchAction","target":{"@type":"EntryPoint","urlTemplate":"https:\/\/wp-sv.poland.travel\/?s={search_term_string}"},"query-input":{"@type":"PropertyValueSpecification","valueRequired":true,"valueName":"search_term_string"}}],"inLanguage":"pl-PL"}]}},"_links":{"self":[{"href":"https:\/\/www.polen.travel\/sv\/wp-json\/wp\/v2\/pages\/607","targetHints":{"allow":["GET"]}}],"collection":[{"href":"https:\/\/www.polen.travel\/sv\/wp-json\/wp\/v2\/pages"}],"about":[{"href":"https:\/\/www.polen.travel\/sv\/wp-json\/wp\/v2\/types\/page"}],"author":[{"embeddable":true,"href":"https:\/\/www.polen.travel\/sv\/wp-json\/wp\/v2\/users\/1"}],"replies":[{"embeddable":true,"href":"https:\/\/www.polen.travel\/sv\/wp-json\/wp\/v2\/comments?post=607"}],"version-history":[{"count":15,"href":"https:\/\/www.polen.travel\/sv\/wp-json\/wp\/v2\/pages\/607\/revisions"}],"predecessor-version":[{"id":37909,"href":"https:\/\/www.polen.travel\/sv\/wp-json\/wp\/v2\/pages\/607\/revisions\/37909"}],"wp:attachment":[{"href":"https:\/\/www.polen.travel\/sv\/wp-json\/wp\/v2\/media?parent=607"}],"curies":[{"name":"wp","href":"https:\/\/api.w.org\/{rel}","templated":true}]}}