{"id":42922,"date":"2026-01-29T15:27:21","date_gmt":"2026-01-29T14:27:21","guid":{"rendered":"https:\/\/www.polen.travel\/sv\/?page_id=42922"},"modified":"2026-02-05T16:01:09","modified_gmt":"2026-02-05T15:01:09","slug":"halsa-i-polen","status":"publish","type":"page","link":"https:\/\/www.polen.travel\/sv\/halsa-i-polen\/","title":{"rendered":"H\u00e4lsa och sk\u00f6nhet i Polen"},"content":{"rendered":"\n<div class=\"wp-block-group is-style-container\"><div class=\"wp-block-group__inner-container is-layout-constrained wp-block-group-is-layout-constrained\">\n<h1 class=\"wp-block-heading\">H\u00e4lsa och sk\u00f6nhet i Polen<\/h1>\n<\/div><\/div>\n\n\n\n<div class=\"wp-block-group is-style-container\"><div class=\"wp-block-group__inner-container is-layout-constrained wp-block-group-is-layout-constrained\">\n<div style=\"height:50px\" aria-hidden=\"true\" class=\"wp-block-spacer\"><\/div>\n\n\n\n<p>Uppt\u00e4ck Polens unika v\u00e4rld av&nbsp;<strong>h\u00e4lsa, sk\u00f6nhet och v\u00e4lbefinnande<\/strong>, d\u00e4r&nbsp;<strong>tradition m\u00f6ter modern wellness<\/strong>. Landet \u00e4r k\u00e4nt f\u00f6r sina&nbsp;<strong>naturliga mineralvatten, termiska k\u00e4llor och helande klimat<\/strong>, som i \u00e5rhundraden lockat bes\u00f6kare till landets ber\u00f6mda&nbsp;<strong>sanatorier och kurorter<\/strong>.<\/p>\n\n\n\n<div style=\"height:20px\" aria-hidden=\"true\" class=\"wp-block-spacer\"><\/div>\n\n\n\n<p>Fr\u00e5n de klassiska anl\u00e4ggningarna i&nbsp;<strong>Krynica-Zdr\u00f3j, Ciechocinek och Na\u0142\u0119cz\u00f3w-Zdr\u00f3j<\/strong>&nbsp;till de moderna spa-resorten i&nbsp;<strong>Sopot, Ustro\u0144 och \u015awinouj\u015bcie<\/strong>, erbjuder Polen ett brett utbud av&nbsp;<strong>h\u00e4lsobehandlingar, avkopplande spaweekends och medicinska rehabiliteringsprogram<\/strong>.<\/p>\n\n\n\n<div style=\"height:20px\" aria-hidden=\"true\" class=\"wp-block-spacer\"><\/div>\n\n\n\n<p>H\u00e4r kombineras&nbsp;<strong>naturlig sk\u00f6nhet, professionell v\u00e5rd och prisv\u00e4rd lyx<\/strong>&nbsp;\u2013 oavsett om du s\u00f6ker en&nbsp;<strong>kurvistelse, en massage- och detoxhelg, eller medicinsk spa-behandling<\/strong>. De polska sanatorierna har l\u00e5ng erfarenhet av att behandla bland annat&nbsp;<strong>ryggproblem, reumatism, andningsbesv\u00e4r och stressrelaterade tillst\u00e5nd<\/strong>, ofta med hj\u00e4lp av&nbsp;<strong>naturliga mineralvatten, lerinpackningar och klimatoterapi<\/strong>.<\/p>\n\n\n\n<div style=\"height:20px\" aria-hidden=\"true\" class=\"wp-block-spacer\"><\/div>\n\n\n\n<p>V\u00e4lkommen att utforska Polens mest k\u00e4nda kurorter \u2013 fr\u00e5n&nbsp;<strong>Krynica-Zdr\u00f3j och Szczawnica<\/strong>&nbsp;i bergen till&nbsp;<strong>Sopot och \u015awinouj\u015bcie<\/strong>&nbsp;vid \u00d6stersj\u00f6n. H\u00e4r v\u00e4ntar en v\u00e4rld av&nbsp;<strong>v\u00e4lbefinnande, harmoni och ny energi<\/strong>.<\/p>\n<\/div><\/div>\n\n\n\n<div class=\"wp-block-group is-style-container\"><div class=\"wp-block-group__inner-container is-layout-constrained wp-block-group-is-layout-constrained\">\n  <div class=\"links-tiles links-tiles--rows-2-3\">\n          <div class=\"links-tiles__item\">\n          <a href=\"https:\/\/www.polen.travel\/sv\/health-resorts\/\" class=\"link-box\" style=\" background-image: url(https:\/\/www.polen.travel\/sv\/wp-content\/uploads\/sites\/22\/2026\/02\/AdobeStock_305657974-1200x800.jpg);\">\n              <div class=\"link-box__hover\" style=\"background-image: url(https:\/\/www.polen.travel\/sv\/wp-content\/uploads\/sites\/22\/2026\/02\/17236_Ladek_Zdroj_Wojciech_KK_HR-1-1200x800.jpg);\"><\/div>\n        <div class=\"link-box__info\">\n      <div class=\"link-box__title\">Kurorter<\/div>\n      <div class=\"link-box__more\">Se mer<\/div>\n    <\/div>\n  <\/a>\n\n        <\/div>\n\n          <div class=\"links-tiles__item\">\n          <a href=\"https:\/\/www.polen.travel\/sv\/spa-och-wellness-i-polen\/\" class=\"link-box\" style=\" background-image: url(https:\/\/www.polen.travel\/sv\/wp-content\/uploads\/sites\/22\/2026\/02\/AdobeStock_79883653-1200x800.jpg);\">\n              <div class=\"link-box__hover\" style=\"background-image: url(https:\/\/www.polen.travel\/sv\/wp-content\/uploads\/sites\/22\/2025\/03\/Termy-Chocholowskie_20171120_ABDJI_0124v1.jpg_compressed.jpeg);\"><\/div>\n        <div class=\"link-box__info\">\n      <div class=\"link-box__title\">Spa och wellness<\/div>\n      <div class=\"link-box__more\">Se mer<\/div>\n    <\/div>\n  <\/a>\n\n        <\/div>\n\n      <\/div>\n\n<\/div><\/div>\n","protected":false},"excerpt":{"rendered":"<p>H\u00e4lsa och sk\u00f6nhet i Polen Uppt\u00e4ck Polens unika v\u00e4rld av&nbsp;h\u00e4lsa, sk\u00f6nhet och v\u00e4lbefinnande, d\u00e4r&nbsp;tradition m\u00f6ter modern wellness. Landet \u00e4r k\u00e4nt f\u00f6r sina&nbsp;naturliga mineralvatten, termiska k\u00e4llor och helande klimat, som i \u00e5rhundraden lockat bes\u00f6kare till landets ber\u00f6mda&nbsp;sanatorier och kurorter. Fr\u00e5n de klassiska anl\u00e4ggningarna i&nbsp;Krynica-Zdr\u00f3j, Ciechocinek och Na\u0142\u0119cz\u00f3w-Zdr\u00f3j&nbsp;till de moderna spa-resorten i&nbsp;Sopot, Ustro\u0144 och \u015awinouj\u015bcie, erbjuder Polen [&hellip;]<\/p>\n","protected":false},"author":32,"featured_media":43091,"parent":0,"menu_order":0,"comment_status":"closed","ping_status":"closed","template":"","meta":{"_acf_changed":false,"footnotes":""},"class_list":["post-42922","page","type-page","status-publish","has-post-thumbnail","hentry"],"acf":[],"yoast_head":"<!-- This site is optimized with the Yoast SEO plugin v27.0 - https:\/\/yoast.com\/product\/yoast-seo-wordpress\/ -->\n<title>H\u00e4lsa och sk\u00f6nhet i Polen - Polen Travel (SV)<\/title>\n<meta name=\"description\" content=\"Guide till Polens spa och sanatorier. Njut av lugna kurorter, naturliga mineralvatten och \u00e5terh\u00e4mtning i vacker natur fr\u00e5n kust till berg.\" \/>\n<meta name=\"robots\" content=\"index, follow, max-snippet:-1, max-image-preview:large, max-video-preview:-1\" \/>\n<link rel=\"canonical\" href=\"https:\/\/www.polen.travel\/sv\/halsa-i-polen\/\" \/>\n<meta property=\"og:locale\" content=\"pl_PL\" \/>\n<meta property=\"og:type\" content=\"article\" \/>\n<meta property=\"og:title\" content=\"H\u00e4lsa och sk\u00f6nhet i Polen - Polen Travel (SV)\" \/>\n<meta property=\"og:description\" content=\"Guide till Polens spa och sanatorier. Njut av lugna kurorter, naturliga mineralvatten och \u00e5terh\u00e4mtning i vacker natur fr\u00e5n kust till berg.\" \/>\n<meta property=\"og:url\" content=\"https:\/\/www.polen.travel\/sv\/halsa-i-polen\/\" \/>\n<meta property=\"og:site_name\" content=\"Polen Travel (SV)\" \/>\n<meta property=\"article:modified_time\" content=\"2026-02-05T15:01:09+00:00\" \/>\n<meta property=\"og:image\" content=\"https:\/\/www.polen.travel\/sv\/wp-content\/uploads\/sites\/22\/2026\/02\/AdobeStock_79883653.jpg\" \/>\n\t<meta property=\"og:image:width\" content=\"1600\" \/>\n\t<meta property=\"og:image:height\" content=\"1067\" \/>\n\t<meta property=\"og:image:type\" content=\"image\/jpeg\" \/>\n<meta name=\"twitter:card\" content=\"summary_large_image\" \/>\n<meta name=\"twitter:label1\" content=\"Szacowany czas czytania\" \/>\n\t<meta name=\"twitter:data1\" content=\"2 minuty\" \/>\n<script type=\"application\/ld+json\" class=\"yoast-schema-graph\">{\"@context\":\"https:\/\/schema.org\",\"@graph\":[{\"@type\":\"WebPage\",\"@id\":\"https:\/\/www.polen.travel\/sv\/halsa-i-polen\/\",\"url\":\"https:\/\/www.polen.travel\/sv\/halsa-i-polen\/\",\"name\":\"H\u00e4lsa och sk\u00f6nhet i Polen - Polen Travel (SV)\",\"isPartOf\":{\"@id\":\"https:\/\/wp-sv.poland.travel\/#website\"},\"primaryImageOfPage\":{\"@id\":\"https:\/\/www.polen.travel\/sv\/halsa-i-polen\/#primaryimage\"},\"image\":{\"@id\":\"https:\/\/www.polen.travel\/sv\/halsa-i-polen\/#primaryimage\"},\"thumbnailUrl\":\"https:\/\/www.polen.travel\/sv\/wp-content\/uploads\/sites\/22\/2026\/02\/AdobeStock_79883653.jpg\",\"datePublished\":\"2026-01-29T14:27:21+00:00\",\"dateModified\":\"2026-02-05T15:01:09+00:00\",\"description\":\"Guide till Polens spa och sanatorier. Njut av lugna kurorter, naturliga mineralvatten och \u00e5terh\u00e4mtning i vacker natur fr\u00e5n kust till berg.\",\"breadcrumb\":{\"@id\":\"https:\/\/www.polen.travel\/sv\/halsa-i-polen\/#breadcrumb\"},\"inLanguage\":\"pl-PL\",\"potentialAction\":[{\"@type\":\"ReadAction\",\"target\":[\"https:\/\/www.polen.travel\/sv\/halsa-i-polen\/\"]}]},{\"@type\":\"ImageObject\",\"inLanguage\":\"pl-PL\",\"@id\":\"https:\/\/www.polen.travel\/sv\/halsa-i-polen\/#primaryimage\",\"url\":\"https:\/\/www.polen.travel\/sv\/wp-content\/uploads\/sites\/22\/2026\/02\/AdobeStock_79883653.jpg\",\"contentUrl\":\"https:\/\/www.polen.travel\/sv\/wp-content\/uploads\/sites\/22\/2026\/02\/AdobeStock_79883653.jpg\",\"width\":1600,\"height\":1067},{\"@type\":\"BreadcrumbList\",\"@id\":\"https:\/\/www.polen.travel\/sv\/halsa-i-polen\/#breadcrumb\",\"itemListElement\":[{\"@type\":\"ListItem\",\"position\":1,\"name\":\"Home page\",\"item\":\"https:\/\/www.polen.travel\/sv\/\"},{\"@type\":\"ListItem\",\"position\":2,\"name\":\"H\u00e4lsa och sk\u00f6nhet i Polen\"}]},{\"@type\":\"WebSite\",\"@id\":\"https:\/\/wp-sv.poland.travel\/#website\",\"url\":\"https:\/\/wp-sv.poland.travel\/\",\"name\":\"Polen Travel\",\"description\":\"...\",\"alternateName\":\"Polen.travel \u2013 Officiell turistguide till Polen\",\"potentialAction\":[{\"@type\":\"SearchAction\",\"target\":{\"@type\":\"EntryPoint\",\"urlTemplate\":\"https:\/\/wp-sv.poland.travel\/?s={search_term_string}\"},\"query-input\":{\"@type\":\"PropertyValueSpecification\",\"valueRequired\":true,\"valueName\":\"search_term_string\"}}],\"inLanguage\":\"pl-PL\"}]}<\/script>\n<!-- \/ Yoast SEO plugin. -->","yoast_head_json":{"title":"H\u00e4lsa och sk\u00f6nhet i Polen - Polen Travel (SV)","description":"Guide till Polens spa och sanatorier. Njut av lugna kurorter, naturliga mineralvatten och \u00e5terh\u00e4mtning i vacker natur fr\u00e5n kust till berg.","robots":{"index":"index","follow":"follow","max-snippet":"max-snippet:-1","max-image-preview":"max-image-preview:large","max-video-preview":"max-video-preview:-1"},"canonical":"https:\/\/www.polen.travel\/sv\/halsa-i-polen\/","og_locale":"pl_PL","og_type":"article","og_title":"H\u00e4lsa och sk\u00f6nhet i Polen - Polen Travel (SV)","og_description":"Guide till Polens spa och sanatorier. Njut av lugna kurorter, naturliga mineralvatten och \u00e5terh\u00e4mtning i vacker natur fr\u00e5n kust till berg.","og_url":"https:\/\/www.polen.travel\/sv\/halsa-i-polen\/","og_site_name":"Polen Travel (SV)","article_modified_time":"2026-02-05T15:01:09+00:00","og_image":[{"width":1600,"height":1067,"url":"https:\/\/www.polen.travel\/sv\/wp-content\/uploads\/sites\/22\/2026\/02\/AdobeStock_79883653.jpg","type":"image\/jpeg"}],"twitter_card":"summary_large_image","twitter_misc":{"Szacowany czas czytania":"2 minuty"},"schema":{"@context":"https:\/\/schema.org","@graph":[{"@type":"WebPage","@id":"https:\/\/www.polen.travel\/sv\/halsa-i-polen\/","url":"https:\/\/www.polen.travel\/sv\/halsa-i-polen\/","name":"H\u00e4lsa och sk\u00f6nhet i Polen - Polen Travel (SV)","isPartOf":{"@id":"https:\/\/wp-sv.poland.travel\/#website"},"primaryImageOfPage":{"@id":"https:\/\/www.polen.travel\/sv\/halsa-i-polen\/#primaryimage"},"image":{"@id":"https:\/\/www.polen.travel\/sv\/halsa-i-polen\/#primaryimage"},"thumbnailUrl":"https:\/\/www.polen.travel\/sv\/wp-content\/uploads\/sites\/22\/2026\/02\/AdobeStock_79883653.jpg","datePublished":"2026-01-29T14:27:21+00:00","dateModified":"2026-02-05T15:01:09+00:00","description":"Guide till Polens spa och sanatorier. Njut av lugna kurorter, naturliga mineralvatten och \u00e5terh\u00e4mtning i vacker natur fr\u00e5n kust till berg.","breadcrumb":{"@id":"https:\/\/www.polen.travel\/sv\/halsa-i-polen\/#breadcrumb"},"inLanguage":"pl-PL","potentialAction":[{"@type":"ReadAction","target":["https:\/\/www.polen.travel\/sv\/halsa-i-polen\/"]}]},{"@type":"ImageObject","inLanguage":"pl-PL","@id":"https:\/\/www.polen.travel\/sv\/halsa-i-polen\/#primaryimage","url":"https:\/\/www.polen.travel\/sv\/wp-content\/uploads\/sites\/22\/2026\/02\/AdobeStock_79883653.jpg","contentUrl":"https:\/\/www.polen.travel\/sv\/wp-content\/uploads\/sites\/22\/2026\/02\/AdobeStock_79883653.jpg","width":1600,"height":1067},{"@type":"BreadcrumbList","@id":"https:\/\/www.polen.travel\/sv\/halsa-i-polen\/#breadcrumb","itemListElement":[{"@type":"ListItem","position":1,"name":"Home page","item":"https:\/\/www.polen.travel\/sv\/"},{"@type":"ListItem","position":2,"name":"H\u00e4lsa och sk\u00f6nhet i Polen"}]},{"@type":"WebSite","@id":"https:\/\/wp-sv.poland.travel\/#website","url":"https:\/\/wp-sv.poland.travel\/","name":"Polen Travel","description":"...","alternateName":"Polen.travel \u2013 Officiell turistguide till Polen","potentialAction":[{"@type":"SearchAction","target":{"@type":"EntryPoint","urlTemplate":"https:\/\/wp-sv.poland.travel\/?s={search_term_string}"},"query-input":{"@type":"PropertyValueSpecification","valueRequired":true,"valueName":"search_term_string"}}],"inLanguage":"pl-PL"}]}},"_links":{"self":[{"href":"https:\/\/www.polen.travel\/sv\/wp-json\/wp\/v2\/pages\/42922","targetHints":{"allow":["GET"]}}],"collection":[{"href":"https:\/\/www.polen.travel\/sv\/wp-json\/wp\/v2\/pages"}],"about":[{"href":"https:\/\/www.polen.travel\/sv\/wp-json\/wp\/v2\/types\/page"}],"author":[{"embeddable":true,"href":"https:\/\/www.polen.travel\/sv\/wp-json\/wp\/v2\/users\/32"}],"replies":[{"embeddable":true,"href":"https:\/\/www.polen.travel\/sv\/wp-json\/wp\/v2\/comments?post=42922"}],"version-history":[{"count":12,"href":"https:\/\/www.polen.travel\/sv\/wp-json\/wp\/v2\/pages\/42922\/revisions"}],"predecessor-version":[{"id":43089,"href":"https:\/\/www.polen.travel\/sv\/wp-json\/wp\/v2\/pages\/42922\/revisions\/43089"}],"wp:featuredmedia":[{"embeddable":true,"href":"https:\/\/www.polen.travel\/sv\/wp-json\/wp\/v2\/media\/43091"}],"wp:attachment":[{"href":"https:\/\/www.polen.travel\/sv\/wp-json\/wp\/v2\/media?parent=42922"}],"curies":[{"name":"wp","href":"https:\/\/api.w.org\/{rel}","templated":true}]}}