{"id":39867,"date":"2025-03-26T10:06:01","date_gmt":"2025-03-26T09:06:01","guid":{"rendered":"https:\/\/www.polen.travel\/sv\/dolda-parlor\/"},"modified":"2026-03-26T10:57:55","modified_gmt":"2026-03-26T09:57:55","slug":"minnesmarken-i-polen","status":"publish","type":"page","link":"https:\/\/www.polen.travel\/sv\/minnesmarken-i-polen\/","title":{"rendered":"Minnesm\u00e4rken"},"content":{"rendered":"\n<div class=\"wp-block-group is-style-container-medium\"><div class=\"wp-block-group__inner-container is-layout-constrained wp-block-group-is-layout-constrained\">\n<h1 class=\"wp-block-heading\">Minnesm\u00e4rken<\/h1>\n\n\n\n<div style=\"height:25px\" aria-hidden=\"true\" class=\"wp-block-spacer\"><\/div>\n\n\n\n<p><strong>Polen<\/strong> \u00e4r fullt av <strong>minnesm\u00e4rken<\/strong> som ber\u00e4ttar om landets l\u00e5nga och m\u00e5ngskiftande historia. H\u00e4r finns allt fr\u00e5n kungliga <strong>slott<\/strong> och st\u00e5tliga <strong>palats<\/strong> till gamla <strong>kyrkor<\/strong>, <strong>synagogor<\/strong>, <strong>f\u00e4stningar<\/strong> och historiska stadsmilj\u00f6er. Tillsammans speglar de olika epoker, traditioner och kulturer som har format landet genom \u00e5rhundradena.<\/p>\n\n\n\n<p>M\u00e5nga av Polens minnesm\u00e4rken \u00e4r n\u00e4ra knutna till b\u00e5de religion och vardagsliv. I olika delar av landet kan man uppt\u00e4cka <strong>katolska kyrkor<\/strong>, <strong>ortodoxa helgedomar<\/strong>, <strong>judiska l\u00e4mningar<\/strong> och andra byggnader som vittnar om ett rikt och m\u00e5ngreligi\u00f6st arv. Det g\u00f6r resan genom Polen extra intressant f\u00f6r den som vill f\u00f6rst\u00e5 landets kultur p\u00e5 djupet.<\/p>\n\n\n\n<p>Bland de mest fascinerande sev\u00e4rdheterna finns ocks\u00e5 \u00e4ldre <strong>tr\u00e4kyrkor<\/strong>, historiska <strong>kloster<\/strong>, charmiga <strong>marknadstorg<\/strong> och g\u00e5tfulla <strong>fornl\u00e4mningar<\/strong>. Vissa platser imponerar med sin arkitektur, andra med sin stillhet och symboliska betydelse. Ofta \u00e4r det just kombinationen av historia, milj\u00f6 och ber\u00e4ttelser som g\u00f6r dem s\u00e5 minnesv\u00e4rda.<\/p>\n\n\n\n<p>Att uppt\u00e4cka <strong>minnesm\u00e4rken i Polen<\/strong> \u00e4r d\u00e4rf\u00f6r mer \u00e4n att se vackra byggnader. Det \u00e4r ocks\u00e5 en resa genom landets identitet, d\u00e4r varje plats b\u00e4r p\u00e5 sp\u00e5r av m\u00e4nniskor, tro, traditioner och avg\u00f6rande historiska h\u00e4ndelser.<\/p>\n<\/div><\/div>\n\n\n\n<div class=\"wp-block-group is-style-container\"><div class=\"wp-block-group__inner-container is-layout-constrained wp-block-group-is-layout-constrained\">\n<div style=\"height:50px\" aria-hidden=\"true\" class=\"wp-block-spacer\"><\/div>\n\n\n\n  <div class=\"links-tiles links-tiles--rows-2-3\" id=\"listing\">\n            <div class=\"links-tiles__item\">\n                      <a href=\"https:\/\/www.polen.travel\/sv\/judiskt-kulturarv-i-polen-platser-historia-och-levande-traditioner\/\" class=\"link-box\" style=\" background-image: url(https:\/\/www.polen.travel\/sv\/wp-content\/uploads\/sites\/22\/2026\/03\/warszawa_festiwal_singera_1170_1.jpg);\">\n              <div class=\"link-box__hover\" style=\"background-image: url(https:\/\/www.polen.travel\/sv\/wp-content\/uploads\/sites\/22\/2026\/03\/warszawa_festiwal_singera_1170_2-1200x800.jpg);\"><\/div>\n        <div class=\"link-box__info\">\n      <div class=\"link-box__title\">Judiskt kulturarv i Polen \u2013 platser, historia och levande traditioner<\/div>\n      <div class=\"link-box__more\">Se mer<\/div>\n    <\/div>\n  <\/a>\n\n          <\/div>\n                  <div class=\"links-tiles__item\">\n                      <a href=\"https:\/\/www.polen.travel\/sv\/bochnia-den-aldsta-saltgruvan\/\" class=\"link-box\" style=\" background-image: url(https:\/\/www.polen.travel\/sv\/wp-content\/uploads\/sites\/22\/2025\/05\/Bochnia-kopalnia-soli-60-2-1200x800.jpg);\">\n              <div class=\"link-box__hover\" style=\"background-image: url(https:\/\/www.polen.travel\/sv\/wp-content\/uploads\/sites\/22\/2025\/05\/T0A8770-OK-1200x805.jpg);\"><\/div>\n        <div class=\"link-box__info\">\n      <div class=\"link-box__title\">Bochnia &#8211; den \u00e4ldsta saltgruvan<\/div>\n      <div class=\"link-box__more\">Se mer<\/div>\n    <\/div>\n  <\/a>\n\n          <\/div>\n                  <div class=\"links-tiles__item\">\n                      <a href=\"https:\/\/www.polen.travel\/sv\/minnesmarken-av-hogsta-rang\/\" class=\"link-box\" style=\" background-image: url(https:\/\/www.polen.travel\/sv\/wp-content\/uploads\/sites\/22\/2023\/07\/inscenizacja_bitwy_pod_grunwaldem_1_1170.jpg);\">\n              <div class=\"link-box__hover\" style=\"background-image: url(https:\/\/www.polen.travel\/sv\/wp-content\/uploads\/sites\/22\/2022\/12\/cieszyn_stary_cmentarz_zydowski_fot.renata_karpinska_1170.jpg);\"><\/div>\n        <div class=\"link-box__info\">\n      <div class=\"link-box__title\">Minnesm\u00e4rken av h\u00f6gsta rang<\/div>\n      <div class=\"link-box__more\">Se mer<\/div>\n    <\/div>\n  <\/a>\n\n          <\/div>\n                  <div class=\"links-tiles__item\">\n                      <a href=\"https:\/\/www.polen.travel\/sv\/judiska-minnesmarken\/\" class=\"link-box\" style=\" background-image: url(https:\/\/www.polen.travel\/sv\/wp-content\/uploads\/sites\/22\/2025\/03\/7472_Sejny_synagoga_KK_HR.jpg);\">\n              <div class=\"link-box__hover\" style=\"background-image: url(https:\/\/www.polen.travel\/sv\/wp-content\/uploads\/sites\/22\/2025\/03\/AdobeStock_220114860_Krakow_Kazimierz.jpg);\"><\/div>\n        <div class=\"link-box__info\">\n      <div class=\"link-box__title\">Judiska minnesm\u00e4rken<\/div>\n      <div class=\"link-box__more\">Se mer<\/div>\n    <\/div>\n  <\/a>\n\n          <\/div>\n                  <div class=\"links-tiles__item\">\n                      <a href=\"https:\/\/www.polen.travel\/sv\/mariakyrkan-i-krakow\/\" class=\"link-box\" style=\" background-image: url(https:\/\/www.polen.travel\/sv\/wp-content\/uploads\/sites\/22\/2025\/03\/wnetrze-kosciola-Mariackiego-129.jpg);\">\n              <div class=\"link-box__hover\" style=\"background-image: url(https:\/\/www.polen.travel\/sv\/wp-content\/uploads\/sites\/22\/2025\/03\/Krak_kosc_Mariacki_oltarz_TP_16633_20120215.jpg);\"><\/div>\n        <div class=\"link-box__info\">\n      <div class=\"link-box__title\">Mariakyrkan i Krakow<\/div>\n      <div class=\"link-box__more\">Se mer<\/div>\n    <\/div>\n  <\/a>\n\n          <\/div>\n                  <div class=\"links-tiles__item\">\n                      <a href=\"https:\/\/www.polen.travel\/sv\/swieta-lipka-en-polsk-barockparla\/\" class=\"link-box\" style=\" background-image: url(https:\/\/www.polen.travel\/sv\/wp-content\/uploads\/sites\/22\/2025\/03\/uwi\u00aeta-Lipka-128.jpg);\">\n              <div class=\"link-box__hover\" style=\"background-image: url(https:\/\/www.polen.travel\/sv\/wp-content\/uploads\/sites\/22\/2025\/03\/uwi\u00aeta-Lipka-150.jpg);\"><\/div>\n        <div class=\"link-box__info\">\n      <div class=\"link-box__title\">Swieta Lipka &#8211; en polsk barockp\u00e4rla<\/div>\n      <div class=\"link-box__more\">Se mer<\/div>\n    <\/div>\n  <\/a>\n\n          <\/div>\n                  <div class=\"links-tiles__item\">\n                      <a href=\"https:\/\/www.polen.travel\/sv\/kalwaria-zebrzydowska-3\/\" class=\"link-box\" style=\" background-image: url(https:\/\/www.polen.travel\/sv\/wp-content\/uploads\/sites\/22\/2025\/03\/AdobeStock_25570201-1200x800.jpeg);\">\n              <div class=\"link-box__hover\" style=\"background-image: url(https:\/\/www.polen.travel\/sv\/wp-content\/uploads\/sites\/22\/2025\/03\/AdobeStock_876528828-1200x900.jpeg);\"><\/div>\n        <div class=\"link-box__info\">\n      <div class=\"link-box__title\">Birgittakyrkan i Gdansk<\/div>\n      <div class=\"link-box__more\">Se mer<\/div>\n    <\/div>\n  <\/a>\n\n          <\/div>\n                  <div class=\"links-tiles__item\">\n                      <a href=\"https:\/\/www.polen.travel\/sv\/kalwaria-zebrzydowska-2\/\" class=\"link-box\" style=\" background-image: url(https:\/\/www.polen.travel\/sv\/wp-content\/uploads\/sites\/22\/2025\/03\/2126_Kalwiaria-Zebrzydowska-Dom-Pielgrzyma_MC_HR.jpg);\">\n              <div class=\"link-box__hover\" style=\"background-image: url(https:\/\/www.polen.travel\/sv\/wp-content\/uploads\/sites\/22\/2025\/03\/2629_Kalwiaria-Zebrzydowska-Dom-Pielgrzyma2_MC_HR.jpg);\"><\/div>\n        <div class=\"link-box__info\">\n      <div class=\"link-box__title\">Kalwaria Zebrzydowska<\/div>\n      <div class=\"link-box__more\">Se mer<\/div>\n    <\/div>\n  <\/a>\n\n          <\/div>\n                  <div class=\"links-tiles__item\">\n                      <a href=\"https:\/\/www.polen.travel\/sv\/czestochowa-katolska-polens-hjarta\/\" class=\"link-box\" style=\" background-image: url(https:\/\/www.polen.travel\/sv\/wp-content\/uploads\/sites\/22\/2025\/03\/Jasna_Gora_GettyImages-925657524.jpg);\">\n              <div class=\"link-box__hover\" style=\"background-image: url(https:\/\/www.polen.travel\/sv\/wp-content\/uploads\/sites\/22\/2025\/03\/287245676_Jasna_Gora_Czestochowa_Adobe.jpg);\"><\/div>\n        <div class=\"link-box__info\">\n      <div class=\"link-box__title\">Czestochowa &#8211; katolska Polens hj\u00e4rta<\/div>\n      <div class=\"link-box__more\">Se mer<\/div>\n    <\/div>\n  <\/a>\n\n          <\/div>\n                  <div class=\"links-tiles__item\">\n                      <a href=\"https:\/\/www.polen.travel\/sv\/lichen-den-storsta-kyrkan-i-polen\/\" class=\"link-box\" style=\" background-image: url(https:\/\/www.polen.travel\/sv\/wp-content\/uploads\/sites\/22\/2025\/03\/Lichen-1-Maciej-Maciejewski.jpg_compressed.jpeg);\">\n              <div class=\"link-box__hover\" style=\"background-image: url(https:\/\/www.polen.travel\/sv\/wp-content\/uploads\/sites\/22\/2025\/03\/Lichen_Bazylika_2.jpg);\"><\/div>\n        <div class=\"link-box__info\">\n      <div class=\"link-box__title\">Liche\u0144 &#8211; Den st\u00f6rsta kyrkan i Polen<\/div>\n      <div class=\"link-box__more\">Se mer<\/div>\n    <\/div>\n  <\/a>\n\n          <\/div>\n                  <div class=\"links-tiles__item\">\n                      <a href=\"https:\/\/www.polen.travel\/sv\/sanktuarium-och-kultplatser\/\" class=\"link-box\" style=\" background-image: url(https:\/\/www.polen.travel\/sv\/wp-content\/uploads\/sites\/22\/2025\/03\/Lichen_Bazylika_2.jpg);\">\n              <div class=\"link-box__hover\" style=\"background-image: url(https:\/\/www.polen.travel\/sv\/wp-content\/uploads\/sites\/22\/2025\/03\/Lichen_Bazylika_2.jpg);\"><\/div>\n        <div class=\"link-box__info\">\n      <div class=\"link-box__title\">Sanktuarium och kultplatser<\/div>\n      <div class=\"link-box__more\">Se mer<\/div>\n    <\/div>\n  <\/a>\n\n          <\/div>\n                  <div class=\"links-tiles__item\">\n                      <a href=\"https:\/\/www.polen.travel\/sv\/domkyrkan-i-gdansk-oliwa\/\" class=\"link-box\" style=\" background-image: url(https:\/\/www.polen.travel\/sv\/wp-content\/uploads\/sites\/22\/2025\/03\/Gdansk-Oliwa-204.jpg);\">\n              <div class=\"link-box__hover\" style=\"background-image: url(https:\/\/www.polen.travel\/sv\/wp-content\/uploads\/sites\/22\/2025\/03\/Gdansk-Oliwa-204.jpg);\"><\/div>\n        <div class=\"link-box__info\">\n      <div class=\"link-box__title\">Domkyrkan i Gdansk Oliwa<\/div>\n      <div class=\"link-box__more\">Se mer<\/div>\n    <\/div>\n  <\/a>\n\n          <\/div>\n                  <div class=\"links-tiles__item\">\n                      <a href=\"https:\/\/www.polen.travel\/sv\/sakrala-minnesmarken\/\" class=\"link-box\" style=\" background-image: url(https:\/\/www.polen.travel\/sv\/wp-content\/uploads\/sites\/22\/2025\/03\/AdobeStock_410189255_Kalwaria_Zebrzydowska-St._Mary_Basilica_in_Bernardine_Order.jpg);\">\n              <div class=\"link-box__hover\" style=\"background-image: url(https:\/\/www.polen.travel\/sv\/wp-content\/uploads\/sites\/22\/2025\/03\/AdobeStock_123221223_Kalwaria_Zebrzydowska.jpg);\"><\/div>\n        <div class=\"link-box__info\">\n      <div class=\"link-box__title\">Sakrala minnesm\u00e4rken<\/div>\n      <div class=\"link-box__more\">Se mer<\/div>\n    <\/div>\n  <\/a>\n\n          <\/div>\n                  <div class=\"links-tiles__item\">\n                      <a href=\"https:\/\/www.polen.travel\/sv\/biskupin-ett-samhalle-som-fanns-for-2700-ar-sedan\/\" class=\"link-box\" style=\" background-image: url(https:\/\/www.polen.travel\/sv\/wp-content\/uploads\/sites\/22\/2024\/09\/AdobeStock_472515039_Biskupin.jpg);\">\n              <div class=\"link-box__hover\" style=\"background-image: url(https:\/\/www.polen.travel\/sv\/wp-content\/uploads\/sites\/22\/2024\/09\/AdobeStock_241043562_Biskupin.jpg);\"><\/div>\n        <div class=\"link-box__info\">\n      <div class=\"link-box__title\">Biskupin &#8211; ett samh\u00e4lle som fanns f\u00f6r 2700 \u00e5r sedan<\/div>\n      <div class=\"link-box__more\">Se mer<\/div>\n    <\/div>\n  <\/a>\n\n          <\/div>\n                  <div class=\"links-tiles__item\">\n                      <a href=\"https:\/\/www.polen.travel\/sv\/turistleden-piastowski\/\" class=\"link-box\" style=\" background-image: url(https:\/\/www.polen.travel\/sv\/wp-content\/uploads\/sites\/22\/2025\/03\/2024-08-POT-002_Gniezno_drzwi.jpg);\">\n              <div class=\"link-box__hover\" style=\"background-image: url(https:\/\/www.polen.travel\/sv\/wp-content\/uploads\/sites\/22\/2025\/03\/2024-08-POT-002_Gniezno_drzwi.jpg);\"><\/div>\n        <div class=\"link-box__info\">\n      <div class=\"link-box__title\">Turistleden Piastowski<\/div>\n      <div class=\"link-box__more\">Se mer<\/div>\n    <\/div>\n  <\/a>\n\n          <\/div>\n                  <div class=\"links-tiles__item\">\n                      <a href=\"https:\/\/www.polen.travel\/sv\/svenska-leden\/\" class=\"link-box\" style=\" background-image: url(https:\/\/www.polen.travel\/sv\/wp-content\/uploads\/sites\/22\/2025\/03\/46637748_Golub_Dobrzyn_zamek_krzyzacki-1.jpg);\">\n              <div class=\"link-box__hover\" style=\"background-image: url(https:\/\/www.polen.travel\/sv\/wp-content\/uploads\/sites\/22\/2025\/03\/46637748_Golub_Dobrzyn_zamek_krzyzacki-1.jpg);\"><\/div>\n        <div class=\"link-box__info\">\n      <div class=\"link-box__title\">Svenska leden<\/div>\n      <div class=\"link-box__more\">Se mer<\/div>\n    <\/div>\n  <\/a>\n\n          <\/div>\n                  <div class=\"links-tiles__item\">\n                      <a href=\"https:\/\/www.polen.travel\/sv\/statliga-museet-auschwitz-birkenau\/\" class=\"link-box\" style=\" background-image: url(https:\/\/www.polen.travel\/sv\/wp-content\/uploads\/sites\/22\/2022\/12\/Plansza-2-Auschwitz-Birkenau-miniatura-2.jpg);\">\n              <div class=\"link-box__hover\" style=\"background-image: url(https:\/\/www.polen.travel\/sv\/wp-content\/uploads\/sites\/22\/2022\/12\/Plansza-2-Auschwitz-Birkenau-miniatura-1.jpg);\"><\/div>\n        <div class=\"link-box__info\">\n      <div class=\"link-box__title\">Statliga Museet Auschwitz-Birkenau<\/div>\n      <div class=\"link-box__more\">Se mer<\/div>\n    <\/div>\n  <\/a>\n\n          <\/div>\n            <\/div>\n  \n\n\n\n<div style=\"height:100px\" aria-hidden=\"true\" class=\"wp-block-spacer\"><\/div>\n<\/div><\/div>\n","protected":false},"excerpt":{"rendered":"<p>Minnesm\u00e4rken Polen \u00e4r fullt av minnesm\u00e4rken som ber\u00e4ttar om landets l\u00e5nga och m\u00e5ngskiftande historia. H\u00e4r finns allt fr\u00e5n kungliga slott och st\u00e5tliga palats till gamla kyrkor, synagogor, f\u00e4stningar och historiska stadsmilj\u00f6er. Tillsammans speglar de olika epoker, traditioner och kulturer som har format landet genom \u00e5rhundradena. M\u00e5nga av Polens minnesm\u00e4rken \u00e4r n\u00e4ra knutna till b\u00e5de religion [&hellip;]<\/p>\n","protected":false},"author":32,"featured_media":38975,"parent":0,"menu_order":0,"comment_status":"closed","ping_status":"closed","template":"","meta":{"_acf_changed":false,"footnotes":""},"class_list":["post-39867","page","type-page","status-publish","has-post-thumbnail","hentry"],"acf":[],"yoast_head":"<!-- This site is optimized with the Yoast SEO plugin v27.4 - https:\/\/yoast.com\/product\/yoast-seo-wordpress\/ -->\n<title>Minnesm\u00e4rken - Polen Travel (SV)<\/title>\n<meta name=\"description\" content=\"Utforska Polens minnesm\u00e4rken \u2013 platser som ber\u00e4ttar landets historia, \u00e4ra och tragedier. Uppt\u00e4ck monument, minnesplatser och symboler \u00f6ver nationens minne och styrka.\" \/>\n<meta name=\"robots\" content=\"index, follow, max-snippet:-1, max-image-preview:large, max-video-preview:-1\" \/>\n<link rel=\"canonical\" href=\"https:\/\/www.polen.travel\/sv\/minnesmarken-i-polen\/\" \/>\n<meta property=\"og:locale\" content=\"pl_PL\" \/>\n<meta property=\"og:type\" content=\"article\" \/>\n<meta property=\"og:title\" content=\"Minnesm\u00e4rken - Polen Travel (SV)\" \/>\n<meta property=\"og:description\" content=\"Utforska Polens minnesm\u00e4rken \u2013 platser som ber\u00e4ttar landets historia, \u00e4ra och tragedier. Uppt\u00e4ck monument, minnesplatser och symboler \u00f6ver nationens minne och styrka.\" \/>\n<meta property=\"og:url\" content=\"https:\/\/www.polen.travel\/sv\/minnesmarken-i-polen\/\" \/>\n<meta property=\"og:site_name\" content=\"Polen Travel (SV)\" \/>\n<meta property=\"article:modified_time\" content=\"2026-03-26T09:57:55+00:00\" \/>\n<meta property=\"og:image\" content=\"https:\/\/www.polen.travel\/sv\/wp-content\/uploads\/sites\/22\/2024\/09\/Muzeum-Powstania-Warszawskiego-29-2.jpg\" \/>\n\t<meta property=\"og:image:width\" content=\"1024\" \/>\n\t<meta property=\"og:image:height\" content=\"683\" \/>\n\t<meta property=\"og:image:type\" content=\"image\/jpeg\" \/>\n<meta name=\"twitter:card\" content=\"summary_large_image\" \/>\n<meta name=\"twitter:label1\" content=\"Szacowany czas czytania\" \/>\n\t<meta name=\"twitter:data1\" content=\"2 minuty\" \/>\n<script type=\"application\/ld+json\" class=\"yoast-schema-graph\">{\"@context\":\"https:\\\/\\\/schema.org\",\"@graph\":[{\"@type\":\"WebPage\",\"@id\":\"https:\\\/\\\/www.polen.travel\\\/sv\\\/minnesmarken-i-polen\\\/\",\"url\":\"https:\\\/\\\/www.polen.travel\\\/sv\\\/minnesmarken-i-polen\\\/\",\"name\":\"Minnesm\u00e4rken - Polen Travel (SV)\",\"isPartOf\":{\"@id\":\"https:\\\/\\\/wp-sv.poland.travel\\\/#website\"},\"primaryImageOfPage\":{\"@id\":\"https:\\\/\\\/www.polen.travel\\\/sv\\\/minnesmarken-i-polen\\\/#primaryimage\"},\"image\":{\"@id\":\"https:\\\/\\\/www.polen.travel\\\/sv\\\/minnesmarken-i-polen\\\/#primaryimage\"},\"thumbnailUrl\":\"https:\\\/\\\/www.polen.travel\\\/sv\\\/wp-content\\\/uploads\\\/sites\\\/22\\\/2024\\\/09\\\/Muzeum-Powstania-Warszawskiego-29-2.jpg\",\"datePublished\":\"2025-03-26T09:06:01+00:00\",\"dateModified\":\"2026-03-26T09:57:55+00:00\",\"description\":\"Utforska Polens minnesm\u00e4rken \u2013 platser som ber\u00e4ttar landets historia, \u00e4ra och tragedier. Uppt\u00e4ck monument, minnesplatser och symboler \u00f6ver nationens minne och styrka.\",\"breadcrumb\":{\"@id\":\"https:\\\/\\\/www.polen.travel\\\/sv\\\/minnesmarken-i-polen\\\/#breadcrumb\"},\"inLanguage\":\"pl-PL\",\"potentialAction\":[{\"@type\":\"ReadAction\",\"target\":[\"https:\\\/\\\/www.polen.travel\\\/sv\\\/minnesmarken-i-polen\\\/\"]}]},{\"@type\":\"ImageObject\",\"inLanguage\":\"pl-PL\",\"@id\":\"https:\\\/\\\/www.polen.travel\\\/sv\\\/minnesmarken-i-polen\\\/#primaryimage\",\"url\":\"https:\\\/\\\/www.polen.travel\\\/sv\\\/wp-content\\\/uploads\\\/sites\\\/22\\\/2024\\\/09\\\/Muzeum-Powstania-Warszawskiego-29-2.jpg\",\"contentUrl\":\"https:\\\/\\\/www.polen.travel\\\/sv\\\/wp-content\\\/uploads\\\/sites\\\/22\\\/2024\\\/09\\\/Muzeum-Powstania-Warszawskiego-29-2.jpg\",\"width\":1024,\"height\":683},{\"@type\":\"BreadcrumbList\",\"@id\":\"https:\\\/\\\/www.polen.travel\\\/sv\\\/minnesmarken-i-polen\\\/#breadcrumb\",\"itemListElement\":[{\"@type\":\"ListItem\",\"position\":1,\"name\":\"Home page\",\"item\":\"https:\\\/\\\/www.polen.travel\\\/sv\\\/\"},{\"@type\":\"ListItem\",\"position\":2,\"name\":\"Minnesm\u00e4rken\"}]},{\"@type\":\"WebSite\",\"@id\":\"https:\\\/\\\/wp-sv.poland.travel\\\/#website\",\"url\":\"https:\\\/\\\/wp-sv.poland.travel\\\/\",\"name\":\"Polen Travel\",\"description\":\"...\",\"alternateName\":\"Polen.travel \u2013 Officiell turistguide till Polen\",\"potentialAction\":[{\"@type\":\"SearchAction\",\"target\":{\"@type\":\"EntryPoint\",\"urlTemplate\":\"https:\\\/\\\/wp-sv.poland.travel\\\/?s={search_term_string}\"},\"query-input\":{\"@type\":\"PropertyValueSpecification\",\"valueRequired\":true,\"valueName\":\"search_term_string\"}}],\"inLanguage\":\"pl-PL\"}]}<\/script>\n<!-- \/ Yoast SEO plugin. -->","yoast_head_json":{"title":"Minnesm\u00e4rken - Polen Travel (SV)","description":"Utforska Polens minnesm\u00e4rken \u2013 platser som ber\u00e4ttar landets historia, \u00e4ra och tragedier. Uppt\u00e4ck monument, minnesplatser och symboler \u00f6ver nationens minne och styrka.","robots":{"index":"index","follow":"follow","max-snippet":"max-snippet:-1","max-image-preview":"max-image-preview:large","max-video-preview":"max-video-preview:-1"},"canonical":"https:\/\/www.polen.travel\/sv\/minnesmarken-i-polen\/","og_locale":"pl_PL","og_type":"article","og_title":"Minnesm\u00e4rken - Polen Travel (SV)","og_description":"Utforska Polens minnesm\u00e4rken \u2013 platser som ber\u00e4ttar landets historia, \u00e4ra och tragedier. Uppt\u00e4ck monument, minnesplatser och symboler \u00f6ver nationens minne och styrka.","og_url":"https:\/\/www.polen.travel\/sv\/minnesmarken-i-polen\/","og_site_name":"Polen Travel (SV)","article_modified_time":"2026-03-26T09:57:55+00:00","og_image":[{"width":1024,"height":683,"url":"https:\/\/www.polen.travel\/sv\/wp-content\/uploads\/sites\/22\/2024\/09\/Muzeum-Powstania-Warszawskiego-29-2.jpg","type":"image\/jpeg"}],"twitter_card":"summary_large_image","twitter_misc":{"Szacowany czas czytania":"2 minuty"},"schema":{"@context":"https:\/\/schema.org","@graph":[{"@type":"WebPage","@id":"https:\/\/www.polen.travel\/sv\/minnesmarken-i-polen\/","url":"https:\/\/www.polen.travel\/sv\/minnesmarken-i-polen\/","name":"Minnesm\u00e4rken - Polen Travel (SV)","isPartOf":{"@id":"https:\/\/wp-sv.poland.travel\/#website"},"primaryImageOfPage":{"@id":"https:\/\/www.polen.travel\/sv\/minnesmarken-i-polen\/#primaryimage"},"image":{"@id":"https:\/\/www.polen.travel\/sv\/minnesmarken-i-polen\/#primaryimage"},"thumbnailUrl":"https:\/\/www.polen.travel\/sv\/wp-content\/uploads\/sites\/22\/2024\/09\/Muzeum-Powstania-Warszawskiego-29-2.jpg","datePublished":"2025-03-26T09:06:01+00:00","dateModified":"2026-03-26T09:57:55+00:00","description":"Utforska Polens minnesm\u00e4rken \u2013 platser som ber\u00e4ttar landets historia, \u00e4ra och tragedier. Uppt\u00e4ck monument, minnesplatser och symboler \u00f6ver nationens minne och styrka.","breadcrumb":{"@id":"https:\/\/www.polen.travel\/sv\/minnesmarken-i-polen\/#breadcrumb"},"inLanguage":"pl-PL","potentialAction":[{"@type":"ReadAction","target":["https:\/\/www.polen.travel\/sv\/minnesmarken-i-polen\/"]}]},{"@type":"ImageObject","inLanguage":"pl-PL","@id":"https:\/\/www.polen.travel\/sv\/minnesmarken-i-polen\/#primaryimage","url":"https:\/\/www.polen.travel\/sv\/wp-content\/uploads\/sites\/22\/2024\/09\/Muzeum-Powstania-Warszawskiego-29-2.jpg","contentUrl":"https:\/\/www.polen.travel\/sv\/wp-content\/uploads\/sites\/22\/2024\/09\/Muzeum-Powstania-Warszawskiego-29-2.jpg","width":1024,"height":683},{"@type":"BreadcrumbList","@id":"https:\/\/www.polen.travel\/sv\/minnesmarken-i-polen\/#breadcrumb","itemListElement":[{"@type":"ListItem","position":1,"name":"Home page","item":"https:\/\/www.polen.travel\/sv\/"},{"@type":"ListItem","position":2,"name":"Minnesm\u00e4rken"}]},{"@type":"WebSite","@id":"https:\/\/wp-sv.poland.travel\/#website","url":"https:\/\/wp-sv.poland.travel\/","name":"Polen Travel","description":"...","alternateName":"Polen.travel \u2013 Officiell turistguide till Polen","potentialAction":[{"@type":"SearchAction","target":{"@type":"EntryPoint","urlTemplate":"https:\/\/wp-sv.poland.travel\/?s={search_term_string}"},"query-input":{"@type":"PropertyValueSpecification","valueRequired":true,"valueName":"search_term_string"}}],"inLanguage":"pl-PL"}]}},"_links":{"self":[{"href":"https:\/\/www.polen.travel\/sv\/wp-json\/wp\/v2\/pages\/39867","targetHints":{"allow":["GET"]}}],"collection":[{"href":"https:\/\/www.polen.travel\/sv\/wp-json\/wp\/v2\/pages"}],"about":[{"href":"https:\/\/www.polen.travel\/sv\/wp-json\/wp\/v2\/types\/page"}],"author":[{"embeddable":true,"href":"https:\/\/www.polen.travel\/sv\/wp-json\/wp\/v2\/users\/32"}],"replies":[{"embeddable":true,"href":"https:\/\/www.polen.travel\/sv\/wp-json\/wp\/v2\/comments?post=39867"}],"version-history":[{"count":6,"href":"https:\/\/www.polen.travel\/sv\/wp-json\/wp\/v2\/pages\/39867\/revisions"}],"predecessor-version":[{"id":46659,"href":"https:\/\/www.polen.travel\/sv\/wp-json\/wp\/v2\/pages\/39867\/revisions\/46659"}],"wp:featuredmedia":[{"embeddable":true,"href":"https:\/\/www.polen.travel\/sv\/wp-json\/wp\/v2\/media\/38975"}],"wp:attachment":[{"href":"https:\/\/www.polen.travel\/sv\/wp-json\/wp\/v2\/media?parent=39867"}],"curies":[{"name":"wp","href":"https:\/\/api.w.org\/{rel}","templated":true}]}}