{"id":37915,"date":"2025-01-22T12:10:21","date_gmt":"2025-01-22T11:10:21","guid":{"rendered":"https:\/\/www.polen.travel\/sv\/?page_id=37915"},"modified":"2026-03-12T11:42:29","modified_gmt":"2026-03-12T10:42:29","slug":"for-tour-operators-and-travel-agents","status":"publish","type":"page","link":"https:\/\/www.polen.travel\/sv\/for-tour-operators-and-travel-agents\/","title":{"rendered":"For tour operators and travel agents"},"content":{"rendered":"\n<div class=\"wp-block-group is-style-container\"><div class=\"wp-block-group__inner-container is-layout-constrained wp-block-group-is-layout-constrained\">\n<h2 class=\"wp-block-heading\">For tour operators and travel agents<\/h2>\n\n\n\n<div style=\"height:100px\" aria-hidden=\"true\" class=\"wp-block-spacer is-style-spacer-small\"><\/div>\n\n\n\n<p>We are updating our database with the latest information about your offer to Poland, and we need your help.<br>If you&#8217;re a tour operator selling trips to Polish destinations, please take a few seconds to answer our questions.<br>Just let us know some basic information about your company, the categories of your available offers, and the destinations you cover in your catalogue.<br>It&#8217;s easy for You!<\/p>\n\n\n\n<div style=\"height:100px\" aria-hidden=\"true\" class=\"wp-block-spacer is-style-spacer-small\"><\/div>\n\n\n\n<figure class=\"wp-block-gallery has-nested-images columns-default is-cropped wp-block-gallery-1 is-layout-flex wp-block-gallery-is-layout-flex\">\n<figure class=\"wp-block-image size-large\"><img loading=\"lazy\" decoding=\"async\" width=\"1200\" height=\"800\" data-id=\"33616\" src=\"https:\/\/www.polen.travel\/sv\/wp-content\/uploads\/sites\/22\/2024\/09\/1296_Tatry-Giewont-Kasprowy_PG_HR-4.jpg\" alt=\"\" class=\"wp-image-33616\" srcset=\"https:\/\/www.polen.travel\/sv\/wp-content\/uploads\/sites\/22\/2024\/09\/1296_Tatry-Giewont-Kasprowy_PG_HR-4.jpg 1200w, https:\/\/www.polen.travel\/sv\/wp-content\/uploads\/sites\/22\/2024\/09\/1296_Tatry-Giewont-Kasprowy_PG_HR-4-600x400.jpg 600w, https:\/\/www.polen.travel\/sv\/wp-content\/uploads\/sites\/22\/2024\/09\/1296_Tatry-Giewont-Kasprowy_PG_HR-4-768x512.jpg 768w\" sizes=\"auto, (max-width: 1200px) 100vw, 1200px\" \/><\/figure>\n\n\n\n<figure class=\"wp-block-image size-large\"><img loading=\"lazy\" decoding=\"async\" width=\"1170\" height=\"780\" data-id=\"34030\" src=\"https:\/\/www.polen.travel\/sv\/wp-content\/uploads\/sites\/22\/2024\/09\/krakow_rynek_2_1170-3.jpg\" alt=\"\" class=\"wp-image-34030\" srcset=\"https:\/\/www.polen.travel\/sv\/wp-content\/uploads\/sites\/22\/2024\/09\/krakow_rynek_2_1170-3.jpg 1170w, https:\/\/www.polen.travel\/sv\/wp-content\/uploads\/sites\/22\/2024\/09\/krakow_rynek_2_1170-3-600x400.jpg 600w, https:\/\/www.polen.travel\/sv\/wp-content\/uploads\/sites\/22\/2024\/09\/krakow_rynek_2_1170-3-768x512.jpg 768w\" sizes=\"auto, (max-width: 1170px) 100vw, 1170px\" \/><\/figure>\n<\/figure>\n\n\n\n<div style=\"height:100px\" aria-hidden=\"true\" class=\"wp-block-spacer is-style-spacer-small\"><\/div>\n<\/div><\/div>\n\n\n\n<div class=\"wp-block-group is-style-container\"><div class=\"wp-block-group__inner-container is-layout-constrained wp-block-group-is-layout-constrained\">\n<div class=\"wp-block-contact-form-7-contact-form-selector\">\n<div class=\"wpcf7 no-js\" id=\"wpcf7-f37914-o1\" lang=\"pl-PL\" dir=\"ltr\" data-wpcf7-id=\"37914\">\n<div class=\"screen-reader-response\"><p role=\"status\" aria-live=\"polite\" aria-atomic=\"true\"><\/p> <ul><\/ul><\/div>\n<form action=\"\/sv\/wp-json\/wp\/v2\/pages\/37915#wpcf7-f37914-o1\" method=\"post\" class=\"wpcf7-form init\" aria-label=\"Formularz kontaktowy\" novalidate=\"novalidate\" data-status=\"init\">\n<fieldset class=\"hidden-fields-container\"><input type=\"hidden\" name=\"_wpcf7\" value=\"37914\" \/><input type=\"hidden\" name=\"_wpcf7_version\" value=\"6.1.5\" \/><input type=\"hidden\" name=\"_wpcf7_locale\" value=\"pl_PL\" \/><input type=\"hidden\" name=\"_wpcf7_unit_tag\" value=\"wpcf7-f37914-o1\" \/><input type=\"hidden\" name=\"_wpcf7_container_post\" value=\"0\" \/><input type=\"hidden\" name=\"_wpcf7_posted_data_hash\" value=\"\" \/><input type=\"hidden\" name=\"_wpcf7_recaptcha_response\" value=\"\" \/>\n<\/fieldset>\n<div class=\"pot-form\">\n\n  <div class=\"pot-row\">\n    <label>Company name: *<br>\n      <span class=\"wpcf7-form-control-wrap\" data-name=\"company-name\"><input size=\"40\" maxlength=\"400\" class=\"wpcf7-form-control wpcf7-text wpcf7-validates-as-required pot-input\" aria-required=\"true\" aria-invalid=\"false\" value=\"\" type=\"text\" name=\"company-name\" \/><\/span>\n    <\/label>\n  <\/div>\n\n  <div class=\"pot-row\">\n    <label>Company Addres (street name and post code)<br>\n      <span class=\"wpcf7-form-control-wrap\" data-name=\"company-address\"><input size=\"40\" maxlength=\"400\" class=\"wpcf7-form-control wpcf7-text pot-input\" aria-invalid=\"false\" value=\"\" type=\"text\" name=\"company-address\" \/><\/span>\n    <\/label>\n  <\/div>\n\n  <div class=\"pot-row\">\n    <label>City<br>\n      <span class=\"wpcf7-form-control-wrap\" data-name=\"city\"><input size=\"40\" maxlength=\"400\" class=\"wpcf7-form-control wpcf7-text pot-input\" aria-invalid=\"false\" value=\"\" type=\"text\" name=\"city\" \/><\/span>\n    <\/label>\n  <\/div>\n\n  <div class=\"pot-row\">\n    <label>Country *<br>\n      <span class=\"wpcf7-form-control-wrap\" data-name=\"country\"><input size=\"40\" maxlength=\"400\" class=\"wpcf7-form-control wpcf7-text wpcf7-validates-as-required pot-input\" aria-required=\"true\" aria-invalid=\"false\" value=\"\" type=\"text\" name=\"country\" \/><\/span>\n    <\/label>\n  <\/div>\n\n  <div class=\"pot-row\">\n    <label>Company website address:<br>\n      <span class=\"wpcf7-form-control-wrap\" data-name=\"company-website\"><input size=\"40\" maxlength=\"400\" class=\"wpcf7-form-control wpcf7-url wpcf7-text wpcf7-validates-as-url pot-input\" aria-invalid=\"false\" placeholder=\"https:\/\/www.\" value=\"\" type=\"url\" name=\"company-website\" \/><\/span>\n    <\/label>\n  <\/div>\n\n  <div class=\"pot-row\">\n    <label>Company email address: *<br>\n      <span class=\"wpcf7-form-control-wrap\" data-name=\"company-email\"><input size=\"40\" maxlength=\"400\" class=\"wpcf7-form-control wpcf7-email wpcf7-validates-as-required wpcf7-text wpcf7-validates-as-email pot-input\" aria-required=\"true\" aria-invalid=\"false\" value=\"\" type=\"email\" name=\"company-email\" \/><\/span>\n    <\/label>\n  <\/div>\n\n  <div class=\"pot-row\">\n    <label>Your email address:<br>\n      <span class=\"wpcf7-form-control-wrap\" data-name=\"your-email\"><input size=\"40\" maxlength=\"400\" class=\"wpcf7-form-control wpcf7-email wpcf7-text wpcf7-validates-as-email pot-input\" aria-invalid=\"false\" value=\"\" type=\"email\" name=\"your-email\" \/><\/span>\n    <\/label>\n  <\/div>\n\n  <div class=\"pot-row\">\n    <label>I\u2019d like to receive a newsletter. *<\/label><br>\n    [radio* newsletter-consent use_label_element default:2 \"Yes, I acknowledge the terms and conditions.**\" \"No\"]\n  <\/div>\n\n  <div class=\"pot-row\">\n    <label>Your company is working at these market(s): *<\/label><br>\n    <span class=\"wpcf7-form-control-wrap\" data-name=\"markets\"><span class=\"wpcf7-form-control wpcf7-checkbox wpcf7-validates-as-required\"><span class=\"wpcf7-list-item first\"><label><input type=\"checkbox\" name=\"markets[]\" value=\"Denmark\" \/><span class=\"wpcf7-list-item-label\">Denmark<\/span><\/label><\/span><span class=\"wpcf7-list-item\"><label><input type=\"checkbox\" name=\"markets[]\" value=\"Norway\" \/><span class=\"wpcf7-list-item-label\">Norway<\/span><\/label><\/span><span class=\"wpcf7-list-item\"><label><input type=\"checkbox\" name=\"markets[]\" value=\"Sweden\" \/><span class=\"wpcf7-list-item-label\">Sweden<\/span><\/label><\/span><span class=\"wpcf7-list-item last\"><label><input type=\"checkbox\" name=\"markets[]\" value=\"Finland\" \/><span class=\"wpcf7-list-item-label\">Finland<\/span><\/label><\/span><\/span><\/span>\n  <\/div>\n\n  <div class=\"pot-row\">\n    <label>Offer type *<\/label>\n    <div class=\"pot-two-col\">\n      <div>\n        <span class=\"wpcf7-form-control-wrap\" data-name=\"offer-type-left\"><span class=\"wpcf7-form-control wpcf7-checkbox wpcf7-validates-as-required\"><span class=\"wpcf7-list-item first\"><label><input type=\"checkbox\" name=\"offer-type-left[]\" value=\"Trips to Poland\" \/><span class=\"wpcf7-list-item-label\">Trips to Poland<\/span><\/label><\/span><span class=\"wpcf7-list-item\"><label><input type=\"checkbox\" name=\"offer-type-left[]\" value=\"Flights\" \/><span class=\"wpcf7-list-item-label\">Flights<\/span><\/label><\/span><span class=\"wpcf7-list-item\"><label><input type=\"checkbox\" name=\"offer-type-left[]\" value=\"Bus Tours\" \/><span class=\"wpcf7-list-item-label\">Bus Tours<\/span><\/label><\/span><span class=\"wpcf7-list-item\"><label><input type=\"checkbox\" name=\"offer-type-left[]\" value=\"Road Trips\" \/><span class=\"wpcf7-list-item-label\">Road Trips<\/span><\/label><\/span><span class=\"wpcf7-list-item last\"><label><input type=\"checkbox\" name=\"offer-type-left[]\" value=\"Other transport\" \/><span class=\"wpcf7-list-item-label\">Other transport<\/span><\/label><\/span><\/span><\/span>\n      <\/div>\n      <div>\n        <span class=\"wpcf7-form-control-wrap\" data-name=\"offer-type-right\"><span class=\"wpcf7-form-control wpcf7-checkbox wpcf7-validates-as-required\"><span class=\"wpcf7-list-item first\"><label><input type=\"checkbox\" name=\"offer-type-right[]\" value=\"Group Tours\" \/><span class=\"wpcf7-list-item-label\">Group Tours<\/span><\/label><\/span><span class=\"wpcf7-list-item\"><label><input type=\"checkbox\" name=\"offer-type-right[]\" value=\"Individual travels\" \/><span class=\"wpcf7-list-item-label\">Individual travels<\/span><\/label><\/span><span class=\"wpcf7-list-item\"><label><input type=\"checkbox\" name=\"offer-type-right[]\" value=\"Dedicated tours\" \/><span class=\"wpcf7-list-item-label\">Dedicated tours<\/span><\/label><\/span><span class=\"wpcf7-list-item\"><label><input type=\"checkbox\" name=\"offer-type-right[]\" value=\"MICE\" \/><span class=\"wpcf7-list-item-label\">MICE<\/span><\/label><\/span><span class=\"wpcf7-list-item last\"><label><input type=\"checkbox\" name=\"offer-type-right[]\" value=\"Other groups\" \/><span class=\"wpcf7-list-item-label\">Other groups<\/span><\/label><\/span><\/span><\/span>\n      <\/div>\n    <\/div>\n  <\/div>\n\n  <div class=\"pot-row\">\n    <label>Write what offers you propose \u2013 you can describe more types (e.g. educational trips, medical tourism, skiing trips, etc.):<br>\n      <span class=\"wpcf7-form-control-wrap\" data-name=\"offers\"><textarea cols=\"40\" rows=\"10\" maxlength=\"2000\" class=\"wpcf7-form-control wpcf7-textarea pot-textarea\" aria-invalid=\"false\" name=\"offers\"><\/textarea><\/span>\n    <\/label>\n  <\/div>\n\n  <div class=\"pot-row\">\n    <label>Please select the cities below to which you organize trips: *<\/label>\n    <div class=\"pot-two-col\">\n      <div>\n        <span class=\"wpcf7-form-control-wrap\" data-name=\"cities-left\"><span class=\"wpcf7-form-control wpcf7-checkbox wpcf7-validates-as-required\"><span class=\"wpcf7-list-item first\"><label><input type=\"checkbox\" name=\"cities-left[]\" value=\"Gda\u0144sk\" \/><span class=\"wpcf7-list-item-label\">Gda\u0144sk<\/span><\/label><\/span><span class=\"wpcf7-list-item\"><label><input type=\"checkbox\" name=\"cities-left[]\" value=\"Katowice\" \/><span class=\"wpcf7-list-item-label\">Katowice<\/span><\/label><\/span><span class=\"wpcf7-list-item\"><label><input type=\"checkbox\" name=\"cities-left[]\" value=\"Krak\u00f3w\" \/><span class=\"wpcf7-list-item-label\">Krak\u00f3w<\/span><\/label><\/span><span class=\"wpcf7-list-item\"><label><input type=\"checkbox\" name=\"cities-left[]\" value=\"Lublin\" \/><span class=\"wpcf7-list-item-label\">Lublin<\/span><\/label><\/span><span class=\"wpcf7-list-item last\"><label><input type=\"checkbox\" name=\"cities-left[]\" value=\"\u0141\u00f3d\u017a\" \/><span class=\"wpcf7-list-item-label\">\u0141\u00f3d\u017a<\/span><\/label><\/span><\/span><\/span>\n      <\/div>\n      <div>\n        <span class=\"wpcf7-form-control-wrap\" data-name=\"cities-right\"><span class=\"wpcf7-form-control wpcf7-checkbox wpcf7-validates-as-required\"><span class=\"wpcf7-list-item first\"><label><input type=\"checkbox\" name=\"cities-right[]\" value=\"Pozna\u0144\" \/><span class=\"wpcf7-list-item-label\">Pozna\u0144<\/span><\/label><\/span><span class=\"wpcf7-list-item\"><label><input type=\"checkbox\" name=\"cities-right[]\" value=\"Szczecin\" \/><span class=\"wpcf7-list-item-label\">Szczecin<\/span><\/label><\/span><span class=\"wpcf7-list-item\"><label><input type=\"checkbox\" name=\"cities-right[]\" value=\"Warszawa\" \/><span class=\"wpcf7-list-item-label\">Warszawa<\/span><\/label><\/span><span class=\"wpcf7-list-item\"><label><input type=\"checkbox\" name=\"cities-right[]\" value=\"Wroc\u0142aw\" \/><span class=\"wpcf7-list-item-label\">Wroc\u0142aw<\/span><\/label><\/span><span class=\"wpcf7-list-item last\"><label><input type=\"checkbox\" name=\"cities-right[]\" value=\"Other\" \/><span class=\"wpcf7-list-item-label\">Other<\/span><\/label><\/span><\/span><\/span>\n      <\/div>\n    <\/div>\n  <\/div>\n\n  <div class=\"pot-row\">\n    <label>In our company the offer to Poland is available:<\/label><br>\n    <span class=\"wpcf7-form-control-wrap\" data-name=\"poland-availability\"><span class=\"wpcf7-form-control wpcf7-checkbox\"><span class=\"wpcf7-list-item first\"><label><input type=\"checkbox\" name=\"poland-availability[]\" value=\"On request\" \/><span class=\"wpcf7-list-item-label\">On request<\/span><\/label><\/span><span class=\"wpcf7-list-item\"><label><input type=\"checkbox\" name=\"poland-availability[]\" value=\"In catalogue\" \/><span class=\"wpcf7-list-item-label\">In catalogue<\/span><\/label><\/span><span class=\"wpcf7-list-item\"><label><input type=\"checkbox\" name=\"poland-availability[]\" value=\"On the website\" \/><span class=\"wpcf7-list-item-label\">On the website<\/span><\/label><\/span><span class=\"wpcf7-list-item\"><label><input type=\"checkbox\" name=\"poland-availability[]\" value=\"As dynamic package\" \/><span class=\"wpcf7-list-item-label\">As dynamic package<\/span><\/label><\/span><span class=\"wpcf7-list-item last\"><label><input type=\"checkbox\" name=\"poland-availability[]\" value=\"Other\" \/><span class=\"wpcf7-list-item-label\">Other<\/span><\/label><\/span><\/span><\/span>\n  <\/div>\n\n  <div class=\"pot-row\">\n    <label>Mobil nr:<br>\n      <span class=\"wpcf7-form-control-wrap\" data-name=\"mobile\"><input size=\"40\" maxlength=\"400\" class=\"wpcf7-form-control wpcf7-tel wpcf7-text wpcf7-validates-as-tel pot-input\" aria-invalid=\"false\" placeholder=\"00\" value=\"\" type=\"tel\" name=\"mobile\" \/><\/span>\n    <\/label>\n  <\/div>\n\n  <div class=\"pot-row pot-submit-wrap\">\n    <input class=\"wpcf7-form-control wpcf7-submit has-spinner pot-submit\" type=\"submit\" value=\"SKICKA IN\" \/>\n  <\/div>\n\n  <div class=\"pot-notes\">\n    <p>** Terms and conditions for the storage of my personal data.<\/p>\n    <p>*** Read more about how we handle your data: <a href=\"\/privacy-policy\/\">privacy policy<\/a>.<\/p>\n  <\/div>\n\n<\/div><div class=\"wpcf7-response-output\" aria-hidden=\"true\"><\/div>\n<\/form>\n<\/div>\n<\/div>\n<\/div><\/div>\n","protected":false},"excerpt":{"rendered":"<p>For tour operators and travel agents We are updating our database with the latest information about your offer to Poland, and we need your help.If you&#8217;re a tour operator selling trips to Polish destinations, please take a few seconds to answer our questions.Just let us know some basic information about your company, the categories of [&hellip;]<\/p>\n","protected":false},"author":4,"featured_media":0,"parent":0,"menu_order":0,"comment_status":"closed","ping_status":"closed","template":"","meta":{"_acf_changed":false,"footnotes":""},"class_list":["post-37915","page","type-page","status-publish","hentry"],"acf":[],"yoast_head":"<!-- This site is optimized with the Yoast SEO plugin v27.4 - https:\/\/yoast.com\/product\/yoast-seo-wordpress\/ -->\n<title>For tour operators and travel agents - Polen Travel (SV)<\/title>\n<meta name=\"robots\" content=\"index, follow, max-snippet:-1, max-image-preview:large, max-video-preview:-1\" \/>\n<link rel=\"canonical\" href=\"https:\/\/www.polen.travel\/sv\/for-tour-operators-and-travel-agents\/\" \/>\n<meta property=\"og:locale\" content=\"pl_PL\" \/>\n<meta property=\"og:type\" content=\"article\" \/>\n<meta property=\"og:title\" content=\"For tour operators and travel agents - Polen Travel (SV)\" \/>\n<meta property=\"og:description\" content=\"For tour operators and travel agents We are updating our database with the latest information about your offer to Poland, and we need your help.If you&#8217;re a tour operator selling trips to Polish destinations, please take a few seconds to answer our questions.Just let us know some basic information about your company, the categories of [&hellip;]\" \/>\n<meta property=\"og:url\" content=\"https:\/\/www.polen.travel\/sv\/for-tour-operators-and-travel-agents\/\" \/>\n<meta property=\"og:site_name\" content=\"Polen Travel (SV)\" \/>\n<meta property=\"article:modified_time\" content=\"2026-03-12T10:42:29+00:00\" \/>\n<meta property=\"og:image\" content=\"https:\/\/www.polen.travel\/sv\/wp-content\/uploads\/sites\/22\/2024\/09\/1296_Tatry-Giewont-Kasprowy_PG_HR-4.jpg\" \/>\n\t<meta property=\"og:image:width\" content=\"1200\" \/>\n\t<meta property=\"og:image:height\" content=\"800\" \/>\n\t<meta property=\"og:image:type\" content=\"image\/jpeg\" \/>\n<meta name=\"twitter:card\" content=\"summary_large_image\" \/>\n<meta name=\"twitter:label1\" content=\"Szacowany czas czytania\" \/>\n\t<meta name=\"twitter:data1\" content=\"1 minuta\" \/>\n<script type=\"application\/ld+json\" class=\"yoast-schema-graph\">{\"@context\":\"https:\\\/\\\/schema.org\",\"@graph\":[{\"@type\":\"WebPage\",\"@id\":\"https:\\\/\\\/www.polen.travel\\\/sv\\\/for-tour-operators-and-travel-agents\\\/\",\"url\":\"https:\\\/\\\/www.polen.travel\\\/sv\\\/for-tour-operators-and-travel-agents\\\/\",\"name\":\"For tour operators and travel agents - Polen Travel (SV)\",\"isPartOf\":{\"@id\":\"https:\\\/\\\/wp-sv.poland.travel\\\/#website\"},\"primaryImageOfPage\":{\"@id\":\"https:\\\/\\\/www.polen.travel\\\/sv\\\/for-tour-operators-and-travel-agents\\\/#primaryimage\"},\"image\":{\"@id\":\"https:\\\/\\\/www.polen.travel\\\/sv\\\/for-tour-operators-and-travel-agents\\\/#primaryimage\"},\"thumbnailUrl\":\"https:\\\/\\\/www.polen.travel\\\/sv\\\/wp-content\\\/uploads\\\/sites\\\/22\\\/2024\\\/09\\\/1296_Tatry-Giewont-Kasprowy_PG_HR-4.jpg\",\"datePublished\":\"2025-01-22T11:10:21+00:00\",\"dateModified\":\"2026-03-12T10:42:29+00:00\",\"breadcrumb\":{\"@id\":\"https:\\\/\\\/www.polen.travel\\\/sv\\\/for-tour-operators-and-travel-agents\\\/#breadcrumb\"},\"inLanguage\":\"pl-PL\",\"potentialAction\":[{\"@type\":\"ReadAction\",\"target\":[\"https:\\\/\\\/www.polen.travel\\\/sv\\\/for-tour-operators-and-travel-agents\\\/\"]}]},{\"@type\":\"ImageObject\",\"inLanguage\":\"pl-PL\",\"@id\":\"https:\\\/\\\/www.polen.travel\\\/sv\\\/for-tour-operators-and-travel-agents\\\/#primaryimage\",\"url\":\"https:\\\/\\\/www.polen.travel\\\/sv\\\/wp-content\\\/uploads\\\/sites\\\/22\\\/2024\\\/09\\\/1296_Tatry-Giewont-Kasprowy_PG_HR-4.jpg\",\"contentUrl\":\"https:\\\/\\\/www.polen.travel\\\/sv\\\/wp-content\\\/uploads\\\/sites\\\/22\\\/2024\\\/09\\\/1296_Tatry-Giewont-Kasprowy_PG_HR-4.jpg\",\"width\":1200,\"height\":800},{\"@type\":\"BreadcrumbList\",\"@id\":\"https:\\\/\\\/www.polen.travel\\\/sv\\\/for-tour-operators-and-travel-agents\\\/#breadcrumb\",\"itemListElement\":[{\"@type\":\"ListItem\",\"position\":1,\"name\":\"Home page\",\"item\":\"https:\\\/\\\/www.polen.travel\\\/sv\\\/\"},{\"@type\":\"ListItem\",\"position\":2,\"name\":\"For tour operators and travel agents\"}]},{\"@type\":\"WebSite\",\"@id\":\"https:\\\/\\\/wp-sv.poland.travel\\\/#website\",\"url\":\"https:\\\/\\\/wp-sv.poland.travel\\\/\",\"name\":\"Polen Travel\",\"description\":\"...\",\"alternateName\":\"Polen.travel \u2013 Officiell turistguide till Polen\",\"potentialAction\":[{\"@type\":\"SearchAction\",\"target\":{\"@type\":\"EntryPoint\",\"urlTemplate\":\"https:\\\/\\\/wp-sv.poland.travel\\\/?s={search_term_string}\"},\"query-input\":{\"@type\":\"PropertyValueSpecification\",\"valueRequired\":true,\"valueName\":\"search_term_string\"}}],\"inLanguage\":\"pl-PL\"}]}<\/script>\n<!-- \/ Yoast SEO plugin. -->","yoast_head_json":{"title":"For tour operators and travel agents - Polen Travel (SV)","robots":{"index":"index","follow":"follow","max-snippet":"max-snippet:-1","max-image-preview":"max-image-preview:large","max-video-preview":"max-video-preview:-1"},"canonical":"https:\/\/www.polen.travel\/sv\/for-tour-operators-and-travel-agents\/","og_locale":"pl_PL","og_type":"article","og_title":"For tour operators and travel agents - Polen Travel (SV)","og_description":"For tour operators and travel agents We are updating our database with the latest information about your offer to Poland, and we need your help.If you&#8217;re a tour operator selling trips to Polish destinations, please take a few seconds to answer our questions.Just let us know some basic information about your company, the categories of [&hellip;]","og_url":"https:\/\/www.polen.travel\/sv\/for-tour-operators-and-travel-agents\/","og_site_name":"Polen Travel (SV)","article_modified_time":"2026-03-12T10:42:29+00:00","og_image":[{"width":1200,"height":800,"url":"https:\/\/www.polen.travel\/sv\/wp-content\/uploads\/sites\/22\/2024\/09\/1296_Tatry-Giewont-Kasprowy_PG_HR-4.jpg","type":"image\/jpeg"}],"twitter_card":"summary_large_image","twitter_misc":{"Szacowany czas czytania":"1 minuta"},"schema":{"@context":"https:\/\/schema.org","@graph":[{"@type":"WebPage","@id":"https:\/\/www.polen.travel\/sv\/for-tour-operators-and-travel-agents\/","url":"https:\/\/www.polen.travel\/sv\/for-tour-operators-and-travel-agents\/","name":"For tour operators and travel agents - Polen Travel (SV)","isPartOf":{"@id":"https:\/\/wp-sv.poland.travel\/#website"},"primaryImageOfPage":{"@id":"https:\/\/www.polen.travel\/sv\/for-tour-operators-and-travel-agents\/#primaryimage"},"image":{"@id":"https:\/\/www.polen.travel\/sv\/for-tour-operators-and-travel-agents\/#primaryimage"},"thumbnailUrl":"https:\/\/www.polen.travel\/sv\/wp-content\/uploads\/sites\/22\/2024\/09\/1296_Tatry-Giewont-Kasprowy_PG_HR-4.jpg","datePublished":"2025-01-22T11:10:21+00:00","dateModified":"2026-03-12T10:42:29+00:00","breadcrumb":{"@id":"https:\/\/www.polen.travel\/sv\/for-tour-operators-and-travel-agents\/#breadcrumb"},"inLanguage":"pl-PL","potentialAction":[{"@type":"ReadAction","target":["https:\/\/www.polen.travel\/sv\/for-tour-operators-and-travel-agents\/"]}]},{"@type":"ImageObject","inLanguage":"pl-PL","@id":"https:\/\/www.polen.travel\/sv\/for-tour-operators-and-travel-agents\/#primaryimage","url":"https:\/\/www.polen.travel\/sv\/wp-content\/uploads\/sites\/22\/2024\/09\/1296_Tatry-Giewont-Kasprowy_PG_HR-4.jpg","contentUrl":"https:\/\/www.polen.travel\/sv\/wp-content\/uploads\/sites\/22\/2024\/09\/1296_Tatry-Giewont-Kasprowy_PG_HR-4.jpg","width":1200,"height":800},{"@type":"BreadcrumbList","@id":"https:\/\/www.polen.travel\/sv\/for-tour-operators-and-travel-agents\/#breadcrumb","itemListElement":[{"@type":"ListItem","position":1,"name":"Home page","item":"https:\/\/www.polen.travel\/sv\/"},{"@type":"ListItem","position":2,"name":"For tour operators and travel agents"}]},{"@type":"WebSite","@id":"https:\/\/wp-sv.poland.travel\/#website","url":"https:\/\/wp-sv.poland.travel\/","name":"Polen Travel","description":"...","alternateName":"Polen.travel \u2013 Officiell turistguide till Polen","potentialAction":[{"@type":"SearchAction","target":{"@type":"EntryPoint","urlTemplate":"https:\/\/wp-sv.poland.travel\/?s={search_term_string}"},"query-input":{"@type":"PropertyValueSpecification","valueRequired":true,"valueName":"search_term_string"}}],"inLanguage":"pl-PL"}]}},"_links":{"self":[{"href":"https:\/\/www.polen.travel\/sv\/wp-json\/wp\/v2\/pages\/37915","targetHints":{"allow":["GET"]}}],"collection":[{"href":"https:\/\/www.polen.travel\/sv\/wp-json\/wp\/v2\/pages"}],"about":[{"href":"https:\/\/www.polen.travel\/sv\/wp-json\/wp\/v2\/types\/page"}],"author":[{"embeddable":true,"href":"https:\/\/www.polen.travel\/sv\/wp-json\/wp\/v2\/users\/4"}],"replies":[{"embeddable":true,"href":"https:\/\/www.polen.travel\/sv\/wp-json\/wp\/v2\/comments?post=37915"}],"version-history":[{"count":5,"href":"https:\/\/www.polen.travel\/sv\/wp-json\/wp\/v2\/pages\/37915\/revisions"}],"predecessor-version":[{"id":45078,"href":"https:\/\/www.polen.travel\/sv\/wp-json\/wp\/v2\/pages\/37915\/revisions\/45078"}],"wp:attachment":[{"href":"https:\/\/www.polen.travel\/sv\/wp-json\/wp\/v2\/media?parent=37915"}],"curies":[{"name":"wp","href":"https:\/\/api.w.org\/{rel}","templated":true}]}}