{"id":37717,"date":"2025-01-08T14:19:11","date_gmt":"2025-01-08T13:19:11","guid":{"rendered":"https:\/\/www.polen.travel\/sv\/?page_id=37717"},"modified":"2025-01-08T14:19:12","modified_gmt":"2025-01-08T13:19:12","slug":"bransch","status":"publish","type":"page","link":"https:\/\/www.polen.travel\/sv\/bransch\/","title":{"rendered":"Bransch"},"content":{"rendered":"\n<div class=\"wp-block-group is-style-container\"><div class=\"wp-block-group__inner-container is-layout-constrained wp-block-group-is-layout-constrained\">\n<h2 class=\"wp-block-heading\"><a href=\"https:\/\/www.polen.travel\/sv\/kontakt-press-bransch\">Bransch<\/a><\/h2>\n\n\n\n<div style=\"height:100px\" aria-hidden=\"true\" class=\"wp-block-spacer is-style-spacer-small\"><\/div>\n\n\n\n  <div class=\"links-tiles links-tiles--rows-2-3\" id=\"listing\">\n            <div class=\"links-tiles__item\">\n                      <a href=\"https:\/\/www.polen.travel\/sv\/targi-matka-i-ferie-for-alle-zaproszenie-do-udzialu-na-polskim-stoisku-narodowym\/\" class=\"link-box\" style=\" background-image: url(https:\/\/www.polen.travel\/sv\/wp-content\/uploads\/sites\/22\/2025\/11\/POT_2025_Helsinki_V0_01_A-1200x800.jpg);\">\n              <div class=\"link-box__hover\" style=\"background-image: url(https:\/\/www.polen.travel\/sv\/wp-content\/uploads\/sites\/22\/2025\/11\/POT_2025_Helsinki_V0_01_A-1200x800.jpg);\"><\/div>\n        <div class=\"link-box__info\">\n      <div class=\"link-box__title\">Targi Ferie For Alle &#8211; zaproszenie do udzialu<\/div>\n      <div class=\"link-box__more\">Se mer<\/div>\n    <\/div>\n  <\/a>\n\n          <\/div>\n                  <div class=\"links-tiles__item\">\n                      <a href=\"https:\/\/www.polen.travel\/sv\/upptack-krakow-skraddarsydda-resor-for-svenska-resenarer-med-krakowresor\/\" class=\"link-box\" style=\" background-image: url(https:\/\/www.polen.travel\/sv\/wp-content\/uploads\/sites\/22\/2024\/09\/adobestock_204214782_krakow_1200x800.jpg);\">\n            <div class=\"link-box__info\">\n      <div class=\"link-box__title\">Uppt\u00e4ck Krak\u00f3w: skr\u00e4ddarsydda resor f\u00f6r svenska resen\u00e4rer med Krakowresor<\/div>\n      <div class=\"link-box__more\">Se mer<\/div>\n    <\/div>\n  <\/a>\n\n          <\/div>\n                  <div class=\"links-tiles__item\">\n                      <a href=\"https:\/\/www.polen.travel\/sv\/forslag-pa-samarbete-med-en-lokal-dmc-i-krakow\/\" class=\"link-box\" style=\" background-image: url(https:\/\/www.polen.travel\/sv\/wp-content\/uploads\/sites\/22\/2024\/09\/krakow_rynek_noca_1170-4.jpg);\">\n            <div class=\"link-box__info\">\n      <div class=\"link-box__title\">F\u00f6rslag p\u00e5 samarbete med en lokal DMC i Krak\u00f3w<\/div>\n      <div class=\"link-box__more\">Se mer<\/div>\n    <\/div>\n  <\/a>\n\n          <\/div>\n                  <div class=\"links-tiles__item\">\n                      <a href=\"https:\/\/www.polen.travel\/sv\/tips-konferenslokal-pa-sheraton-sopot\/\" class=\"link-box\" style=\" background-image: url(https:\/\/www.polen.travel\/sv\/wp-content\/uploads\/sites\/22\/2024\/09\/Christopher20Columbus20bankiet.png);\">\n            <div class=\"link-box__info\">\n      <div class=\"link-box__title\">TIPS: Konferenslokal p\u00e5 Sheraton Sopot!<\/div>\n      <div class=\"link-box__more\">Se mer<\/div>\n    <\/div>\n  <\/a>\n\n          <\/div>\n                  <div class=\"links-tiles__item\">\n                      <a href=\"https:\/\/www.polen.travel\/sv\/orientarium-zoo-lodz\/\" class=\"link-box\" style=\" background-image: url(https:\/\/www.polen.travel\/sv\/wp-content\/uploads\/sites\/22\/2024\/09\/orientarium-1200x799.jpg);\">\n            <div class=\"link-box__info\">\n      <div class=\"link-box__title\">ORIENTARIUM ZOO \u0141\u00d3D\u0179<\/div>\n      <div class=\"link-box__more\">Se mer<\/div>\n    <\/div>\n  <\/a>\n\n          <\/div>\n                  <div class=\"links-tiles__item\">\n                      <a href=\"https:\/\/www.polen.travel\/sv\/rediscover-central-europe-region\/\" class=\"link-box\" style=\" background-image: url(https:\/\/www.polen.travel\/sv\/wp-content\/uploads\/sites\/22\/2024\/09\/food_01.jpg);\">\n            <div class=\"link-box__info\">\n      <div class=\"link-box__title\">(RE)DISCOVER CENTRAL EUROPE REGION!<\/div>\n      <div class=\"link-box__more\">Se mer<\/div>\n    <\/div>\n  <\/a>\n\n          <\/div>\n            <\/div>\n  \n\n\n\n<div style=\"height:100px\" aria-hidden=\"true\" class=\"wp-block-spacer is-style-spacer-small\"><\/div>\n<\/div><\/div>\n","protected":false},"excerpt":{"rendered":"<p>Bransch<\/p>\n","protected":false},"author":4,"featured_media":0,"parent":0,"menu_order":0,"comment_status":"closed","ping_status":"closed","template":"","meta":{"_acf_changed":false,"footnotes":""},"class_list":["post-37717","page","type-page","status-publish","hentry"],"acf":[],"yoast_head":"<!-- This site is optimized with the Yoast SEO plugin v27.4 - https:\/\/yoast.com\/product\/yoast-seo-wordpress\/ -->\n<title>Bransch - Polen Travel (SV)<\/title>\n<meta name=\"robots\" content=\"index, follow, max-snippet:-1, max-image-preview:large, max-video-preview:-1\" \/>\n<link rel=\"canonical\" href=\"https:\/\/wp-sv.poland.travel\/bransch\/\" \/>\n<meta property=\"og:locale\" content=\"pl_PL\" \/>\n<meta property=\"og:type\" content=\"article\" \/>\n<meta property=\"og:title\" content=\"Bransch - Polen Travel (SV)\" \/>\n<meta property=\"og:description\" content=\"Bransch\" \/>\n<meta property=\"og:url\" content=\"https:\/\/wp-sv.poland.travel\/bransch\/\" \/>\n<meta property=\"og:site_name\" content=\"Polen Travel (SV)\" \/>\n<meta property=\"article:modified_time\" content=\"2025-01-08T13:19:12+00:00\" \/>\n<meta property=\"og:image\" content=\"https:\/\/www.polen.travel\/sv\/wp-content\/uploads\/sites\/22\/2025\/11\/GDA.jpg\" \/>\n\t<meta property=\"og:image:width\" content=\"1200\" \/>\n\t<meta property=\"og:image:height\" content=\"675\" \/>\n\t<meta property=\"og:image:type\" content=\"image\/jpeg\" \/>\n<meta name=\"twitter:card\" content=\"summary_large_image\" \/>\n<meta name=\"twitter:label1\" content=\"Szacowany czas czytania\" \/>\n\t<meta name=\"twitter:data1\" content=\"1 minuta\" \/>\n<script type=\"application\/ld+json\" class=\"yoast-schema-graph\">{\"@context\":\"https:\\\/\\\/schema.org\",\"@graph\":[{\"@type\":\"WebPage\",\"@id\":\"https:\\\/\\\/wp-sv.poland.travel\\\/bransch\\\/\",\"url\":\"https:\\\/\\\/wp-sv.poland.travel\\\/bransch\\\/\",\"name\":\"Bransch - Polen Travel (SV)\",\"isPartOf\":{\"@id\":\"https:\\\/\\\/wp-sv.poland.travel\\\/#website\"},\"datePublished\":\"2025-01-08T13:19:11+00:00\",\"dateModified\":\"2025-01-08T13:19:12+00:00\",\"breadcrumb\":{\"@id\":\"https:\\\/\\\/wp-sv.poland.travel\\\/bransch\\\/#breadcrumb\"},\"inLanguage\":\"pl-PL\",\"potentialAction\":[{\"@type\":\"ReadAction\",\"target\":[\"https:\\\/\\\/wp-sv.poland.travel\\\/bransch\\\/\"]}]},{\"@type\":\"BreadcrumbList\",\"@id\":\"https:\\\/\\\/wp-sv.poland.travel\\\/bransch\\\/#breadcrumb\",\"itemListElement\":[{\"@type\":\"ListItem\",\"position\":1,\"name\":\"Home page\",\"item\":\"https:\\\/\\\/www.polen.travel\\\/sv\\\/\"},{\"@type\":\"ListItem\",\"position\":2,\"name\":\"Bransch\"}]},{\"@type\":\"WebSite\",\"@id\":\"https:\\\/\\\/wp-sv.poland.travel\\\/#website\",\"url\":\"https:\\\/\\\/wp-sv.poland.travel\\\/\",\"name\":\"Polen Travel\",\"description\":\"...\",\"alternateName\":\"Polen.travel \u2013 Officiell turistguide till Polen\",\"potentialAction\":[{\"@type\":\"SearchAction\",\"target\":{\"@type\":\"EntryPoint\",\"urlTemplate\":\"https:\\\/\\\/wp-sv.poland.travel\\\/?s={search_term_string}\"},\"query-input\":{\"@type\":\"PropertyValueSpecification\",\"valueRequired\":true,\"valueName\":\"search_term_string\"}}],\"inLanguage\":\"pl-PL\"}]}<\/script>\n<!-- \/ Yoast SEO plugin. -->","yoast_head_json":{"title":"Bransch - Polen Travel (SV)","robots":{"index":"index","follow":"follow","max-snippet":"max-snippet:-1","max-image-preview":"max-image-preview:large","max-video-preview":"max-video-preview:-1"},"canonical":"https:\/\/wp-sv.poland.travel\/bransch\/","og_locale":"pl_PL","og_type":"article","og_title":"Bransch - Polen Travel (SV)","og_description":"Bransch","og_url":"https:\/\/wp-sv.poland.travel\/bransch\/","og_site_name":"Polen Travel (SV)","article_modified_time":"2025-01-08T13:19:12+00:00","og_image":[{"width":1200,"height":675,"url":"https:\/\/www.polen.travel\/sv\/wp-content\/uploads\/sites\/22\/2025\/11\/GDA.jpg","type":"image\/jpeg"}],"twitter_card":"summary_large_image","twitter_misc":{"Szacowany czas czytania":"1 minuta"},"schema":{"@context":"https:\/\/schema.org","@graph":[{"@type":"WebPage","@id":"https:\/\/wp-sv.poland.travel\/bransch\/","url":"https:\/\/wp-sv.poland.travel\/bransch\/","name":"Bransch - Polen Travel (SV)","isPartOf":{"@id":"https:\/\/wp-sv.poland.travel\/#website"},"datePublished":"2025-01-08T13:19:11+00:00","dateModified":"2025-01-08T13:19:12+00:00","breadcrumb":{"@id":"https:\/\/wp-sv.poland.travel\/bransch\/#breadcrumb"},"inLanguage":"pl-PL","potentialAction":[{"@type":"ReadAction","target":["https:\/\/wp-sv.poland.travel\/bransch\/"]}]},{"@type":"BreadcrumbList","@id":"https:\/\/wp-sv.poland.travel\/bransch\/#breadcrumb","itemListElement":[{"@type":"ListItem","position":1,"name":"Home page","item":"https:\/\/www.polen.travel\/sv\/"},{"@type":"ListItem","position":2,"name":"Bransch"}]},{"@type":"WebSite","@id":"https:\/\/wp-sv.poland.travel\/#website","url":"https:\/\/wp-sv.poland.travel\/","name":"Polen Travel","description":"...","alternateName":"Polen.travel \u2013 Officiell turistguide till Polen","potentialAction":[{"@type":"SearchAction","target":{"@type":"EntryPoint","urlTemplate":"https:\/\/wp-sv.poland.travel\/?s={search_term_string}"},"query-input":{"@type":"PropertyValueSpecification","valueRequired":true,"valueName":"search_term_string"}}],"inLanguage":"pl-PL"}]}},"_links":{"self":[{"href":"https:\/\/www.polen.travel\/sv\/wp-json\/wp\/v2\/pages\/37717","targetHints":{"allow":["GET"]}}],"collection":[{"href":"https:\/\/www.polen.travel\/sv\/wp-json\/wp\/v2\/pages"}],"about":[{"href":"https:\/\/www.polen.travel\/sv\/wp-json\/wp\/v2\/types\/page"}],"author":[{"embeddable":true,"href":"https:\/\/www.polen.travel\/sv\/wp-json\/wp\/v2\/users\/4"}],"replies":[{"embeddable":true,"href":"https:\/\/www.polen.travel\/sv\/wp-json\/wp\/v2\/comments?post=37717"}],"version-history":[{"count":3,"href":"https:\/\/www.polen.travel\/sv\/wp-json\/wp\/v2\/pages\/37717\/revisions"}],"predecessor-version":[{"id":37720,"href":"https:\/\/www.polen.travel\/sv\/wp-json\/wp\/v2\/pages\/37717\/revisions\/37720"}],"wp:attachment":[{"href":"https:\/\/www.polen.travel\/sv\/wp-json\/wp\/v2\/media?parent=37717"}],"curies":[{"name":"wp","href":"https:\/\/api.w.org\/{rel}","templated":true}]}}