{"id":37570,"date":"2025-01-07T11:48:07","date_gmt":"2025-01-07T10:48:07","guid":{"rendered":"https:\/\/www.polen.travel\/sv\/?page_id=37570"},"modified":"2025-04-01T11:47:59","modified_gmt":"2025-04-01T09:47:59","slug":"information-om-polen","status":"publish","type":"page","link":"https:\/\/www.polen.travel\/sv\/information-om-polen\/","title":{"rendered":"Information om Polen"},"content":{"rendered":"\n<div class=\"wp-block-group is-style-container\"><div class=\"wp-block-group__inner-container is-layout-constrained wp-block-group-is-layout-constrained\">\n<h2 class=\"wp-block-heading\">Information om Polen<\/h2>\n\n\n\n<div style=\"height:100px\" aria-hidden=\"true\" class=\"wp-block-spacer is-style-spacer-small\"><\/div>\n\n\n\n<figure class=\"wp-block-image size-full\"><img loading=\"lazy\" decoding=\"async\" width=\"1170\" height=\"300\" src=\"https:\/\/www.polen.travel\/sv\/wp-content\/uploads\/sites\/22\/2025\/01\/flag_pl.jpg\" alt=\"\" class=\"wp-image-37533\" srcset=\"https:\/\/www.polen.travel\/sv\/wp-content\/uploads\/sites\/22\/2025\/01\/flag_pl.jpg 1170w, https:\/\/www.polen.travel\/sv\/wp-content\/uploads\/sites\/22\/2025\/01\/flag_pl-600x154.jpg 600w, https:\/\/www.polen.travel\/sv\/wp-content\/uploads\/sites\/22\/2025\/01\/flag_pl-768x197.jpg 768w\" sizes=\"auto, (max-width: 1170px) 100vw, 1170px\" \/><\/figure>\n\n\n\n<div style=\"height:100px\" aria-hidden=\"true\" class=\"wp-block-spacer is-style-spacer-small\"><\/div>\n\n\n\n<div class=\"wp-block-columns is-layout-flex wp-container-core-columns-is-layout-9d6595d7 wp-block-columns-is-layout-flex\">\n<div class=\"wp-block-column is-layout-flow wp-block-column-is-layout-flow\">\n<p><strong>Huvudstad<\/strong>: Warszawa<\/p>\n\n\n\n<p><strong>Officiellt spr\u00e5k<\/strong>: polska<\/p>\n\n\n\n<p><strong>Gr\u00e4nsar till<\/strong>: Tyskland, Tjeckien, Slovakien, Ukraina,<br>Vitryssland, Litauen, Ryssland<\/p>\n\n\n\n<p><strong>Folkm\u00e4ngd (2008):<\/strong>&nbsp;38 milioner<\/p>\n\n\n\n<p><strong>Yta<\/strong>: 312 575 km<\/p>\n\n\n\n<p><strong>Tidzon<\/strong>: CET (UTC+1)<\/p>\n\n\n\n<p><strong>Klimat<\/strong>: milt, tempererat<\/p>\n\n\n\n<p><a href=\"https:\/\/www.polen.travel\/sv\/praktiska-tips\/valutavaxling?highlight=WyJwcmFrdGlza2EiLCJ0aXBzIiwicGVuZ2FyIiwicHJha3Rpc2thIHRpcHMiXQ==\" target=\"_blank\" rel=\"noreferrer noopener\"><strong>Valuta<\/strong>: zloty (PLN), 1 zloty=100 groszy<\/a><\/p>\n<\/div>\n\n\n\n<div class=\"wp-block-column is-layout-flow wp-block-column-is-layout-flow\">\n<p><strong>Statsskick<\/strong>: parlamentarisk demokrati<\/p>\n\n\n\n<p><strong>Medlemskap i<\/strong>: EU, NATO, FN, WHO, OECD<\/p>\n\n\n\n<p><strong>Helgdagar<\/strong>: 1 januari, 6 januari, p\u00e5skdagen, annandag p\u00e5sk,<br>1 och 3 maj, Corpus Christi, 16 augusti, 1 november,<br>11 november (nationaldagen), juldagen, annandag jul<\/p>\n\n\n\n<p><strong>Religion<\/strong>: romerska katoliker 95 %, protestantism, judendom,<\/p>\n\n\n\n<p>ortodox kristendom<\/p>\n\n\n\n<p><strong>Landskod<\/strong>: PL, POL<\/p>\n\n\n\n<p><strong>Landsnummer<\/strong>: +48<\/p>\n<\/div>\n<\/div>\n\n\n\n<div style=\"height:100px\" aria-hidden=\"true\" class=\"wp-block-spacer is-style-spacer-small\"><\/div>\n\n\n\n  <div class=\"links-tiles links-tiles--rows-2-3\" id=\"listing\">\n            <div class=\"links-tiles__item\">\n                      <a href=\"https:\/\/www.polen.travel\/sv\/kartor-och-guidebocker\/\" class=\"link-box\" style=\" background-image: url(https:\/\/www.polen.travel\/sv\/wp-content\/uploads\/sites\/22\/2024\/09\/Mapa_540_360.jpg);\">\n            <div class=\"link-box__info\">\n      <div class=\"link-box__title\">Kartor och guideb\u00f6cker<\/div>\n      <div class=\"link-box__more\">Se mer<\/div>\n    <\/div>\n  <\/a>\n\n          <\/div>\n                  <div class=\"links-tiles__item\">\n                      <a href=\"https:\/\/www.polen.travel\/sv\/polskt-beteende\/\" class=\"link-box\" style=\" background-image: url(https:\/\/www.polen.travel\/sv\/wp-content\/uploads\/sites\/22\/2024\/09\/WakacjeNaWsi1_540_360-2.jpg);\">\n            <div class=\"link-box__info\">\n      <div class=\"link-box__title\">Polskt beteende<\/div>\n      <div class=\"link-box__more\">Se mer<\/div>\n    <\/div>\n  <\/a>\n\n          <\/div>\n                  <div class=\"links-tiles__item\">\n                      <a href=\"https:\/\/www.polen.travel\/sv\/geografi\/\" class=\"link-box\" style=\" background-image: url(https:\/\/www.polen.travel\/sv\/wp-content\/uploads\/sites\/22\/2024\/09\/w_swiat.jpg);\">\n            <div class=\"link-box__info\">\n      <div class=\"link-box__title\">Geografi<\/div>\n      <div class=\"link-box__more\">Se mer<\/div>\n    <\/div>\n  <\/a>\n\n          <\/div>\n                  <div class=\"links-tiles__item\">\n                      <a href=\"https:\/\/www.polen.travel\/sv\/tidszon\/\" class=\"link-box\" style=\" background-image: url(https:\/\/www.polen.travel\/sv\/wp-content\/uploads\/sites\/22\/2024\/09\/Zegar540.jpg);\">\n            <div class=\"link-box__info\">\n      <div class=\"link-box__title\">Tidszon<\/div>\n      <div class=\"link-box__more\">Se mer<\/div>\n    <\/div>\n  <\/a>\n\n          <\/div>\n                  <div class=\"links-tiles__item\">\n                      <a href=\"https:\/\/www.polen.travel\/sv\/emblem-flagga\/\" class=\"link-box\" style=\" background-image: url(https:\/\/www.polen.travel\/sv\/wp-content\/uploads\/sites\/22\/2024\/09\/Polska1.jpg);\">\n            <div class=\"link-box__info\">\n      <div class=\"link-box__title\">Emblem &amp; flagga<\/div>\n      <div class=\"link-box__more\">Se mer<\/div>\n    <\/div>\n  <\/a>\n\n          <\/div>\n                  <div class=\"links-tiles__item\">\n                      <a href=\"https:\/\/www.polen.travel\/sv\/nationalsangen\/\" class=\"link-box\" style=\" background-image: url(https:\/\/www.polen.travel\/sv\/wp-content\/uploads\/sites\/22\/2024\/09\/ogolnie540.jpg);\">\n            <div class=\"link-box__info\">\n      <div class=\"link-box__title\">Nationals\u00e5ngen<\/div>\n      <div class=\"link-box__more\">Se mer<\/div>\n    <\/div>\n  <\/a>\n\n          <\/div>\n                  <div class=\"links-tiles__item\">\n                      <a href=\"https:\/\/www.polen.travel\/sv\/valuta\/\" class=\"link-box\" style=\" background-image: url(https:\/\/www.polen.travel\/sv\/wp-content\/uploads\/sites\/22\/2024\/09\/banknoty_polskie_540_360.jpg);\">\n            <div class=\"link-box__info\">\n      <div class=\"link-box__title\">Valuta<\/div>\n      <div class=\"link-box__more\">Se mer<\/div>\n    <\/div>\n  <\/a>\n\n          <\/div>\n                  <div class=\"links-tiles__item\">\n                      <a href=\"https:\/\/www.polen.travel\/sv\/sprak\/\" class=\"link-box\" style=\" background-image: url(https:\/\/www.polen.travel\/sv\/wp-content\/uploads\/sites\/22\/2024\/09\/Ludzie2_540.jpg);\">\n            <div class=\"link-box__info\">\n      <div class=\"link-box__title\">Spr\u00e5k<\/div>\n      <div class=\"link-box__more\">Se mer<\/div>\n    <\/div>\n  <\/a>\n\n          <\/div>\n                  <div class=\"links-tiles__item\">\n                      <a href=\"https:\/\/www.polen.travel\/sv\/det-politiska-systemet\/\" class=\"link-box\" style=\" background-image: url(https:\/\/www.polen.travel\/sv\/wp-content\/uploads\/sites\/22\/2022\/12\/mazowsze_zespol_1_1170.jpg);\">\n            <div class=\"link-box__info\">\n      <div class=\"link-box__title\">Det politiska systemet<\/div>\n      <div class=\"link-box__more\">Se mer<\/div>\n    <\/div>\n  <\/a>\n\n          <\/div>\n                  <div class=\"links-tiles__item\">\n                      <a href=\"https:\/\/www.polen.travel\/sv\/administrativa-indelningar\/\" class=\"link-box\" style=\" background-image: url(https:\/\/www.polen.travel\/sv\/wp-content\/uploads\/sites\/22\/2024\/09\/Mapa_540_360.jpg);\">\n            <div class=\"link-box__info\">\n      <div class=\"link-box__title\">Administrativa indelningar<\/div>\n      <div class=\"link-box__more\">Se mer<\/div>\n    <\/div>\n  <\/a>\n\n          <\/div>\n                  <div class=\"links-tiles__item\">\n                      <a href=\"https:\/\/www.polen.travel\/sv\/allmanna-helgdagar\/\" class=\"link-box\" style=\" background-image: url(https:\/\/www.polen.travel\/sv\/wp-content\/uploads\/sites\/22\/2025\/01\/flaga_Polski_540_360.jpg);\">\n            <div class=\"link-box__info\">\n      <div class=\"link-box__title\">Allm\u00e4nna helgdagar<\/div>\n      <div class=\"link-box__more\">Se mer<\/div>\n    <\/div>\n  <\/a>\n\n          <\/div>\n                  <div class=\"links-tiles__item\">\n                      <a href=\"https:\/\/www.polen.travel\/sv\/klimat\/\" class=\"link-box\" style=\" background-image: url(https:\/\/www.polen.travel\/sv\/wp-content\/uploads\/sites\/22\/2023\/07\/bieszczady_szlak_1170.jpg);\">\n              <div class=\"link-box__hover\" style=\"background-image: url(https:\/\/www.polen.travel\/sv\/wp-content\/uploads\/sites\/22\/2022\/12\/morze_wydmy_1170.jpg);\"><\/div>\n        <div class=\"link-box__info\">\n      <div class=\"link-box__title\">Klimat<\/div>\n      <div class=\"link-box__more\">Se mer<\/div>\n    <\/div>\n  <\/a>\n\n          <\/div>\n            <\/div>\n  \n<\/div><\/div>\n\n\n\n<div style=\"height:100px\" aria-hidden=\"true\" class=\"wp-block-spacer\"><\/div>\n","protected":false},"excerpt":{"rendered":"<p>Information om Polen Huvudstad: Warszawa Officiellt spr\u00e5k: polska Gr\u00e4nsar till: Tyskland, Tjeckien, Slovakien, Ukraina,Vitryssland, Litauen, Ryssland Folkm\u00e4ngd (2008):&nbsp;38 milioner Yta: 312 575 km Tidzon: CET (UTC+1) Klimat: milt, tempererat Valuta: zloty (PLN), 1 zloty=100 groszy Statsskick: parlamentarisk demokrati Medlemskap i: EU, NATO, FN, WHO, OECD Helgdagar: 1 januari, 6 januari, p\u00e5skdagen, annandag p\u00e5sk,1 och 3 [&hellip;]<\/p>\n","protected":false},"author":4,"featured_media":0,"parent":0,"menu_order":0,"comment_status":"closed","ping_status":"closed","template":"","meta":{"_acf_changed":false,"footnotes":""},"class_list":["post-37570","page","type-page","status-publish","hentry"],"acf":[],"yoast_head":"<!-- This site is optimized with the Yoast SEO plugin v27.4 - https:\/\/yoast.com\/product\/yoast-seo-wordpress\/ -->\n<title>Information om Polen - Polen Travel (SV)<\/title>\n<meta name=\"robots\" content=\"index, follow, max-snippet:-1, max-image-preview:large, max-video-preview:-1\" \/>\n<link rel=\"canonical\" href=\"https:\/\/wp-sv.poland.travel\/information-om-polen\/\" \/>\n<meta property=\"og:locale\" content=\"pl_PL\" \/>\n<meta property=\"og:type\" content=\"article\" \/>\n<meta property=\"og:title\" content=\"Information om Polen - Polen Travel (SV)\" \/>\n<meta property=\"og:description\" content=\"Information om Polen Huvudstad: Warszawa Officiellt spr\u00e5k: polska Gr\u00e4nsar till: Tyskland, Tjeckien, Slovakien, Ukraina,Vitryssland, Litauen, Ryssland Folkm\u00e4ngd (2008):&nbsp;38 milioner Yta: 312 575 km Tidzon: CET (UTC+1) Klimat: milt, tempererat Valuta: zloty (PLN), 1 zloty=100 groszy Statsskick: parlamentarisk demokrati Medlemskap i: EU, NATO, FN, WHO, OECD Helgdagar: 1 januari, 6 januari, p\u00e5skdagen, annandag p\u00e5sk,1 och 3 [&hellip;]\" \/>\n<meta property=\"og:url\" content=\"https:\/\/wp-sv.poland.travel\/information-om-polen\/\" \/>\n<meta property=\"og:site_name\" content=\"Polen Travel (SV)\" \/>\n<meta property=\"article:modified_time\" content=\"2025-04-01T09:47:59+00:00\" \/>\n<meta property=\"og:image\" content=\"https:\/\/www.polen.travel\/sv\/wp-content\/uploads\/sites\/22\/2025\/01\/flag_pl.jpg\" \/>\n\t<meta property=\"og:image:width\" content=\"1170\" \/>\n\t<meta property=\"og:image:height\" content=\"300\" \/>\n\t<meta property=\"og:image:type\" content=\"image\/jpeg\" \/>\n<meta name=\"twitter:card\" content=\"summary_large_image\" \/>\n<meta name=\"twitter:label1\" content=\"Szacowany czas czytania\" \/>\n\t<meta name=\"twitter:data1\" content=\"1 minuta\" \/>\n<script type=\"application\/ld+json\" class=\"yoast-schema-graph\">{\"@context\":\"https:\\\/\\\/schema.org\",\"@graph\":[{\"@type\":\"WebPage\",\"@id\":\"https:\\\/\\\/wp-sv.poland.travel\\\/information-om-polen\\\/\",\"url\":\"https:\\\/\\\/wp-sv.poland.travel\\\/information-om-polen\\\/\",\"name\":\"Information om Polen - Polen Travel (SV)\",\"isPartOf\":{\"@id\":\"https:\\\/\\\/wp-sv.poland.travel\\\/#website\"},\"primaryImageOfPage\":{\"@id\":\"https:\\\/\\\/wp-sv.poland.travel\\\/information-om-polen\\\/#primaryimage\"},\"image\":{\"@id\":\"https:\\\/\\\/wp-sv.poland.travel\\\/information-om-polen\\\/#primaryimage\"},\"thumbnailUrl\":\"https:\\\/\\\/www.polen.travel\\\/sv\\\/wp-content\\\/uploads\\\/sites\\\/22\\\/2025\\\/01\\\/flag_pl.jpg\",\"datePublished\":\"2025-01-07T10:48:07+00:00\",\"dateModified\":\"2025-04-01T09:47:59+00:00\",\"breadcrumb\":{\"@id\":\"https:\\\/\\\/wp-sv.poland.travel\\\/information-om-polen\\\/#breadcrumb\"},\"inLanguage\":\"pl-PL\",\"potentialAction\":[{\"@type\":\"ReadAction\",\"target\":[\"https:\\\/\\\/wp-sv.poland.travel\\\/information-om-polen\\\/\"]}]},{\"@type\":\"ImageObject\",\"inLanguage\":\"pl-PL\",\"@id\":\"https:\\\/\\\/wp-sv.poland.travel\\\/information-om-polen\\\/#primaryimage\",\"url\":\"https:\\\/\\\/www.polen.travel\\\/sv\\\/wp-content\\\/uploads\\\/sites\\\/22\\\/2025\\\/01\\\/flag_pl.jpg\",\"contentUrl\":\"https:\\\/\\\/www.polen.travel\\\/sv\\\/wp-content\\\/uploads\\\/sites\\\/22\\\/2025\\\/01\\\/flag_pl.jpg\",\"width\":1170,\"height\":300},{\"@type\":\"BreadcrumbList\",\"@id\":\"https:\\\/\\\/wp-sv.poland.travel\\\/information-om-polen\\\/#breadcrumb\",\"itemListElement\":[{\"@type\":\"ListItem\",\"position\":1,\"name\":\"Home page\",\"item\":\"https:\\\/\\\/www.polen.travel\\\/sv\\\/\"},{\"@type\":\"ListItem\",\"position\":2,\"name\":\"Information om Polen\"}]},{\"@type\":\"WebSite\",\"@id\":\"https:\\\/\\\/wp-sv.poland.travel\\\/#website\",\"url\":\"https:\\\/\\\/wp-sv.poland.travel\\\/\",\"name\":\"Polen Travel\",\"description\":\"...\",\"alternateName\":\"Polen.travel \u2013 Officiell turistguide till Polen\",\"potentialAction\":[{\"@type\":\"SearchAction\",\"target\":{\"@type\":\"EntryPoint\",\"urlTemplate\":\"https:\\\/\\\/wp-sv.poland.travel\\\/?s={search_term_string}\"},\"query-input\":{\"@type\":\"PropertyValueSpecification\",\"valueRequired\":true,\"valueName\":\"search_term_string\"}}],\"inLanguage\":\"pl-PL\"}]}<\/script>\n<!-- \/ Yoast SEO plugin. -->","yoast_head_json":{"title":"Information om Polen - Polen Travel (SV)","robots":{"index":"index","follow":"follow","max-snippet":"max-snippet:-1","max-image-preview":"max-image-preview:large","max-video-preview":"max-video-preview:-1"},"canonical":"https:\/\/wp-sv.poland.travel\/information-om-polen\/","og_locale":"pl_PL","og_type":"article","og_title":"Information om Polen - Polen Travel (SV)","og_description":"Information om Polen Huvudstad: Warszawa Officiellt spr\u00e5k: polska Gr\u00e4nsar till: Tyskland, Tjeckien, Slovakien, Ukraina,Vitryssland, Litauen, Ryssland Folkm\u00e4ngd (2008):&nbsp;38 milioner Yta: 312 575 km Tidzon: CET (UTC+1) Klimat: milt, tempererat Valuta: zloty (PLN), 1 zloty=100 groszy Statsskick: parlamentarisk demokrati Medlemskap i: EU, NATO, FN, WHO, OECD Helgdagar: 1 januari, 6 januari, p\u00e5skdagen, annandag p\u00e5sk,1 och 3 [&hellip;]","og_url":"https:\/\/wp-sv.poland.travel\/information-om-polen\/","og_site_name":"Polen Travel (SV)","article_modified_time":"2025-04-01T09:47:59+00:00","og_image":[{"width":1170,"height":300,"url":"https:\/\/www.polen.travel\/sv\/wp-content\/uploads\/sites\/22\/2025\/01\/flag_pl.jpg","type":"image\/jpeg"}],"twitter_card":"summary_large_image","twitter_misc":{"Szacowany czas czytania":"1 minuta"},"schema":{"@context":"https:\/\/schema.org","@graph":[{"@type":"WebPage","@id":"https:\/\/wp-sv.poland.travel\/information-om-polen\/","url":"https:\/\/wp-sv.poland.travel\/information-om-polen\/","name":"Information om Polen - Polen Travel (SV)","isPartOf":{"@id":"https:\/\/wp-sv.poland.travel\/#website"},"primaryImageOfPage":{"@id":"https:\/\/wp-sv.poland.travel\/information-om-polen\/#primaryimage"},"image":{"@id":"https:\/\/wp-sv.poland.travel\/information-om-polen\/#primaryimage"},"thumbnailUrl":"https:\/\/www.polen.travel\/sv\/wp-content\/uploads\/sites\/22\/2025\/01\/flag_pl.jpg","datePublished":"2025-01-07T10:48:07+00:00","dateModified":"2025-04-01T09:47:59+00:00","breadcrumb":{"@id":"https:\/\/wp-sv.poland.travel\/information-om-polen\/#breadcrumb"},"inLanguage":"pl-PL","potentialAction":[{"@type":"ReadAction","target":["https:\/\/wp-sv.poland.travel\/information-om-polen\/"]}]},{"@type":"ImageObject","inLanguage":"pl-PL","@id":"https:\/\/wp-sv.poland.travel\/information-om-polen\/#primaryimage","url":"https:\/\/www.polen.travel\/sv\/wp-content\/uploads\/sites\/22\/2025\/01\/flag_pl.jpg","contentUrl":"https:\/\/www.polen.travel\/sv\/wp-content\/uploads\/sites\/22\/2025\/01\/flag_pl.jpg","width":1170,"height":300},{"@type":"BreadcrumbList","@id":"https:\/\/wp-sv.poland.travel\/information-om-polen\/#breadcrumb","itemListElement":[{"@type":"ListItem","position":1,"name":"Home page","item":"https:\/\/www.polen.travel\/sv\/"},{"@type":"ListItem","position":2,"name":"Information om Polen"}]},{"@type":"WebSite","@id":"https:\/\/wp-sv.poland.travel\/#website","url":"https:\/\/wp-sv.poland.travel\/","name":"Polen Travel","description":"...","alternateName":"Polen.travel \u2013 Officiell turistguide till Polen","potentialAction":[{"@type":"SearchAction","target":{"@type":"EntryPoint","urlTemplate":"https:\/\/wp-sv.poland.travel\/?s={search_term_string}"},"query-input":{"@type":"PropertyValueSpecification","valueRequired":true,"valueName":"search_term_string"}}],"inLanguage":"pl-PL"}]}},"_links":{"self":[{"href":"https:\/\/www.polen.travel\/sv\/wp-json\/wp\/v2\/pages\/37570","targetHints":{"allow":["GET"]}}],"collection":[{"href":"https:\/\/www.polen.travel\/sv\/wp-json\/wp\/v2\/pages"}],"about":[{"href":"https:\/\/www.polen.travel\/sv\/wp-json\/wp\/v2\/types\/page"}],"author":[{"embeddable":true,"href":"https:\/\/www.polen.travel\/sv\/wp-json\/wp\/v2\/users\/4"}],"replies":[{"embeddable":true,"href":"https:\/\/www.polen.travel\/sv\/wp-json\/wp\/v2\/comments?post=37570"}],"version-history":[{"count":5,"href":"https:\/\/www.polen.travel\/sv\/wp-json\/wp\/v2\/pages\/37570\/revisions"}],"predecessor-version":[{"id":40993,"href":"https:\/\/www.polen.travel\/sv\/wp-json\/wp\/v2\/pages\/37570\/revisions\/40993"}],"wp:attachment":[{"href":"https:\/\/www.polen.travel\/sv\/wp-json\/wp\/v2\/media?parent=37570"}],"curies":[{"name":"wp","href":"https:\/\/api.w.org\/{rel}","templated":true}]}}