{"id":3,"date":"2022-11-02T10:38:58","date_gmt":"2022-11-02T09:38:58","guid":{"rendered":"https:\/\/en-en.polska.travel\/?page_id=3"},"modified":"2025-11-07T14:42:55","modified_gmt":"2025-11-07T13:42:55","slug":"privacy-policy","status":"publish","type":"page","link":"https:\/\/www.polen.travel\/sv\/privacy-policy\/","title":{"rendered":"The Privacy &amp; Cookies Policy"},"content":{"rendered":"\n<div class=\"wp-block-group is-style-container-medium\"><div class=\"wp-block-group__inner-container is-layout-constrained wp-block-group-is-layout-constrained\">\n<div class=\"wp-block-group is-style-container-medium\"><div class=\"wp-block-group__inner-container is-layout-constrained wp-block-group-is-layout-constrained\">\n<h2 class=\"wp-block-heading\">The Privacy &amp; Cookies Policy<\/h2>\n\n\n\n<p><strong>Policy f\u00f6r integritet och kakor<\/strong><\/p>\n\n\n\n<p><\/p>\n\n\n\n<p>Policyn f\u00f6r integritet och kakor nedan g\u00e4ller all information som \u00e4r tillg\u00e4nglig f\u00f6r anv\u00e4ndare som bes\u00f6ker wp-sv.polska.travel (\u201dwebbplatsen\u201d):<br>Din integritet \u00e4r viktig f\u00f6r oss. Vi behandlar den, och all information som du l\u00e4mnar med st\u00f6rsta m\u00f6jliga f\u00f6rsiktighet. L\u00e4s f\u00f6ljande policy f\u00f6r att f\u00e5 information om hur vi hanterar dina uppgifter. Du b\u00f6r l\u00e4sa den tillsammans med anv\u00e4ndarvillkoren (\u201dvillkoren\u201d) f\u00f6r den h\u00e4r webbplatsen.<\/p>\n\n\n\n<p><strong>Kakor<\/strong><\/p>\n\n\n\n<p><strong>Vad \u00e4r kakor?<\/strong><br>Kakor \u00e4r sm\u00e5 delar av information, vanligtvis textfiler, som kan placeras och lagras p\u00e5 din enhet n\u00e4r du bes\u00f6ker en webbplats eller sida f\u00f6r f\u00f6rsta g\u00e5ngen eller anv\u00e4nder en internettj\u00e4nst. Kakor inneh\u00e5ller vanligtvis namnet p\u00e5 den webbsida d\u00e4r de har sitt ursprung, utg\u00e5ngsdatum och ett unikt kaknummer.<\/p>\n\n\n\n<p><strong>Hur anv\u00e4nder vi kakor?<\/strong><br>Kakor anv\u00e4nds f\u00f6r att k\u00e4nna igen anv\u00e4ndarens preferenser och f\u00f6r att g\u00f6ra upplevelsen av v\u00e5r webbplats smidigare och mer interaktiv. De kommer ih\u00e5g vilka val du har gjort f\u00f6r webbplatsbaserade tj\u00e4nster som du har anv\u00e4nt och hj\u00e4lper oss att v\u00e4lja redaktionellt inneh\u00e5ll och annonser som b\u00e4st passar dina intressen. P\u00e5 v\u00e5r webbplats anv\u00e4nder vi inte kakor f\u00f6r att lagra personuppgifter eller annan privat information som identifierar dig som individ.<\/p>\n\n\n\n<p><strong>Vilka typer av kakor anv\u00e4nder vi?<\/strong><br>Webbplatsen anv\u00e4nder f\u00f6ljande typer av kakor:<\/p>\n\n\n\n<p><em>Kakor fr\u00e5n tredje part<\/em><\/p>\n\n\n\n<p>\u2022 <strong>Google Analytics kakor<\/strong> \u2013 __utma, __utmb, __utmc, __utmz och liknande: dessa anv\u00e4nds f\u00f6r att generera statistik som hj\u00e4lper oss att f\u00f6rst\u00e5 hur anv\u00e4ndarna f\u00e5r tillg\u00e5ng till information p\u00e5 webbplatsen. De ger oss information om hur vi kan f\u00f6rb\u00e4ttra strukturen och inneh\u00e5llet i v\u00e5ra internettj\u00e4nster. Mer information om Google Analytics kakor hittar du genom att klicka h\u00e4r <a href=\"https:\/\/developers.google.com\/analytics\/devguides\/collection\/analyticsjs\/cookie-usage\" target=\"_blank\" rel=\"noreferrer noopener\">https:\/\/developers.google.com\/analytics\/devguides\/collection\/analyticsjs\/cookie-usage<\/a><br>\u2022 <strong>Iwebreader<\/strong> \u2013 Ivona webreader kakor: de anv\u00e4nds f\u00f6r att ber\u00e4kna statistiska data som behandlas av Ivona Webreader-tj\u00e4nsten.<br>\u2022 <strong>Addthis cookies<\/strong>: De anv\u00e4nds f\u00f6r att hj\u00e4lpa oss att dela l\u00e4nkar till artiklar p\u00e5 webbplatsen med sociala medier och andra webbplatser.<\/p>\n\n\n\n<p><em>V\u00e5ra egna sessionskakor<\/em><br>\u2022 <a><strong>sessionskakor:<\/strong><\/a><a href=\"#_msocom_1\">[AC1]<\/a>&nbsp; dessa \u00e4r tillf\u00e4lliga cookies som anv\u00e4nds under en webbl\u00e4sarsession och raderas n\u00e4r anv\u00e4ndaren loggar ut, l\u00e4mnar webplatsen eller st\u00e4nger sin webbl\u00e4sare.<br>\u2022 <strong>adserver.pot.gov.pl kakor:<\/strong> dessa anv\u00e4nds f\u00f6r att generera statistik f\u00f6r banners och reklaminneh\u00e5ll som visas p\u00e5 webbplatsen.<br>\u2022 <strong>jfcookie[lang] kaka:<\/strong> anv\u00e4nds f\u00f6r att registrera anv\u00e4ndarens spr\u00e5kinst\u00e4llningar, s\u00e5 att din webbl\u00e4sare kommer ih\u00e5g vilket spr\u00e5k du f\u00f6redrar att anv\u00e4nda f\u00f6r att visa inneh\u00e5llet p\u00e5 webbplatsen.<br>\u2022 <strong>content_note kaka:<\/strong> anv\u00e4nds f\u00f6r att hj\u00e4lpa dig att komma \u00e5t artiklar som lagts till i anteckningsblocket p\u00e5 webbplatsen.<\/p>\n\n\n\n<p><strong>Hur hanterar jag kakor?<\/strong><br>I m\u00e5nga fall \u00e4r din webbl\u00e4sare som standard konfigurerad f\u00f6r att till\u00e5ta lagring av kakor p\u00e5 din enhet. Du kan \u00e4ndra inst\u00e4llningen n\u00e4r som helst genom att g\u00e5 till inst\u00e4llningarna i din webbl\u00e4sare. Du kan till exempel st\u00e4lla in att kakor ska accepteras eller avvisas automatiskt, eller ange att webbl\u00e4saren ska fr\u00e5ga dig vad du vill g\u00f6ra varje g\u00e5ng en kaka skickas till din enhet. Mer information om hantering av kakor p\u00e5 din enhet finns i webbl\u00e4sarens hj\u00e4lpfunktion.<\/p>\n\n\n\n<p>Observera att vissa kakor \u00e4r n\u00f6dv\u00e4ndiga f\u00f6r att du ska kunna anv\u00e4nda webbplatsen. Genom att neka dem kan du begr\u00e4nsa din tillg\u00e5ng till vissa funktioner i v\u00e5ra internettj\u00e4nster.<\/p>\n\n\n\n<p>Kakor som placeras p\u00e5 din enhet kan ocks\u00e5 g\u00f6ras tillg\u00e4ngliga f\u00f6r vissa godk\u00e4nda leverant\u00f6rer av reklaminneh\u00e5ll och f\u00f6r v\u00e5ra noggrant utvalda partners.<\/p>\n\n\n\n<p><strong>Registreringsuppgifter<\/strong><br>Vi samlar endast in dina personuppgifter i enlighet med v\u00e5ra villkor och dessa klausuler. Informationen som vi samlar in kallas registreringsuppgifter (definierad i villkoren) och information om din anv\u00e4ndning av webbplatsen enligt nedan. Vi anv\u00e4nder registreringsuppgifterna endast n\u00e4r du till\u00e5ter oss att g\u00f6ra det och endast i samband med det erbjudande och de aktiviteter p\u00e5 denna webbplats som du har beg\u00e4rt.<br>Om du deltar i en t\u00e4vling p\u00e5 webbplatsen kommer vi att anv\u00e4nda registreringsuppgifterna f\u00f6r att kontakta dig och meddela dig om du har vunnit samt f\u00f6r att leverera din vinst. Varje t\u00e4vling har sina egna regler som visas n\u00e4r du anm\u00e4ler dig till t\u00e4vlingen via webben. L\u00e4s igenom dem noggrant. L\u00e4s klausulen \u201dT\u00e4vlingar\u201d i villkoren.<br>Du garanterar att registreringsuppgifterna \u00e4r sanna, korrekta och aktuella och du ska informera oss om eventuella \u00e4ndringar av registreringsuppgifterna. Du f\u00e5r inte utge dig f\u00f6r att vara n\u00e5gon annan levande person n\u00e4r du tillhandah\u00e5ller oss registreringsuppgifterna.<\/p>\n\n\n\n<p><strong>Anv\u00e4ndning av registreringsuppgifter<\/strong><br>Vi kan komma att anv\u00e4nda registreringsuppgifter fr\u00e5n tid till annan f\u00f6r att erbjuda dig tj\u00e4nster och produkter baserade p\u00e5 de preferenser som du anger under registreringsprocessen och p\u00e5 eventuella preferenser som du senare meddelar oss. Vi inh\u00e4mtar ditt samtycke till att genomf\u00f6ra s\u00e5dana kampanjer genom registreringsprocessen n\u00e4r vi erh\u00e5ller dina registreringsuppgifter. F\u00f6r att kunna erbjuda dig s\u00e5dana tj\u00e4nster fr\u00e5n tredje part kan vi skicka e-post till den e-postadress som du uppger n\u00e4r du l\u00e4mnar registreringsuppgifter till oss.<\/p>\n\n\n\n<p><strong>Dataskydd<\/strong><br>Vi kommer endast att anv\u00e4nda dina personuppgifter f\u00f6r f\u00f6ljande \u00e4ndam\u00e5l d\u00e4r s\u00e5 \u00e4r till\u00e4mpligt:<\/p>\n\n\n\n<p>(a) f\u00f6r att identifiera dig som registrerad anv\u00e4ndare av v\u00e5r webbplats och f\u00f6r att du ska kunna publicera meddelanden p\u00e5 v\u00e5rt forum, d\u00e4r s\u00e5 \u00e4r till\u00e4mpligt;<br>(b) f\u00f6r att tillhandah\u00e5lla dig med marknadsf\u00f6ringsmaterial och tj\u00e4nster (vilket kan inkludera produkter och tj\u00e4nster som vi tillhandah\u00e5ller i samarbete med v\u00e5ra noggrant utvalda partners);<br>(c) att behandla eventuella betalningar fr\u00e5n dig, i till\u00e4mpliga fall;<br>(d) f\u00f6r att skicka information om v\u00e5ra produkter och tj\u00e4nster till dig med ditt samtycke;<br>(e) f\u00f6r att skicka information om produkter och tj\u00e4nster fr\u00e5n v\u00e5ra noggrant utvalda partners med ditt samtycke;<br>(f) f\u00f6r att meddela dig om eventuella \u00e4ndringar i v\u00e5r integritetspolicy och v\u00e5ra villkor fr\u00e5n tid till annan;<br>g) f\u00f6r att ta fram statistik och annan information om anv\u00e4ndningen av webbplatsen (se: Kakor).<\/p>\n\n\n\n<p>Du kan n\u00e4r som helst \u00e5terkalla ditt samtycke till att vi skickar information och produkter till dig f\u00f6r ovanst\u00e5ende \u00e4ndam\u00e5l genom att<a href=\"https:\/\/www.poland.travel\/contact-us\/formularz-kontaktowy-2?modal=yes&amp;tmpl=component\" target=\"_blank\" rel=\"noreferrer noopener\"> kontakta oss <\/a>och avregistrera dig fr\u00e5n v\u00e5ra tj\u00e4nster enligt anvisningarna i de e-postmeddelanden som vi skickar till dig.<\/p>\n\n\n\n<p>Vi \u00e4r medvetna om att registreringsuppgifterna och den information som vi samlar in n\u00e4r du anv\u00e4nder denna webbplats \u00e4r personuppgifter en<a>ligt den brittiska dataskyddslagen fr\u00e5n 1988 (\u201dlagen\u201d) <\/a><a href=\"#_msocom_2\">[AC2]<\/a>&nbsp;och vi bekr\u00e4ftar h\u00e4rmed att vi kommer att behandla registreringsuppgifterna och all annan information som du l\u00e4mnar till oss i enlighet med lagen. L\u00e4s v\u00e5r integritetspolicy d\u00e4r det ocks\u00e5 f\u00f6rklaras hur vi kommer att anv\u00e4nda dina registreringsuppgifter.<\/p>\n\n\n\n<p>Om du vill se en kopia av den information vi har om dig kan du n\u00e4r som helst beg\u00e4ra att en kopia skickas till dig p\u00e5 f\u00f6ljande e-postadress: london@poland.travel. <a>Observera att vi kan ta ut en avgift p\u00e5 upp till 10 \u00a3 f\u00f6r att tillhandah\u00e5lla s\u00e5dan information.<\/a><a href=\"#_msocom_3\">[AC3]<\/a>&nbsp;<\/p>\n\n\n\n<hr class=\"wp-block-separator has-alpha-channel-opacity\"\/>\n\n\n\n<p><a id=\"_msocom_1\"><\/a><\/p>\n<\/div><\/div>\n<\/div><\/div>\n\n\n\n<div style=\"height:100px\" aria-hidden=\"true\" class=\"wp-block-spacer\"><\/div>\n","protected":false},"excerpt":{"rendered":"<p>The Privacy &amp; Cookies Policy Policy f\u00f6r integritet och kakor Policyn f\u00f6r integritet och kakor nedan g\u00e4ller all information som \u00e4r tillg\u00e4nglig f\u00f6r anv\u00e4ndare som bes\u00f6ker wp-sv.polska.travel (\u201dwebbplatsen\u201d):Din integritet \u00e4r viktig f\u00f6r oss. Vi behandlar den, och all information som du l\u00e4mnar med st\u00f6rsta m\u00f6jliga f\u00f6rsiktighet. L\u00e4s f\u00f6ljande policy f\u00f6r att f\u00e5 information om hur [&hellip;]<\/p>\n","protected":false},"author":1,"featured_media":0,"parent":0,"menu_order":0,"comment_status":"closed","ping_status":"closed","template":"","meta":{"_acf_changed":false,"footnotes":""},"class_list":["post-3","page","type-page","status-publish","hentry"],"acf":[],"yoast_head":"<!-- This site is optimized with the Yoast SEO plugin v27.4 - https:\/\/yoast.com\/product\/yoast-seo-wordpress\/ -->\n<title>The Privacy &amp; Cookies Policy - Polen Travel (SV)<\/title>\n<meta name=\"robots\" content=\"index, follow, max-snippet:-1, max-image-preview:large, max-video-preview:-1\" \/>\n<link rel=\"canonical\" href=\"https:\/\/www.polen.travel\/sv\/privacy-policy\/\" \/>\n<meta property=\"og:locale\" content=\"pl_PL\" \/>\n<meta property=\"og:type\" content=\"article\" \/>\n<meta property=\"og:title\" content=\"The Privacy &amp; Cookies Policy - Polen Travel (SV)\" \/>\n<meta property=\"og:description\" content=\"The Privacy &amp; Cookies Policy Policy f\u00f6r integritet och kakor Policyn f\u00f6r integritet och kakor nedan g\u00e4ller all information som \u00e4r tillg\u00e4nglig f\u00f6r anv\u00e4ndare som bes\u00f6ker wp-sv.polska.travel (\u201dwebbplatsen\u201d):Din integritet \u00e4r viktig f\u00f6r oss. Vi behandlar den, och all information som du l\u00e4mnar med st\u00f6rsta m\u00f6jliga f\u00f6rsiktighet. L\u00e4s f\u00f6ljande policy f\u00f6r att f\u00e5 information om hur [&hellip;]\" \/>\n<meta property=\"og:url\" content=\"https:\/\/www.polen.travel\/sv\/privacy-policy\/\" \/>\n<meta property=\"og:site_name\" content=\"Polen Travel (SV)\" \/>\n<meta property=\"article:modified_time\" content=\"2025-11-07T13:42:55+00:00\" \/>\n<meta property=\"og:image\" content=\"https:\/\/www.polen.travel\/sv\/wp-content\/uploads\/sites\/22\/2025\/11\/GDA.jpg\" \/>\n\t<meta property=\"og:image:width\" content=\"1200\" \/>\n\t<meta property=\"og:image:height\" content=\"675\" \/>\n\t<meta property=\"og:image:type\" content=\"image\/jpeg\" \/>\n<meta name=\"twitter:card\" content=\"summary_large_image\" \/>\n<meta name=\"twitter:label1\" content=\"Szacowany czas czytania\" \/>\n\t<meta name=\"twitter:data1\" content=\"7 minut\" \/>\n<script type=\"application\/ld+json\" class=\"yoast-schema-graph\">{\"@context\":\"https:\\\/\\\/schema.org\",\"@graph\":[{\"@type\":\"WebPage\",\"@id\":\"https:\\\/\\\/www.polen.travel\\\/sv\\\/privacy-policy\\\/\",\"url\":\"https:\\\/\\\/www.polen.travel\\\/sv\\\/privacy-policy\\\/\",\"name\":\"The Privacy &amp; Cookies Policy - Polen Travel (SV)\",\"isPartOf\":{\"@id\":\"https:\\\/\\\/wp-sv.poland.travel\\\/#website\"},\"datePublished\":\"2022-11-02T09:38:58+00:00\",\"dateModified\":\"2025-11-07T13:42:55+00:00\",\"breadcrumb\":{\"@id\":\"https:\\\/\\\/www.polen.travel\\\/sv\\\/privacy-policy\\\/#breadcrumb\"},\"inLanguage\":\"pl-PL\",\"potentialAction\":[{\"@type\":\"ReadAction\",\"target\":[\"https:\\\/\\\/www.polen.travel\\\/sv\\\/privacy-policy\\\/\"]}]},{\"@type\":\"BreadcrumbList\",\"@id\":\"https:\\\/\\\/www.polen.travel\\\/sv\\\/privacy-policy\\\/#breadcrumb\",\"itemListElement\":[{\"@type\":\"ListItem\",\"position\":1,\"name\":\"Home page\",\"item\":\"https:\\\/\\\/www.polen.travel\\\/sv\\\/\"},{\"@type\":\"ListItem\",\"position\":2,\"name\":\"The Privacy &amp; Cookies Policy\"}]},{\"@type\":\"WebSite\",\"@id\":\"https:\\\/\\\/wp-sv.poland.travel\\\/#website\",\"url\":\"https:\\\/\\\/wp-sv.poland.travel\\\/\",\"name\":\"Polen Travel\",\"description\":\"...\",\"alternateName\":\"Polen.travel \u2013 Officiell turistguide till Polen\",\"potentialAction\":[{\"@type\":\"SearchAction\",\"target\":{\"@type\":\"EntryPoint\",\"urlTemplate\":\"https:\\\/\\\/wp-sv.poland.travel\\\/?s={search_term_string}\"},\"query-input\":{\"@type\":\"PropertyValueSpecification\",\"valueRequired\":true,\"valueName\":\"search_term_string\"}}],\"inLanguage\":\"pl-PL\"}]}<\/script>\n<!-- \/ Yoast SEO plugin. -->","yoast_head_json":{"title":"The Privacy &amp; Cookies Policy - Polen Travel (SV)","robots":{"index":"index","follow":"follow","max-snippet":"max-snippet:-1","max-image-preview":"max-image-preview:large","max-video-preview":"max-video-preview:-1"},"canonical":"https:\/\/www.polen.travel\/sv\/privacy-policy\/","og_locale":"pl_PL","og_type":"article","og_title":"The Privacy &amp; Cookies Policy - Polen Travel (SV)","og_description":"The Privacy &amp; Cookies Policy Policy f\u00f6r integritet och kakor Policyn f\u00f6r integritet och kakor nedan g\u00e4ller all information som \u00e4r tillg\u00e4nglig f\u00f6r anv\u00e4ndare som bes\u00f6ker wp-sv.polska.travel (\u201dwebbplatsen\u201d):Din integritet \u00e4r viktig f\u00f6r oss. Vi behandlar den, och all information som du l\u00e4mnar med st\u00f6rsta m\u00f6jliga f\u00f6rsiktighet. L\u00e4s f\u00f6ljande policy f\u00f6r att f\u00e5 information om hur [&hellip;]","og_url":"https:\/\/www.polen.travel\/sv\/privacy-policy\/","og_site_name":"Polen Travel (SV)","article_modified_time":"2025-11-07T13:42:55+00:00","og_image":[{"width":1200,"height":675,"url":"https:\/\/www.polen.travel\/sv\/wp-content\/uploads\/sites\/22\/2025\/11\/GDA.jpg","type":"image\/jpeg"}],"twitter_card":"summary_large_image","twitter_misc":{"Szacowany czas czytania":"7 minut"},"schema":{"@context":"https:\/\/schema.org","@graph":[{"@type":"WebPage","@id":"https:\/\/www.polen.travel\/sv\/privacy-policy\/","url":"https:\/\/www.polen.travel\/sv\/privacy-policy\/","name":"The Privacy &amp; Cookies Policy - Polen Travel (SV)","isPartOf":{"@id":"https:\/\/wp-sv.poland.travel\/#website"},"datePublished":"2022-11-02T09:38:58+00:00","dateModified":"2025-11-07T13:42:55+00:00","breadcrumb":{"@id":"https:\/\/www.polen.travel\/sv\/privacy-policy\/#breadcrumb"},"inLanguage":"pl-PL","potentialAction":[{"@type":"ReadAction","target":["https:\/\/www.polen.travel\/sv\/privacy-policy\/"]}]},{"@type":"BreadcrumbList","@id":"https:\/\/www.polen.travel\/sv\/privacy-policy\/#breadcrumb","itemListElement":[{"@type":"ListItem","position":1,"name":"Home page","item":"https:\/\/www.polen.travel\/sv\/"},{"@type":"ListItem","position":2,"name":"The Privacy &amp; Cookies Policy"}]},{"@type":"WebSite","@id":"https:\/\/wp-sv.poland.travel\/#website","url":"https:\/\/wp-sv.poland.travel\/","name":"Polen Travel","description":"...","alternateName":"Polen.travel \u2013 Officiell turistguide till Polen","potentialAction":[{"@type":"SearchAction","target":{"@type":"EntryPoint","urlTemplate":"https:\/\/wp-sv.poland.travel\/?s={search_term_string}"},"query-input":{"@type":"PropertyValueSpecification","valueRequired":true,"valueName":"search_term_string"}}],"inLanguage":"pl-PL"}]}},"_links":{"self":[{"href":"https:\/\/www.polen.travel\/sv\/wp-json\/wp\/v2\/pages\/3","targetHints":{"allow":["GET"]}}],"collection":[{"href":"https:\/\/www.polen.travel\/sv\/wp-json\/wp\/v2\/pages"}],"about":[{"href":"https:\/\/www.polen.travel\/sv\/wp-json\/wp\/v2\/types\/page"}],"author":[{"embeddable":true,"href":"https:\/\/www.polen.travel\/sv\/wp-json\/wp\/v2\/users\/1"}],"replies":[{"embeddable":true,"href":"https:\/\/www.polen.travel\/sv\/wp-json\/wp\/v2\/comments?post=3"}],"version-history":[{"count":6,"href":"https:\/\/www.polen.travel\/sv\/wp-json\/wp\/v2\/pages\/3\/revisions"}],"predecessor-version":[{"id":42535,"href":"https:\/\/www.polen.travel\/sv\/wp-json\/wp\/v2\/pages\/3\/revisions\/42535"}],"wp:attachment":[{"href":"https:\/\/www.polen.travel\/sv\/wp-json\/wp\/v2\/media?parent=3"}],"curies":[{"name":"wp","href":"https:\/\/api.w.org\/{rel}","templated":true}]}}