{"id":33324,"date":"2025-01-14T14:20:04","date_gmt":"2025-01-14T13:20:04","guid":{"rendered":"https:\/\/www.polen.travel\/nl\/?page_id=33324"},"modified":"2025-01-14T14:20:04","modified_gmt":"2025-01-14T13:20:04","slug":"praktische-informatie","status":"publish","type":"page","link":"https:\/\/www.polen.travel\/nl\/praktische-informatie\/","title":{"rendered":"Praktische informatie"},"content":{"rendered":"\n<div class=\"wp-block-group is-style-container-medium\"><div class=\"wp-block-group__inner-container is-layout-constrained wp-block-group-is-layout-constrained\">\n<h2 class=\"wp-block-heading\">Praktische informatie<\/h2>\n\n\n\n<div style=\"height:100px\" aria-hidden=\"true\" class=\"wp-block-spacer is-style-spacer-small\"><\/div>\n\n\n\n<p>Een reis door Polen betekent een unieke reis door de ontelbare schatten uit de geschiedenis en de wonderen der natuur! Polen is een bijzonder land door zijn ongewonelandschappen, kleurrijke tuinen en waardevolle tempels. Polen is ook erg trots op zijn vooruitstrevende architectonische werk. Het is een land dat indruk maakt.<\/p>\n\n\n\n<p>Hoofdstad: Warschau (Warszawa)<br>Taal: Pools<br>Buurlanden: Duitsland, Tsjechi\u00eb, Oekra\u00efne, Slovakije, Wit-Rusland, Litouwen, Rusland<\/p>\n\n\n\n<p>Inwoners: 38,5 mln<br>Oppervlakte: 322 575 km2<br>Tijdzone: Zomer: UTC+2<br>Winter: UTC+1<br>Klimaat: Gematigd warm landklimaat<br>Valuta: Z\u0142oty (PLN, z\u0142), 1 z\u0142 = 100 groszy<br>Politiek: Parlementaire democratie<br>Polen is lid van o.a.: Europese Unie, NAVO, VN, OESO, WTO, en andere organisaties<br>Aantal vrije dagen: 11 dagen<br>Religie: Rooms-katholiek<br>Landcode: PL<\/p>\n<\/div><\/div>\n\n\n\n<div style=\"height:100px\" aria-hidden=\"true\" class=\"wp-block-spacer is-style-spacer-small\"><\/div>\n\n\n\n<div class=\"wp-block-group is-style-container\"><div class=\"wp-block-group__inner-container is-layout-constrained wp-block-group-is-layout-constrained\">\n  <div class=\"links-tiles links-tiles--rows-2-3\" id=\"listing\">\n            <div class=\"links-tiles__item\">\n                      <a href=\"https:\/\/www.polen.travel\/nl\/taal\/\" class=\"link-box\" style=\" background-image: url(https:\/\/www.polen.travel\/nl\/wp-content\/uploads\/sites\/23\/2024\/12\/Uni540.jpg);\">\n            <div class=\"link-box__info\">\n      <div class=\"link-box__title\">Taal<\/div>\n      <div class=\"link-box__more\">Lees meer <\/div>\n    <\/div>\n  <\/a>\n\n          <\/div>\n                  <div class=\"links-tiles__item\">\n                      <a href=\"https:\/\/www.polen.travel\/nl\/kortingen\/\" class=\"link-box\" style=\" background-image: url(https:\/\/www.polen.travel\/nl\/wp-content\/uploads\/sites\/23\/2024\/12\/pociag_540_360.jpg);\">\n            <div class=\"link-box__info\">\n      <div class=\"link-box__title\">Kortingen<\/div>\n      <div class=\"link-box__more\">Lees meer <\/div>\n    <\/div>\n  <\/a>\n\n          <\/div>\n                  <div class=\"links-tiles__item\">\n                      <a href=\"https:\/\/www.polen.travel\/nl\/gezondheid\/\" class=\"link-box\" style=\" background-image: url(https:\/\/www.polen.travel\/nl\/wp-content\/uploads\/sites\/23\/2024\/12\/Zdrowie_540_360.jpg);\">\n            <div class=\"link-box__info\">\n      <div class=\"link-box__title\">Gezondheid<\/div>\n      <div class=\"link-box__more\">Lees meer <\/div>\n    <\/div>\n  <\/a>\n\n          <\/div>\n                  <div class=\"links-tiles__item\">\n                      <a href=\"https:\/\/www.polen.travel\/nl\/consulaten-en-ambassades-pl-en-nl\/\" class=\"link-box\" style=\" background-image: url(https:\/\/www.polen.travel\/nl\/wp-content\/uploads\/sites\/23\/2024\/12\/AmbasadaHaga540.jpg);\">\n            <div class=\"link-box__info\">\n      <div class=\"link-box__title\">Consulaten en ambassades PL en NL<\/div>\n      <div class=\"link-box__more\">Lees meer <\/div>\n    <\/div>\n  <\/a>\n\n          <\/div>\n                  <div class=\"links-tiles__item\">\n                      <a href=\"https:\/\/www.polen.travel\/nl\/tickets\/\" class=\"link-box\" style=\" background-image: url(https:\/\/www.polen.travel\/nl\/wp-content\/uploads\/sites\/23\/2024\/12\/podroz_pociagiem540.jpg);\">\n            <div class=\"link-box__info\">\n      <div class=\"link-box__title\">Tickets<\/div>\n      <div class=\"link-box__more\">Lees meer <\/div>\n    <\/div>\n  <\/a>\n\n          <\/div>\n                  <div class=\"links-tiles__item\">\n                      <a href=\"https:\/\/www.polen.travel\/nl\/alcohol-en-roken\/\" class=\"link-box\" style=\" background-image: url(https:\/\/www.polen.travel\/nl\/wp-content\/uploads\/sites\/23\/2024\/12\/Alkohol540_360.jpg);\">\n            <div class=\"link-box__info\">\n      <div class=\"link-box__title\">Alcohol en roken<\/div>\n      <div class=\"link-box__more\">Lees meer <\/div>\n    <\/div>\n  <\/a>\n\n          <\/div>\n                  <div class=\"links-tiles__item\">\n                      <a href=\"https:\/\/www.polen.travel\/nl\/geografie-en-klimaat\/\" class=\"link-box\" style=\" background-image: url(https:\/\/www.polen.travel\/nl\/wp-content\/uploads\/sites\/23\/2024\/12\/WarszawaBUW540.jpg);\">\n            <div class=\"link-box__info\">\n      <div class=\"link-box__title\">Geografie en klimaat<\/div>\n      <div class=\"link-box__more\">Lees meer <\/div>\n    <\/div>\n  <\/a>\n\n          <\/div>\n                  <div class=\"links-tiles__item\">\n                      <a href=\"https:\/\/www.polen.travel\/nl\/reisdocumenten\/\" class=\"link-box\" style=\" background-image: url(https:\/\/www.polen.travel\/nl\/wp-content\/uploads\/sites\/23\/2024\/12\/Prawo_Jazdy_540_360.jpg);\">\n            <div class=\"link-box__info\">\n      <div class=\"link-box__title\">Reisdocumenten<\/div>\n      <div class=\"link-box__more\">Lees meer <\/div>\n    <\/div>\n  <\/a>\n\n          <\/div>\n                  <div class=\"links-tiles__item\">\n                      <a href=\"https:\/\/www.polen.travel\/nl\/toeristische-informatie\/\" class=\"link-box\" style=\" background-image: url(https:\/\/www.polen.travel\/nl\/wp-content\/uploads\/sites\/23\/2024\/12\/informacjaTurystyczna540_360.jpg);\">\n            <div class=\"link-box__info\">\n      <div class=\"link-box__title\">Toeristische informatie<\/div>\n      <div class=\"link-box__more\">Lees meer <\/div>\n    <\/div>\n  <\/a>\n\n          <\/div>\n                  <div class=\"links-tiles__item\">\n                      <a href=\"https:\/\/www.polen.travel\/nl\/noodnummers\/\" class=\"link-box\" style=\" background-image: url(https:\/\/www.polen.travel\/nl\/wp-content\/uploads\/sites\/23\/2024\/12\/AdobeStock_373839889_telefon-xl-1200x800.jpeg);\">\n            <div class=\"link-box__info\">\n      <div class=\"link-box__title\">Noodnummers<\/div>\n      <div class=\"link-box__more\">Lees meer <\/div>\n    <\/div>\n  <\/a>\n\n          <\/div>\n                  <div class=\"links-tiles__item\">\n                      <a href=\"https:\/\/www.polen.travel\/nl\/verzekeringen-en-veiligheid\/\" class=\"link-box\" style=\" background-image: url(https:\/\/www.polen.travel\/nl\/wp-content\/uploads\/sites\/23\/2024\/12\/Na_morzu_540_360.jpg);\">\n            <div class=\"link-box__info\">\n      <div class=\"link-box__title\">Verzekeringen en veiligheid<\/div>\n      <div class=\"link-box__more\">Lees meer <\/div>\n    <\/div>\n  <\/a>\n\n          <\/div>\n                  <div class=\"links-tiles__item\">\n                      <a href=\"https:\/\/www.polen.travel\/nl\/verkeersregels\/\" class=\"link-box\" style=\" background-image: url(https:\/\/www.polen.travel\/nl\/wp-content\/uploads\/sites\/23\/2024\/12\/znaki_drogowe_540.jpg);\">\n            <div class=\"link-box__info\">\n      <div class=\"link-box__title\">Verkeersregels<\/div>\n      <div class=\"link-box__more\">Lees meer <\/div>\n    <\/div>\n  <\/a>\n\n          <\/div>\n            <\/div>\n  \n<\/div><\/div>\n\n\n\n<div style=\"height:100px\" aria-hidden=\"true\" class=\"wp-block-spacer is-style-spacer-small\"><\/div>\n","protected":false},"excerpt":{"rendered":"<p>Praktische informatie Een reis door Polen betekent een unieke reis door de ontelbare schatten uit de geschiedenis en de wonderen der natuur! Polen is een bijzonder land door zijn ongewonelandschappen, kleurrijke tuinen en waardevolle tempels. Polen is ook erg trots op zijn vooruitstrevende architectonische werk. Het is een land dat indruk maakt. Hoofdstad: Warschau (Warszawa)Taal: [&hellip;]<\/p>\n","protected":false},"author":4,"featured_media":0,"parent":0,"menu_order":0,"comment_status":"closed","ping_status":"closed","template":"","meta":{"_acf_changed":false,"footnotes":""},"class_list":["post-33324","page","type-page","status-publish","hentry"],"acf":[],"yoast_head":"<!-- This site is optimized with the Yoast SEO plugin v27.4 - https:\/\/yoast.com\/product\/yoast-seo-wordpress\/ -->\n<title>Praktische informatie - Polen Travel (NL)<\/title>\n<meta name=\"robots\" content=\"index, follow, max-snippet:-1, max-image-preview:large, max-video-preview:-1\" \/>\n<link rel=\"canonical\" href=\"https:\/\/wp-nl.poland.travel\/praktische-informatie\/\" \/>\n<meta property=\"og:locale\" content=\"pl_PL\" \/>\n<meta property=\"og:type\" content=\"article\" \/>\n<meta property=\"og:title\" content=\"Praktische informatie - Polen Travel (NL)\" \/>\n<meta property=\"og:description\" content=\"Praktische informatie Een reis door Polen betekent een unieke reis door de ontelbare schatten uit de geschiedenis en de wonderen der natuur! Polen is een bijzonder land door zijn ongewonelandschappen, kleurrijke tuinen en waardevolle tempels. Polen is ook erg trots op zijn vooruitstrevende architectonische werk. Het is een land dat indruk maakt. Hoofdstad: Warschau (Warszawa)Taal: [&hellip;]\" \/>\n<meta property=\"og:url\" content=\"https:\/\/wp-nl.poland.travel\/praktische-informatie\/\" \/>\n<meta property=\"og:site_name\" content=\"Polen Travel (NL)\" \/>\n<meta name=\"twitter:card\" content=\"summary_large_image\" \/>\n<meta name=\"twitter:label1\" content=\"Szacowany czas czytania\" \/>\n\t<meta name=\"twitter:data1\" content=\"1 minuta\" \/>\n<script type=\"application\/ld+json\" class=\"yoast-schema-graph\">{\"@context\":\"https:\\\/\\\/schema.org\",\"@graph\":[{\"@type\":\"WebPage\",\"@id\":\"https:\\\/\\\/wp-nl.poland.travel\\\/praktische-informatie\\\/\",\"url\":\"https:\\\/\\\/wp-nl.poland.travel\\\/praktische-informatie\\\/\",\"name\":\"Praktische informatie - Polen Travel (NL)\",\"isPartOf\":{\"@id\":\"https:\\\/\\\/wp-nl.poland.travel\\\/#website\"},\"datePublished\":\"2025-01-14T13:20:04+00:00\",\"breadcrumb\":{\"@id\":\"https:\\\/\\\/wp-nl.poland.travel\\\/praktische-informatie\\\/#breadcrumb\"},\"inLanguage\":\"pl-PL\",\"potentialAction\":[{\"@type\":\"ReadAction\",\"target\":[\"https:\\\/\\\/wp-nl.poland.travel\\\/praktische-informatie\\\/\"]}]},{\"@type\":\"BreadcrumbList\",\"@id\":\"https:\\\/\\\/wp-nl.poland.travel\\\/praktische-informatie\\\/#breadcrumb\",\"itemListElement\":[{\"@type\":\"ListItem\",\"position\":1,\"name\":\"Home page\",\"item\":\"https:\\\/\\\/www.polen.travel\\\/nl\\\/\"},{\"@type\":\"ListItem\",\"position\":2,\"name\":\"Praktische informatie\"}]},{\"@type\":\"WebSite\",\"@id\":\"https:\\\/\\\/wp-nl.poland.travel\\\/#website\",\"url\":\"https:\\\/\\\/wp-nl.poland.travel\\\/\",\"name\":\"Polen Travel (NL)\",\"description\":\"...\",\"publisher\":{\"@id\":\"https:\\\/\\\/wp-nl.poland.travel\\\/#organization\"},\"potentialAction\":[{\"@type\":\"SearchAction\",\"target\":{\"@type\":\"EntryPoint\",\"urlTemplate\":\"https:\\\/\\\/wp-nl.poland.travel\\\/?s={search_term_string}\"},\"query-input\":{\"@type\":\"PropertyValueSpecification\",\"valueRequired\":true,\"valueName\":\"search_term_string\"}}],\"inLanguage\":\"pl-PL\"},{\"@type\":\"Organization\",\"@id\":\"https:\\\/\\\/wp-nl.poland.travel\\\/#organization\",\"name\":\"Polen Travel (NL)\",\"url\":\"https:\\\/\\\/wp-nl.poland.travel\\\/\",\"logo\":{\"@type\":\"ImageObject\",\"inLanguage\":\"pl-PL\",\"@id\":\"https:\\\/\\\/wp-nl.poland.travel\\\/#\\\/schema\\\/logo\\\/image\\\/\",\"url\":\"https:\\\/\\\/en-en.polska.travel\\\/wp-content\\\/uploads\\\/sites\\\/23\\\/2022\\\/11\\\/logo.svg\",\"contentUrl\":\"https:\\\/\\\/en-en.polska.travel\\\/wp-content\\\/uploads\\\/sites\\\/23\\\/2022\\\/11\\\/logo.svg\",\"width\":198,\"height\":96,\"caption\":\"Polen Travel (NL)\"},\"image\":{\"@id\":\"https:\\\/\\\/wp-nl.poland.travel\\\/#\\\/schema\\\/logo\\\/image\\\/\"}}]}<\/script>\n<!-- \/ Yoast SEO plugin. -->","yoast_head_json":{"title":"Praktische informatie - Polen Travel (NL)","robots":{"index":"index","follow":"follow","max-snippet":"max-snippet:-1","max-image-preview":"max-image-preview:large","max-video-preview":"max-video-preview:-1"},"canonical":"https:\/\/wp-nl.poland.travel\/praktische-informatie\/","og_locale":"pl_PL","og_type":"article","og_title":"Praktische informatie - Polen Travel (NL)","og_description":"Praktische informatie Een reis door Polen betekent een unieke reis door de ontelbare schatten uit de geschiedenis en de wonderen der natuur! Polen is een bijzonder land door zijn ongewonelandschappen, kleurrijke tuinen en waardevolle tempels. Polen is ook erg trots op zijn vooruitstrevende architectonische werk. Het is een land dat indruk maakt. Hoofdstad: Warschau (Warszawa)Taal: [&hellip;]","og_url":"https:\/\/wp-nl.poland.travel\/praktische-informatie\/","og_site_name":"Polen Travel (NL)","twitter_card":"summary_large_image","twitter_misc":{"Szacowany czas czytania":"1 minuta"},"schema":{"@context":"https:\/\/schema.org","@graph":[{"@type":"WebPage","@id":"https:\/\/wp-nl.poland.travel\/praktische-informatie\/","url":"https:\/\/wp-nl.poland.travel\/praktische-informatie\/","name":"Praktische informatie - Polen Travel (NL)","isPartOf":{"@id":"https:\/\/wp-nl.poland.travel\/#website"},"datePublished":"2025-01-14T13:20:04+00:00","breadcrumb":{"@id":"https:\/\/wp-nl.poland.travel\/praktische-informatie\/#breadcrumb"},"inLanguage":"pl-PL","potentialAction":[{"@type":"ReadAction","target":["https:\/\/wp-nl.poland.travel\/praktische-informatie\/"]}]},{"@type":"BreadcrumbList","@id":"https:\/\/wp-nl.poland.travel\/praktische-informatie\/#breadcrumb","itemListElement":[{"@type":"ListItem","position":1,"name":"Home page","item":"https:\/\/www.polen.travel\/nl\/"},{"@type":"ListItem","position":2,"name":"Praktische informatie"}]},{"@type":"WebSite","@id":"https:\/\/wp-nl.poland.travel\/#website","url":"https:\/\/wp-nl.poland.travel\/","name":"Polen Travel (NL)","description":"...","publisher":{"@id":"https:\/\/wp-nl.poland.travel\/#organization"},"potentialAction":[{"@type":"SearchAction","target":{"@type":"EntryPoint","urlTemplate":"https:\/\/wp-nl.poland.travel\/?s={search_term_string}"},"query-input":{"@type":"PropertyValueSpecification","valueRequired":true,"valueName":"search_term_string"}}],"inLanguage":"pl-PL"},{"@type":"Organization","@id":"https:\/\/wp-nl.poland.travel\/#organization","name":"Polen Travel (NL)","url":"https:\/\/wp-nl.poland.travel\/","logo":{"@type":"ImageObject","inLanguage":"pl-PL","@id":"https:\/\/wp-nl.poland.travel\/#\/schema\/logo\/image\/","url":"https:\/\/en-en.polska.travel\/wp-content\/uploads\/sites\/23\/2022\/11\/logo.svg","contentUrl":"https:\/\/en-en.polska.travel\/wp-content\/uploads\/sites\/23\/2022\/11\/logo.svg","width":198,"height":96,"caption":"Polen Travel (NL)"},"image":{"@id":"https:\/\/wp-nl.poland.travel\/#\/schema\/logo\/image\/"}}]}},"_links":{"self":[{"href":"https:\/\/www.polen.travel\/nl\/wp-json\/wp\/v2\/pages\/33324","targetHints":{"allow":["GET"]}}],"collection":[{"href":"https:\/\/www.polen.travel\/nl\/wp-json\/wp\/v2\/pages"}],"about":[{"href":"https:\/\/www.polen.travel\/nl\/wp-json\/wp\/v2\/types\/page"}],"author":[{"embeddable":true,"href":"https:\/\/www.polen.travel\/nl\/wp-json\/wp\/v2\/users\/4"}],"replies":[{"embeddable":true,"href":"https:\/\/www.polen.travel\/nl\/wp-json\/wp\/v2\/comments?post=33324"}],"version-history":[{"count":4,"href":"https:\/\/www.polen.travel\/nl\/wp-json\/wp\/v2\/pages\/33324\/revisions"}],"predecessor-version":[{"id":33328,"href":"https:\/\/www.polen.travel\/nl\/wp-json\/wp\/v2\/pages\/33324\/revisions\/33328"}],"wp:attachment":[{"href":"https:\/\/www.polen.travel\/nl\/wp-json\/wp\/v2\/media?parent=33324"}],"curies":[{"name":"wp","href":"https:\/\/api.w.org\/{rel}","templated":true}]}}