{"id":17926,"date":"2023-01-18T11:27:18","date_gmt":"2023-01-18T10:27:18","guid":{"rendered":"https:\/\/en-en.polska.travel\/?page_id=17926"},"modified":"2025-01-14T12:32:21","modified_gmt":"2025-01-14T11:32:21","slug":"reizen-per","status":"publish","type":"page","link":"https:\/\/www.polen.travel\/nl\/reizen-per\/","title":{"rendered":"Reizen per&#8230;."},"content":{"rendered":"\n<div class=\"wp-block-group is-style-container-medium\"><div class=\"wp-block-group__inner-container is-layout-constrained wp-block-group-is-layout-constrained\">\n<h2 class=\"wp-block-heading is-style-heading-48\">Reizen per&#8230;.<\/h2>\n\n\n\n<div style=\"height:100px\" aria-hidden=\"true\" class=\"wp-block-spacer is-style-spacer-medium\"><\/div>\n\n\n\n<h3 class=\"wp-block-heading\">Polen per vliegtuig<\/h3>\n<\/div><\/div>\n\n\n\n<div class=\"wp-block-group is-style-container\"><div class=\"wp-block-group__inner-container is-layout-constrained wp-block-group-is-layout-constrained\">\n<div style=\"height:100px\" aria-hidden=\"true\" class=\"wp-block-spacer is-style-spacer-small\"><\/div>\n<\/div><\/div>\n\n\n\n<div class=\"wp-block-group is-style-container\"><div class=\"wp-block-group__inner-container is-layout-constrained wp-block-group-is-layout-constrained\"><div class=\"overflow\">\n  <div class=\"post-slider swiper post-slider--small\" data-schema=\"small\">\n\n    <div class=\"swiper-wrapper\">\n              <div class=\"swiper-slide post-slide\">\n                      <a href=\"https:\/\/www.polen.travel\/nl\/vliegen-naar-polen-vanuit-nederland\/\" class=\"post-box post-box--small\" style=\" background-image: url(https:\/\/www.polen.travel\/nl\/wp-content\/uploads\/sites\/23\/2024\/12\/Lotnisko540_360.jpg);\">\n        <div class=\"post-box__info\">\n            <div class=\"post-box__title\">Vliegen naar Polen vanuit Nederland<\/div>\n      <div class=\"post-box__more\">Lees meer <\/div>\n    <\/div>\n  <\/a>\n\n          <\/div>\n              <div class=\"swiper-slide post-slide\">\n                      <a href=\"https:\/\/www.polen.travel\/nl\/luchthavens\/\" class=\"post-box post-box--small\" style=\" background-image: url(https:\/\/www.polen.travel\/nl\/wp-content\/uploads\/sites\/23\/2024\/12\/Poznan_Lotnisko_540.jpg);\">\n        <div class=\"post-box__info\">\n            <div class=\"post-box__title\">Luchthavens<\/div>\n      <div class=\"post-box__more\">Lees meer <\/div>\n    <\/div>\n  <\/a>\n\n          <\/div>\n              <div class=\"swiper-slide post-slide\">\n                      <a href=\"https:\/\/www.polen.travel\/nl\/tickets-en-bagage\/\" class=\"post-box post-box--small\" style=\" background-image: url(https:\/\/www.polen.travel\/nl\/wp-content\/uploads\/sites\/23\/2024\/12\/bagaze540.jpg);\">\n        <div class=\"post-box__info\">\n            <div class=\"post-box__title\">Tickets en bagage<\/div>\n      <div class=\"post-box__more\">Lees meer <\/div>\n    <\/div>\n  <\/a>\n\n          <\/div>\n              <div class=\"swiper-slide post-slide\">\n                      <a href=\"https:\/\/www.polen.travel\/nl\/binnenlandse-vluchten\/\" class=\"post-box post-box--small\" style=\" background-image: url(https:\/\/www.polen.travel\/nl\/wp-content\/uploads\/sites\/23\/2024\/12\/LOTbg-600x450.jpg);\">\n        <div class=\"post-box__info\">\n            <div class=\"post-box__title\">Binnenlandse vluchten<\/div>\n      <div class=\"post-box__more\">Lees meer <\/div>\n    <\/div>\n  <\/a>\n\n          <\/div>\n          <\/div>\n    <div class=\"post-slider__pagination\"><\/div>\n  <\/div>\n<\/div>\n<\/div><\/div>\n\n\n\n<div style=\"height:100px\" aria-hidden=\"true\" class=\"wp-block-spacer is-style-spacer-small\"><\/div>\n\n\n\n<div class=\"wp-block-group is-style-container\"><div class=\"wp-block-group__inner-container is-layout-constrained wp-block-group-is-layout-constrained\">\n<div class=\"wp-block-group is-style-container-medium\"><div class=\"wp-block-group__inner-container is-layout-constrained wp-block-group-is-layout-constrained\">\n<h3 class=\"wp-block-heading\">Polen per trein<\/h3>\n<\/div><\/div>\n\n\n\n<div style=\"height:100px\" aria-hidden=\"true\" class=\"wp-block-spacer is-style-spacer-small\"><\/div>\n\n\n<div class=\"overflow\">\n  <div class=\"post-slider swiper post-slider--small\" data-schema=\"small\">\n\n    <div class=\"swiper-wrapper\">\n              <div class=\"swiper-slide post-slide\">\n                      <a href=\"https:\/\/www.polen.travel\/nl\/dienstregeling\/\" class=\"post-box post-box--small\" style=\" background-image: url(https:\/\/www.polen.travel\/nl\/wp-content\/uploads\/sites\/23\/2024\/12\/timetable540.jpg);\">\n        <div class=\"post-box__info\">\n            <div class=\"post-box__title\">Dienstregeling<\/div>\n      <div class=\"post-box__more\">Lees meer <\/div>\n    <\/div>\n  <\/a>\n\n          <\/div>\n              <div class=\"swiper-slide post-slide\">\n                      <a href=\"https:\/\/www.polen.travel\/nl\/binnenlands-treinverkeer\/\" class=\"post-box post-box--small\" style=\" background-image: url(https:\/\/www.polen.travel\/nl\/wp-content\/uploads\/sites\/23\/2024\/12\/pociag540_.jpg);\">\n        <div class=\"post-box__info\">\n            <div class=\"post-box__title\">Binnenlands treinverkeer<\/div>\n      <div class=\"post-box__more\">Lees meer <\/div>\n    <\/div>\n  <\/a>\n\n          <\/div>\n              <div class=\"swiper-slide post-slide\">\n                      <a href=\"https:\/\/www.polen.travel\/nl\/grensovergangen\/\" class=\"post-box post-box--small\" style=\" background-image: url(https:\/\/www.polen.travel\/nl\/wp-content\/uploads\/sites\/23\/2024\/12\/tablica_granica540.jpg);\">\n        <div class=\"post-box__info\">\n            <div class=\"post-box__title\">Grensovergangen<\/div>\n      <div class=\"post-box__more\">Lees meer <\/div>\n    <\/div>\n  <\/a>\n\n          <\/div>\n              <div class=\"swiper-slide post-slide\">\n                      <a href=\"https:\/\/www.polen.travel\/nl\/per-trein-van-nederland-naar-polen\/\" class=\"post-box post-box--small\" style=\" background-image: url(https:\/\/www.polen.travel\/nl\/wp-content\/uploads\/sites\/23\/2024\/12\/podroz_pociagiem540.jpg);\">\n        <div class=\"post-box__info\">\n            <div class=\"post-box__title\">Per trein van Nederland naar Polen<\/div>\n      <div class=\"post-box__more\">Lees meer <\/div>\n    <\/div>\n  <\/a>\n\n          <\/div>\n          <\/div>\n    <div class=\"post-slider__pagination\"><\/div>\n  <\/div>\n<\/div>\n<\/div><\/div>\n\n\n\n<div style=\"height:100px\" aria-hidden=\"true\" class=\"wp-block-spacer is-style-spacer-small\"><\/div>\n\n\n\n<div class=\"wp-block-group is-style-container-medium\"><div class=\"wp-block-group__inner-container is-layout-constrained wp-block-group-is-layout-constrained\">\n<h3 class=\"wp-block-heading\">Polen per auto<\/h3>\n<\/div><\/div>\n\n\n\n<div class=\"wp-block-group is-style-container\"><div class=\"wp-block-group__inner-container is-layout-constrained wp-block-group-is-layout-constrained\"><div class=\"overflow\">\n  <div class=\"post-slider swiper post-slider--small\" data-schema=\"small\">\n\n    <div class=\"swiper-wrapper\">\n              <div class=\"swiper-slide post-slide\">\n                      <a href=\"https:\/\/www.polen.travel\/nl\/verkeersregels\/\" class=\"post-box post-box--small\" style=\" background-image: url(https:\/\/www.polen.travel\/nl\/wp-content\/uploads\/sites\/23\/2024\/12\/znaki_drogowe_540.jpg);\">\n        <div class=\"post-box__info\">\n            <div class=\"post-box__title\">Verkeersregels<\/div>\n      <div class=\"post-box__more\">Lees meer <\/div>\n    <\/div>\n  <\/a>\n\n          <\/div>\n              <div class=\"swiper-slide post-slide\">\n                      <a href=\"https:\/\/www.polen.travel\/nl\/benzinestations-en-soorten-brandstof\/\" class=\"post-box post-box--small\" style=\" background-image: url(https:\/\/www.polen.travel\/nl\/wp-content\/uploads\/sites\/23\/2024\/12\/orlen540.jpg);\">\n        <div class=\"post-box__info\">\n            <div class=\"post-box__title\">Benzinestations en soorten brandstof<\/div>\n      <div class=\"post-box__more\">Lees meer <\/div>\n    <\/div>\n  <\/a>\n\n          <\/div>\n              <div class=\"swiper-slide post-slide\">\n                      <a href=\"https:\/\/www.polen.travel\/nl\/pech-onderweg-garages-noodhulp\/\" class=\"post-box post-box--small\" style=\" background-image: url(https:\/\/www.polen.travel\/nl\/wp-content\/uploads\/sites\/23\/2024\/12\/pomoc540.jpg);\">\n        <div class=\"post-box__info\">\n            <div class=\"post-box__title\">Pech onderweg, garages, noodhulp<\/div>\n      <div class=\"post-box__more\">Lees meer <\/div>\n    <\/div>\n  <\/a>\n\n          <\/div>\n              <div class=\"swiper-slide post-slide\">\n                      <a href=\"https:\/\/www.polen.travel\/nl\/wegen-en-autosnelwegen\/\" class=\"post-box post-box--small\" style=\" background-image: url(https:\/\/www.polen.travel\/nl\/wp-content\/uploads\/sites\/23\/2024\/12\/szczecinport540.jpg);\">\n        <div class=\"post-box__info\">\n            <div class=\"post-box__title\">Wegen en autosnelwegen<\/div>\n      <div class=\"post-box__more\">Lees meer <\/div>\n    <\/div>\n  <\/a>\n\n          <\/div>\n              <div class=\"swiper-slide post-slide\">\n                      <a href=\"https:\/\/www.polen.travel\/nl\/autohuur-in-polen\/\" class=\"post-box post-box--small\" style=\" background-image: url(https:\/\/www.polen.travel\/nl\/wp-content\/uploads\/sites\/23\/2025\/01\/autostrada540.jpg);\">\n        <div class=\"post-box__info\">\n            <div class=\"post-box__title\">Autohuur in Polen<\/div>\n      <div class=\"post-box__more\">Lees meer <\/div>\n    <\/div>\n  <\/a>\n\n          <\/div>\n          <\/div>\n    <div class=\"post-slider__pagination\"><\/div>\n  <\/div>\n<\/div>\n<\/div><\/div>\n\n\n\n<div style=\"height:100px\" aria-hidden=\"true\" class=\"wp-block-spacer is-style-spacer-small\"><\/div>\n\n\n\n<div class=\"wp-block-group is-style-container-medium\"><div class=\"wp-block-group__inner-container is-layout-constrained wp-block-group-is-layout-constrained\">\n<h3 class=\"wp-block-heading\">Polen per bus<\/h3>\n<\/div><\/div>\n\n\n\n<div class=\"wp-block-group is-style-container\"><div class=\"wp-block-group__inner-container is-layout-constrained wp-block-group-is-layout-constrained\"><div class=\"overflow\">\n  <div class=\"post-slider swiper post-slider--small\" data-schema=\"small\">\n\n    <div class=\"swiper-wrapper\">\n              <div class=\"swiper-slide post-slide\">\n                      <a href=\"https:\/\/www.polen.travel\/nl\/polen-per-bus\/\" class=\"post-box post-box--small\" style=\" background-image: url(https:\/\/www.polen.travel\/nl\/wp-content\/uploads\/sites\/23\/2025\/01\/sindbad-autobus540.jpg);\">\n        <div class=\"post-box__info\">\n            <div class=\"post-box__title\">Polen per bus<\/div>\n      <div class=\"post-box__more\">Lees meer <\/div>\n    <\/div>\n  <\/a>\n\n          <\/div>\n          <\/div>\n    <div class=\"post-slider__pagination\"><\/div>\n  <\/div>\n<\/div>\n<\/div><\/div>\n\n\n\n<div style=\"height:100px\" aria-hidden=\"true\" class=\"wp-block-spacer is-style-spacer-small\"><\/div>\n\n\n\n<div class=\"wp-block-group is-style-container-medium\"><div class=\"wp-block-group__inner-container is-layout-constrained wp-block-group-is-layout-constrained\">\n<h3 class=\"wp-block-heading\">Reizen met de boot<\/h3>\n<\/div><\/div>\n\n\n\n<div class=\"wp-block-group is-style-container\"><div class=\"wp-block-group__inner-container is-layout-constrained wp-block-group-is-layout-constrained\"><div class=\"overflow\">\n  <div class=\"post-slider swiper post-slider--small\" data-schema=\"small\">\n\n    <div class=\"swiper-wrapper\">\n              <div class=\"swiper-slide post-slide\">\n                      <a href=\"https:\/\/www.polen.travel\/nl\/veerboten-van-en-naar-polen\/\" class=\"post-box post-box--small\" style=\" background-image: url(https:\/\/www.polen.travel\/nl\/wp-content\/uploads\/sites\/23\/2024\/12\/polferries540.jpg);\">\n        <div class=\"post-box__info\">\n            <div class=\"post-box__title\">Veerboten van en naar Polen<\/div>\n      <div class=\"post-box__more\">Lees meer <\/div>\n    <\/div>\n  <\/a>\n\n          <\/div>\n              <div class=\"swiper-slide post-slide\">\n                      <a href=\"https:\/\/www.polen.travel\/nl\/havens-en-jachthavens\/\" class=\"post-box post-box--small\" style=\" background-image: url(https:\/\/www.polen.travel\/nl\/wp-content\/uploads\/sites\/23\/2024\/12\/GdyniaPort540.jpg);\">\n        <div class=\"post-box__info\">\n            <div class=\"post-box__title\">Havens en Jachthavens<\/div>\n      <div class=\"post-box__more\">Lees meer <\/div>\n    <\/div>\n  <\/a>\n\n          <\/div>\n              <div class=\"swiper-slide post-slide\">\n                      <a href=\"https:\/\/www.polen.travel\/nl\/kaartjes\/\" class=\"post-box post-box--small\" style=\" background-image: url(https:\/\/www.polen.travel\/nl\/wp-content\/uploads\/sites\/23\/2024\/12\/stena_line540.jpg);\">\n        <div class=\"post-box__info\">\n            <div class=\"post-box__title\">Kaartjes<\/div>\n      <div class=\"post-box__more\">Lees meer <\/div>\n    <\/div>\n  <\/a>\n\n          <\/div>\n          <\/div>\n    <div class=\"post-slider__pagination\"><\/div>\n  <\/div>\n<\/div>\n<\/div><\/div>\n\n\n\n<div style=\"height:100px\" aria-hidden=\"true\" class=\"wp-block-spacer is-style-spacer-small\"><\/div>\n\n\n\n<h3 class=\"wp-block-heading\"><\/h3>\n\n\n\n<div class=\"wp-block-group is-style-container\"><div class=\"wp-block-group__inner-container is-layout-constrained wp-block-group-is-layout-constrained\"><div class=\"overflow\">\n  <div class=\"post-slider swiper post-slider--small\" data-schema=\"small\">\n\n    <div class=\"swiper-wrapper\">\n              <div class=\"swiper-slide post-slide\">\n                      <a href=\"https:\/\/www.polen.travel\/nl\/vervoer-in-steden\/\" class=\"post-box post-box--small\" style=\" background-image: url(https:\/\/www.polen.travel\/nl\/wp-content\/uploads\/sites\/23\/2025\/01\/TransportMiejski_540.jpg);\">\n        <div class=\"post-box__info\">\n            <div class=\"post-box__title\">Vervoer in steden<\/div>\n      <div class=\"post-box__more\">Lees meer <\/div>\n    <\/div>\n  <\/a>\n\n          <\/div>\n              <div class=\"swiper-slide post-slide\">\n                      <a href=\"https:\/\/www.polen.travel\/nl\/reizen-anders\/\" class=\"post-box post-box--small\" style=\" background-image: url(https:\/\/www.polen.travel\/nl\/wp-content\/uploads\/sites\/23\/2025\/01\/WyprawaRowerowa540.jpg);\">\n        <div class=\"post-box__info\">\n            <div class=\"post-box__title\">Reizen anders<\/div>\n      <div class=\"post-box__more\">Lees meer <\/div>\n    <\/div>\n  <\/a>\n\n          <\/div>\n          <\/div>\n    <div class=\"post-slider__pagination\"><\/div>\n  <\/div>\n<\/div>\n<\/div><\/div>\n\n\n\n<div style=\"height:100px\" aria-hidden=\"true\" class=\"wp-block-spacer is-style-spacer-small\"><\/div>\n\n\n\n<div style=\"height:80px\" aria-hidden=\"true\" class=\"wp-block-spacer\"><\/div>\n\n\n\n<div class=\"wp-block-group has-background\" style=\"background-color:#f5f5f7\"><div class=\"wp-block-group__inner-container is-layout-constrained wp-block-group-is-layout-constrained\">\n<div style=\"height:80px\" aria-hidden=\"true\" class=\"wp-block-spacer\"><\/div>\n\n\n\n<h2 class=\"wp-block-heading has-text-align-center is-style-heading-38\">Photos from Poland<\/h2>\n\n\n\n<p class=\"has-text-align-center\">See photos of instagramers<\/p>\n\n\n\n<div style=\"height:40px\" aria-hidden=\"true\" class=\"wp-block-spacer\"><\/div>\n<\/div><\/div>\n\n\n\n<div id=\"sb_instagram\"  class=\"sbi sbi_mob_col_1 sbi_tab_col_6 sbi_col_6 sbi_width_resp\"\t data-feedid=\"*2\"  data-res=\"auto\" data-cols=\"6\" data-colsmobile=\"1\" data-colstablet=\"6\" data-num=\"12\" data-nummobile=\"6\" data-item-padding=\"0\"\t data-shortcode-atts=\"{&quot;feed&quot;:&quot;2&quot;}\"  data-postid=\"17926\" data-locatornonce=\"3b628ef06c\" data-imageaspectratio=\"1:1\" data-sbi-flags=\"favorLocal,gdpr\">\n\t\n\t<div id=\"sbi_images\" >\n\t\t\t<\/div>\n\n\t<div id=\"sbi_load\" >\n\n\t\n\t\n<\/div>\n\t\t<span class=\"sbi_resized_image_data\" data-feed-id=\"*2\"\n\t\t  data-resized=\"[]\">\n\t<\/span>\n\t<\/div>\n\n","protected":false},"excerpt":{"rendered":"<p>Reizen per&#8230;. Polen per vliegtuig Polen per trein Polen per auto Polen per bus Reizen met de boot Photos from Poland See photos of instagramers<\/p>\n","protected":false},"author":4,"featured_media":19586,"parent":0,"menu_order":0,"comment_status":"closed","ping_status":"closed","template":"","meta":{"_acf_changed":false,"footnotes":""},"class_list":["post-17926","page","type-page","status-publish","has-post-thumbnail","hentry"],"acf":[],"yoast_head":"<!-- This site is optimized with the Yoast SEO plugin v27.4 - https:\/\/yoast.com\/product\/yoast-seo-wordpress\/ -->\n<title>Reizen per.... - Polen Travel (NL)<\/title>\n<meta name=\"robots\" content=\"index, follow, max-snippet:-1, max-image-preview:large, max-video-preview:-1\" \/>\n<link rel=\"canonical\" href=\"https:\/\/wp-nl.poland.travel\/reizen-per\/\" \/>\n<meta property=\"og:locale\" content=\"pl_PL\" \/>\n<meta property=\"og:type\" content=\"article\" \/>\n<meta property=\"og:title\" content=\"Reizen per.... - Polen Travel (NL)\" \/>\n<meta property=\"og:description\" content=\"Reizen per&#8230;. Polen per vliegtuig Polen per trein Polen per auto Polen per bus Reizen met de boot Photos from Poland See photos of instagramers\" \/>\n<meta property=\"og:url\" content=\"https:\/\/wp-nl.poland.travel\/reizen-per\/\" \/>\n<meta property=\"og:site_name\" content=\"Polen Travel (NL)\" \/>\n<meta property=\"article:modified_time\" content=\"2025-01-14T11:32:21+00:00\" \/>\n<meta property=\"og:image\" content=\"https:\/\/wp-nl.poland.travel\/wp-content\/uploads\/sites\/23\/2023\/02\/264298808_stawa_mlyny_Swinoujscie.jpg\" \/>\n\t<meta property=\"og:image:width\" content=\"1920\" \/>\n\t<meta property=\"og:image:height\" content=\"558\" \/>\n\t<meta property=\"og:image:type\" content=\"image\/jpeg\" \/>\n<meta name=\"twitter:card\" content=\"summary_large_image\" \/>\n<meta name=\"twitter:label1\" content=\"Szacowany czas czytania\" \/>\n\t<meta name=\"twitter:data1\" content=\"1 minuta\" \/>\n<script type=\"application\/ld+json\" class=\"yoast-schema-graph\">{\"@context\":\"https:\\\/\\\/schema.org\",\"@graph\":[{\"@type\":\"WebPage\",\"@id\":\"https:\\\/\\\/wp-nl.poland.travel\\\/reizen-per\\\/\",\"url\":\"https:\\\/\\\/wp-nl.poland.travel\\\/reizen-per\\\/\",\"name\":\"Reizen per.... - Polen Travel (NL)\",\"isPartOf\":{\"@id\":\"https:\\\/\\\/wp-nl.poland.travel\\\/#website\"},\"primaryImageOfPage\":{\"@id\":\"https:\\\/\\\/wp-nl.poland.travel\\\/reizen-per\\\/#primaryimage\"},\"image\":{\"@id\":\"https:\\\/\\\/wp-nl.poland.travel\\\/reizen-per\\\/#primaryimage\"},\"thumbnailUrl\":\"https:\\\/\\\/www.polen.travel\\\/nl\\\/wp-content\\\/uploads\\\/sites\\\/23\\\/2023\\\/02\\\/264298808_stawa_mlyny_Swinoujscie.jpg\",\"datePublished\":\"2023-01-18T10:27:18+00:00\",\"dateModified\":\"2025-01-14T11:32:21+00:00\",\"breadcrumb\":{\"@id\":\"https:\\\/\\\/wp-nl.poland.travel\\\/reizen-per\\\/#breadcrumb\"},\"inLanguage\":\"pl-PL\",\"potentialAction\":[{\"@type\":\"ReadAction\",\"target\":[\"https:\\\/\\\/wp-nl.poland.travel\\\/reizen-per\\\/\"]}]},{\"@type\":\"ImageObject\",\"inLanguage\":\"pl-PL\",\"@id\":\"https:\\\/\\\/wp-nl.poland.travel\\\/reizen-per\\\/#primaryimage\",\"url\":\"https:\\\/\\\/www.polen.travel\\\/nl\\\/wp-content\\\/uploads\\\/sites\\\/23\\\/2023\\\/02\\\/264298808_stawa_mlyny_Swinoujscie.jpg\",\"contentUrl\":\"https:\\\/\\\/www.polen.travel\\\/nl\\\/wp-content\\\/uploads\\\/sites\\\/23\\\/2023\\\/02\\\/264298808_stawa_mlyny_Swinoujscie.jpg\",\"width\":1920,\"height\":558,\"caption\":\"The lighthouse Stawa M\u0142yny at \u015awinouj\u015bcie (german: Swinem\u00fcnde) at the harbor entry.\"},{\"@type\":\"BreadcrumbList\",\"@id\":\"https:\\\/\\\/wp-nl.poland.travel\\\/reizen-per\\\/#breadcrumb\",\"itemListElement\":[{\"@type\":\"ListItem\",\"position\":1,\"name\":\"Home page\",\"item\":\"https:\\\/\\\/www.polen.travel\\\/nl\\\/\"},{\"@type\":\"ListItem\",\"position\":2,\"name\":\"Reizen per&#8230;.\"}]},{\"@type\":\"WebSite\",\"@id\":\"https:\\\/\\\/wp-nl.poland.travel\\\/#website\",\"url\":\"https:\\\/\\\/wp-nl.poland.travel\\\/\",\"name\":\"Polen Travel (NL)\",\"description\":\"...\",\"publisher\":{\"@id\":\"https:\\\/\\\/wp-nl.poland.travel\\\/#organization\"},\"potentialAction\":[{\"@type\":\"SearchAction\",\"target\":{\"@type\":\"EntryPoint\",\"urlTemplate\":\"https:\\\/\\\/wp-nl.poland.travel\\\/?s={search_term_string}\"},\"query-input\":{\"@type\":\"PropertyValueSpecification\",\"valueRequired\":true,\"valueName\":\"search_term_string\"}}],\"inLanguage\":\"pl-PL\"},{\"@type\":\"Organization\",\"@id\":\"https:\\\/\\\/wp-nl.poland.travel\\\/#organization\",\"name\":\"Polen Travel (NL)\",\"url\":\"https:\\\/\\\/wp-nl.poland.travel\\\/\",\"logo\":{\"@type\":\"ImageObject\",\"inLanguage\":\"pl-PL\",\"@id\":\"https:\\\/\\\/wp-nl.poland.travel\\\/#\\\/schema\\\/logo\\\/image\\\/\",\"url\":\"https:\\\/\\\/en-en.polska.travel\\\/wp-content\\\/uploads\\\/sites\\\/23\\\/2022\\\/11\\\/logo.svg\",\"contentUrl\":\"https:\\\/\\\/en-en.polska.travel\\\/wp-content\\\/uploads\\\/sites\\\/23\\\/2022\\\/11\\\/logo.svg\",\"width\":198,\"height\":96,\"caption\":\"Polen Travel (NL)\"},\"image\":{\"@id\":\"https:\\\/\\\/wp-nl.poland.travel\\\/#\\\/schema\\\/logo\\\/image\\\/\"}}]}<\/script>\n<!-- \/ Yoast SEO plugin. -->","yoast_head_json":{"title":"Reizen per.... - Polen Travel (NL)","robots":{"index":"index","follow":"follow","max-snippet":"max-snippet:-1","max-image-preview":"max-image-preview:large","max-video-preview":"max-video-preview:-1"},"canonical":"https:\/\/wp-nl.poland.travel\/reizen-per\/","og_locale":"pl_PL","og_type":"article","og_title":"Reizen per.... - Polen Travel (NL)","og_description":"Reizen per&#8230;. Polen per vliegtuig Polen per trein Polen per auto Polen per bus Reizen met de boot Photos from Poland See photos of instagramers","og_url":"https:\/\/wp-nl.poland.travel\/reizen-per\/","og_site_name":"Polen Travel (NL)","article_modified_time":"2025-01-14T11:32:21+00:00","og_image":[{"width":1920,"height":558,"url":"https:\/\/wp-nl.poland.travel\/wp-content\/uploads\/sites\/23\/2023\/02\/264298808_stawa_mlyny_Swinoujscie.jpg","type":"image\/jpeg"}],"twitter_card":"summary_large_image","twitter_misc":{"Szacowany czas czytania":"1 minuta"},"schema":{"@context":"https:\/\/schema.org","@graph":[{"@type":"WebPage","@id":"https:\/\/wp-nl.poland.travel\/reizen-per\/","url":"https:\/\/wp-nl.poland.travel\/reizen-per\/","name":"Reizen per.... - Polen Travel (NL)","isPartOf":{"@id":"https:\/\/wp-nl.poland.travel\/#website"},"primaryImageOfPage":{"@id":"https:\/\/wp-nl.poland.travel\/reizen-per\/#primaryimage"},"image":{"@id":"https:\/\/wp-nl.poland.travel\/reizen-per\/#primaryimage"},"thumbnailUrl":"https:\/\/www.polen.travel\/nl\/wp-content\/uploads\/sites\/23\/2023\/02\/264298808_stawa_mlyny_Swinoujscie.jpg","datePublished":"2023-01-18T10:27:18+00:00","dateModified":"2025-01-14T11:32:21+00:00","breadcrumb":{"@id":"https:\/\/wp-nl.poland.travel\/reizen-per\/#breadcrumb"},"inLanguage":"pl-PL","potentialAction":[{"@type":"ReadAction","target":["https:\/\/wp-nl.poland.travel\/reizen-per\/"]}]},{"@type":"ImageObject","inLanguage":"pl-PL","@id":"https:\/\/wp-nl.poland.travel\/reizen-per\/#primaryimage","url":"https:\/\/www.polen.travel\/nl\/wp-content\/uploads\/sites\/23\/2023\/02\/264298808_stawa_mlyny_Swinoujscie.jpg","contentUrl":"https:\/\/www.polen.travel\/nl\/wp-content\/uploads\/sites\/23\/2023\/02\/264298808_stawa_mlyny_Swinoujscie.jpg","width":1920,"height":558,"caption":"The lighthouse Stawa M\u0142yny at \u015awinouj\u015bcie (german: Swinem\u00fcnde) at the harbor entry."},{"@type":"BreadcrumbList","@id":"https:\/\/wp-nl.poland.travel\/reizen-per\/#breadcrumb","itemListElement":[{"@type":"ListItem","position":1,"name":"Home page","item":"https:\/\/www.polen.travel\/nl\/"},{"@type":"ListItem","position":2,"name":"Reizen per&#8230;."}]},{"@type":"WebSite","@id":"https:\/\/wp-nl.poland.travel\/#website","url":"https:\/\/wp-nl.poland.travel\/","name":"Polen Travel (NL)","description":"...","publisher":{"@id":"https:\/\/wp-nl.poland.travel\/#organization"},"potentialAction":[{"@type":"SearchAction","target":{"@type":"EntryPoint","urlTemplate":"https:\/\/wp-nl.poland.travel\/?s={search_term_string}"},"query-input":{"@type":"PropertyValueSpecification","valueRequired":true,"valueName":"search_term_string"}}],"inLanguage":"pl-PL"},{"@type":"Organization","@id":"https:\/\/wp-nl.poland.travel\/#organization","name":"Polen Travel (NL)","url":"https:\/\/wp-nl.poland.travel\/","logo":{"@type":"ImageObject","inLanguage":"pl-PL","@id":"https:\/\/wp-nl.poland.travel\/#\/schema\/logo\/image\/","url":"https:\/\/en-en.polska.travel\/wp-content\/uploads\/sites\/23\/2022\/11\/logo.svg","contentUrl":"https:\/\/en-en.polska.travel\/wp-content\/uploads\/sites\/23\/2022\/11\/logo.svg","width":198,"height":96,"caption":"Polen Travel (NL)"},"image":{"@id":"https:\/\/wp-nl.poland.travel\/#\/schema\/logo\/image\/"}}]}},"_links":{"self":[{"href":"https:\/\/www.polen.travel\/nl\/wp-json\/wp\/v2\/pages\/17926","targetHints":{"allow":["GET"]}}],"collection":[{"href":"https:\/\/www.polen.travel\/nl\/wp-json\/wp\/v2\/pages"}],"about":[{"href":"https:\/\/www.polen.travel\/nl\/wp-json\/wp\/v2\/types\/page"}],"author":[{"embeddable":true,"href":"https:\/\/www.polen.travel\/nl\/wp-json\/wp\/v2\/users\/4"}],"replies":[{"embeddable":true,"href":"https:\/\/www.polen.travel\/nl\/wp-json\/wp\/v2\/comments?post=17926"}],"version-history":[{"count":208,"href":"https:\/\/www.polen.travel\/nl\/wp-json\/wp\/v2\/pages\/17926\/revisions"}],"predecessor-version":[{"id":33281,"href":"https:\/\/www.polen.travel\/nl\/wp-json\/wp\/v2\/pages\/17926\/revisions\/33281"}],"wp:featuredmedia":[{"embeddable":true,"href":"https:\/\/www.polen.travel\/nl\/wp-json\/wp\/v2\/media\/19586"}],"wp:attachment":[{"href":"https:\/\/www.polen.travel\/nl\/wp-json\/wp\/v2\/media?parent=17926"}],"curies":[{"name":"wp","href":"https:\/\/api.w.org\/{rel}","templated":true}]}}