{"id":607,"date":"2022-11-12T14:41:48","date_gmt":"2022-11-12T13:41:48","guid":{"rendered":"https:\/\/en-en.polska.travel\/?page_id=607"},"modified":"2025-07-01T12:31:06","modified_gmt":"2025-07-01T10:31:06","slug":"kontakt","status":"publish","type":"page","link":"https:\/\/www.polen.travel\/dk\/kontakt\/","title":{"rendered":"Kontakt os"},"content":{"rendered":"\n<div class=\"wp-block-group is-style-container-medium\"><div class=\"wp-block-group__inner-container is-layout-constrained wp-block-group-is-layout-constrained\">\n<h2 class=\"wp-block-heading is-style-heading-48\">Kontakt os<\/h2>\n\n\n\n<p><\/p>\n<\/div><\/div>\n\n\n\n<div style=\"height:100px\" aria-hidden=\"true\" class=\"wp-block-spacer is-style-spacer-medium\"><\/div>\n\n\n\n<div class=\"wp-block-group is-style-container-small\"><div class=\"wp-block-group__inner-container is-layout-constrained wp-block-group-is-layout-constrained\">\n<div class=\"contact\">\n    <div class=\"contact__form contact__form--no-bg\">\n    \n<div class=\"wpcf7 no-js\" id=\"wpcf7-f307-o1\" lang=\"pl-PL\" dir=\"ltr\" data-wpcf7-id=\"307\">\n<div class=\"screen-reader-response\"><p role=\"status\" aria-live=\"polite\" aria-atomic=\"true\"><\/p> <ul><\/ul><\/div>\n<form action=\"\/dk\/wp-json\/wp\/v2\/pages\/607#wpcf7-f307-o1\" method=\"post\" class=\"wpcf7-form init wpcf7-acceptance-as-validation\" aria-label=\"Formularz kontaktowy\" novalidate=\"novalidate\" data-status=\"init\">\n<fieldset class=\"hidden-fields-container\"><input type=\"hidden\" name=\"_wpcf7\" value=\"307\" \/><input type=\"hidden\" name=\"_wpcf7_version\" value=\"6.1.5\" \/><input type=\"hidden\" name=\"_wpcf7_locale\" value=\"pl_PL\" \/><input type=\"hidden\" name=\"_wpcf7_unit_tag\" value=\"wpcf7-f307-o1\" \/><input type=\"hidden\" name=\"_wpcf7_container_post\" value=\"0\" \/><input type=\"hidden\" name=\"_wpcf7_posted_data_hash\" value=\"\" \/><input type=\"hidden\" name=\"_wpcf7_recaptcha_response\" value=\"\" \/>\n<\/fieldset>\n<label class=\"field\"> \n<div class=\"field__label\">Navn: <\/div>\n<div class=\"field__field\"><span class=\"wpcf7-form-control-wrap\" data-name=\"your-name\"><input size=\"40\" maxlength=\"400\" class=\"wpcf7-form-control wpcf7-text wpcf7-validates-as-required\" aria-required=\"true\" aria-invalid=\"false\" placeholder=\"Navn\" value=\"\" type=\"text\" name=\"your-name\" \/><\/span><\/div>\n<\/label>\n\n<label class=\"field\"> \n<div class=\"field__label\">E-mail<\/div>\n<div class=\"field__field\"><span class=\"wpcf7-form-control-wrap\" data-name=\"your-email\"><input size=\"40\" maxlength=\"400\" class=\"wpcf7-form-control wpcf7-email wpcf7-validates-as-required wpcf7-text wpcf7-validates-as-email\" aria-required=\"true\" aria-invalid=\"false\" placeholder=\"e-mail\" value=\"\" type=\"email\" name=\"your-email\" \/><\/span><\/div>\n<\/label>\n\n<label class=\"field\"> \n<div class=\"field__label\">V\u00e6lg emne*<\/div>\n<div class=\"field__field\"><span class=\"wpcf7-form-control-wrap\" data-name=\"subject\"><select class=\"wpcf7-form-control wpcf7-select\" aria-invalid=\"false\" name=\"subject\"><option value=\"Jeg vil gerne indberette en fejl p\u00e5 hjemmesiden\">Jeg vil gerne indberette en fejl p\u00e5 hjemmesiden<\/option><option value=\"Jeg er turarrang\u00f8r, og mine oplysninger mangler i kataloget\">Jeg er turarrang\u00f8r, og mine oplysninger mangler i kataloget<\/option><option value=\"Jeg vil gerne give feedback, ros eller forslag til forbedring af hjemmesiden\">Jeg vil gerne give feedback, ros eller forslag til forbedring af hjemmesiden<\/option><option value=\"Anbefaling\">Anbefaling<\/option><option value=\"Andet\">Andet<\/option><\/select><\/span><\/div>\n<\/label>\n\n<label class=\"field\"> \n<div class=\"field__label\">Content*<\/div>\n<div class=\"field__field\"><span class=\"wpcf7-form-control-wrap\" data-name=\"your-message\"><textarea cols=\"40\" rows=\"10\" maxlength=\"2000\" class=\"wpcf7-form-control wpcf7-textarea\" aria-invalid=\"false\" placeholder=\"Content*\" name=\"your-message\"><\/textarea><\/span><\/div>\n<\/label>\n\n<div class=\"checkbox-wrapper\">\n<span class=\"wpcf7-form-control-wrap\" data-name=\"agree-2\"><span class=\"wpcf7-form-control wpcf7-acceptance\"><span class=\"wpcf7-list-item\"><label><input type=\"checkbox\" name=\"agree-2\" value=\"1\" aria-invalid=\"false\" \/><span class=\"wpcf7-list-item-label\"><span class=\"required-info\">*<\/span> <strong>* I henhold til art. 6 stk. 1, litra a) i Persondataforordningen af 27. april 2016 erkl\u00e6rer jeg mig indforst\u00e5et med, at Den Polske Turistorganisation baseret i Warszawa, ul. M\u0142ynarska 42, behandler mine personlige data indeholdt i formularen til abonnementet p\u00e5 nyhedsbrevet for at modtage nyhedsbreve med rejseoplysninger.\n\nSamtykket er frivilligt og kan til enhver tid tr\u00e6kkes tilbage ved at sende en e-mail til vores databeskyttelsesansvarlige (dpo@pot.gov.pl) fra den e-mailadresse, som samtykket vedr\u00f8rer. Manglende samtykke til behandling af data forhindrer os i at sende dig vores nyhedsbrev.<\/strong><\/span><\/label><\/span><\/span><\/span>\n<\/div>\n\n\n\n<div class=\"checkbox-wrapper\">\n<span class=\"wpcf7-form-control-wrap\" data-name=\"agree-2\"><span class=\"wpcf7-form-control wpcf7-acceptance\"><span class=\"wpcf7-list-item\"><label><input type=\"checkbox\" name=\"agree-2\" value=\"1\" aria-invalid=\"false\" \/><span class=\"wpcf7-list-item-label\"><span class=\"required-info\">*<\/span> <strong>* Jeg accepterer at modtage nyhedsbreve med turistinformation fra Den Polske Turistorganisation via elektroniske kommunikationskanaler til den af mig angivne e-mailadresse i henhold til lov af 18. juli 2002 om elektroniske tjenester.\nJeg accepterer at bruge min computer \/ b\u00e6rbar \/ tablet \/ mobiltelefon og andet telekommunikationsudstyr med det form\u00e5l at modtage nyhedsbreve fra Den Polske Turistorganisation.\n\nInformation om administrator og behandlingen af personoplysninger\n* Jeg har gjort mig bekendt med informationen om behandlingen af personoplysninger.<\/strong><\/span><\/label><\/span><\/span><\/span>\n<\/div>\n\n<div class=\"text-right relative\">\n\n<button type=\"submit\" class=\"wpcf7-form-control has-spinner wpcf7-submit btn btn--blue btn--send\">Send en besked<\/button>\n<div class=\"wpcf7-response-output\" aria-hidden=\"true\"><\/div>\n\n<\/div>\n<\/form>\n<\/div>\n  <\/div>\n<\/div>\n<\/div><\/div>\n","protected":false},"excerpt":{"rendered":"<p>Kontakt os<\/p>\n","protected":false},"author":1,"featured_media":0,"parent":0,"menu_order":0,"comment_status":"closed","ping_status":"closed","template":"","meta":{"_acf_changed":false,"footnotes":""},"class_list":["post-607","page","type-page","status-publish","hentry"],"acf":[],"yoast_head":"<!-- This site is optimized with the Yoast SEO plugin v27.4 - https:\/\/yoast.com\/product\/yoast-seo-wordpress\/ -->\n<title>Kontakt os - Polen Travel (DK)<\/title>\n<meta name=\"robots\" content=\"index, follow, max-snippet:-1, max-image-preview:large, max-video-preview:-1\" \/>\n<link rel=\"canonical\" href=\"https:\/\/wp-dk.poland.travel\/kontakt\/\" \/>\n<meta property=\"og:locale\" content=\"pl_PL\" \/>\n<meta property=\"og:type\" content=\"article\" \/>\n<meta property=\"og:title\" content=\"Kontakt os - Polen Travel (DK)\" \/>\n<meta property=\"og:description\" content=\"Kontakt os\" \/>\n<meta property=\"og:url\" content=\"https:\/\/wp-dk.poland.travel\/kontakt\/\" \/>\n<meta property=\"og:site_name\" content=\"Polen Travel (DK)\" \/>\n<meta property=\"article:modified_time\" content=\"2025-07-01T10:31:06+00:00\" \/>\n<meta name=\"twitter:card\" content=\"summary_large_image\" \/>\n<meta name=\"twitter:label1\" content=\"Szacowany czas czytania\" \/>\n\t<meta name=\"twitter:data1\" content=\"1 minuta\" \/>\n<script type=\"application\/ld+json\" class=\"yoast-schema-graph\">{\"@context\":\"https:\\\/\\\/schema.org\",\"@graph\":[{\"@type\":\"WebPage\",\"@id\":\"https:\\\/\\\/wp-dk.poland.travel\\\/kontakt\\\/\",\"url\":\"https:\\\/\\\/wp-dk.poland.travel\\\/kontakt\\\/\",\"name\":\"Kontakt os - Polen Travel (DK)\",\"isPartOf\":{\"@id\":\"https:\\\/\\\/www.polen.travel\\\/dk\\\/#website\"},\"datePublished\":\"2022-11-12T13:41:48+00:00\",\"dateModified\":\"2025-07-01T10:31:06+00:00\",\"breadcrumb\":{\"@id\":\"https:\\\/\\\/wp-dk.poland.travel\\\/kontakt\\\/#breadcrumb\"},\"inLanguage\":\"pl-PL\",\"potentialAction\":[{\"@type\":\"ReadAction\",\"target\":[\"https:\\\/\\\/wp-dk.poland.travel\\\/kontakt\\\/\"]}]},{\"@type\":\"BreadcrumbList\",\"@id\":\"https:\\\/\\\/wp-dk.poland.travel\\\/kontakt\\\/#breadcrumb\",\"itemListElement\":[{\"@type\":\"ListItem\",\"position\":1,\"name\":\"Home page\",\"item\":\"https:\\\/\\\/www.polen.travel\\\/dk\\\/\"},{\"@type\":\"ListItem\",\"position\":2,\"name\":\"Kontakt os\"}]},{\"@type\":\"WebSite\",\"@id\":\"https:\\\/\\\/www.polen.travel\\\/dk\\\/#website\",\"url\":\"https:\\\/\\\/www.polen.travel\\\/dk\\\/\",\"name\":\"Polen Travel (DK)\",\"description\":\"...\",\"publisher\":{\"@id\":\"https:\\\/\\\/www.polen.travel\\\/dk\\\/#organization\"},\"potentialAction\":[{\"@type\":\"SearchAction\",\"target\":{\"@type\":\"EntryPoint\",\"urlTemplate\":\"https:\\\/\\\/www.polen.travel\\\/dk\\\/?s={search_term_string}\"},\"query-input\":{\"@type\":\"PropertyValueSpecification\",\"valueRequired\":true,\"valueName\":\"search_term_string\"}}],\"inLanguage\":\"pl-PL\"},{\"@type\":\"Organization\",\"@id\":\"https:\\\/\\\/www.polen.travel\\\/dk\\\/#organization\",\"name\":\"Polen Travel (DK)\",\"url\":\"https:\\\/\\\/www.polen.travel\\\/dk\\\/\",\"logo\":{\"@type\":\"ImageObject\",\"inLanguage\":\"pl-PL\",\"@id\":\"https:\\\/\\\/www.polen.travel\\\/dk\\\/#\\\/schema\\\/logo\\\/image\\\/\",\"url\":\"https:\\\/\\\/en-en.polska.travel\\\/wp-content\\\/uploads\\\/sites\\\/24\\\/2022\\\/11\\\/logo.svg\",\"contentUrl\":\"https:\\\/\\\/en-en.polska.travel\\\/wp-content\\\/uploads\\\/sites\\\/24\\\/2022\\\/11\\\/logo.svg\",\"width\":198,\"height\":96,\"caption\":\"Polen Travel (DK)\"},\"image\":{\"@id\":\"https:\\\/\\\/www.polen.travel\\\/dk\\\/#\\\/schema\\\/logo\\\/image\\\/\"}}]}<\/script>\n<!-- \/ Yoast SEO plugin. -->","yoast_head_json":{"title":"Kontakt os - Polen Travel (DK)","robots":{"index":"index","follow":"follow","max-snippet":"max-snippet:-1","max-image-preview":"max-image-preview:large","max-video-preview":"max-video-preview:-1"},"canonical":"https:\/\/wp-dk.poland.travel\/kontakt\/","og_locale":"pl_PL","og_type":"article","og_title":"Kontakt os - Polen Travel (DK)","og_description":"Kontakt os","og_url":"https:\/\/wp-dk.poland.travel\/kontakt\/","og_site_name":"Polen Travel (DK)","article_modified_time":"2025-07-01T10:31:06+00:00","twitter_card":"summary_large_image","twitter_misc":{"Szacowany czas czytania":"1 minuta"},"schema":{"@context":"https:\/\/schema.org","@graph":[{"@type":"WebPage","@id":"https:\/\/wp-dk.poland.travel\/kontakt\/","url":"https:\/\/wp-dk.poland.travel\/kontakt\/","name":"Kontakt os - Polen Travel (DK)","isPartOf":{"@id":"https:\/\/www.polen.travel\/dk\/#website"},"datePublished":"2022-11-12T13:41:48+00:00","dateModified":"2025-07-01T10:31:06+00:00","breadcrumb":{"@id":"https:\/\/wp-dk.poland.travel\/kontakt\/#breadcrumb"},"inLanguage":"pl-PL","potentialAction":[{"@type":"ReadAction","target":["https:\/\/wp-dk.poland.travel\/kontakt\/"]}]},{"@type":"BreadcrumbList","@id":"https:\/\/wp-dk.poland.travel\/kontakt\/#breadcrumb","itemListElement":[{"@type":"ListItem","position":1,"name":"Home page","item":"https:\/\/www.polen.travel\/dk\/"},{"@type":"ListItem","position":2,"name":"Kontakt os"}]},{"@type":"WebSite","@id":"https:\/\/www.polen.travel\/dk\/#website","url":"https:\/\/www.polen.travel\/dk\/","name":"Polen Travel (DK)","description":"...","publisher":{"@id":"https:\/\/www.polen.travel\/dk\/#organization"},"potentialAction":[{"@type":"SearchAction","target":{"@type":"EntryPoint","urlTemplate":"https:\/\/www.polen.travel\/dk\/?s={search_term_string}"},"query-input":{"@type":"PropertyValueSpecification","valueRequired":true,"valueName":"search_term_string"}}],"inLanguage":"pl-PL"},{"@type":"Organization","@id":"https:\/\/www.polen.travel\/dk\/#organization","name":"Polen Travel (DK)","url":"https:\/\/www.polen.travel\/dk\/","logo":{"@type":"ImageObject","inLanguage":"pl-PL","@id":"https:\/\/www.polen.travel\/dk\/#\/schema\/logo\/image\/","url":"https:\/\/en-en.polska.travel\/wp-content\/uploads\/sites\/24\/2022\/11\/logo.svg","contentUrl":"https:\/\/en-en.polska.travel\/wp-content\/uploads\/sites\/24\/2022\/11\/logo.svg","width":198,"height":96,"caption":"Polen Travel (DK)"},"image":{"@id":"https:\/\/www.polen.travel\/dk\/#\/schema\/logo\/image\/"}}]}},"_links":{"self":[{"href":"https:\/\/www.polen.travel\/dk\/wp-json\/wp\/v2\/pages\/607","targetHints":{"allow":["GET"]}}],"collection":[{"href":"https:\/\/www.polen.travel\/dk\/wp-json\/wp\/v2\/pages"}],"about":[{"href":"https:\/\/www.polen.travel\/dk\/wp-json\/wp\/v2\/types\/page"}],"author":[{"embeddable":true,"href":"https:\/\/www.polen.travel\/dk\/wp-json\/wp\/v2\/users\/1"}],"replies":[{"embeddable":true,"href":"https:\/\/www.polen.travel\/dk\/wp-json\/wp\/v2\/comments?post=607"}],"version-history":[{"count":14,"href":"https:\/\/www.polen.travel\/dk\/wp-json\/wp\/v2\/pages\/607\/revisions"}],"predecessor-version":[{"id":33972,"href":"https:\/\/www.polen.travel\/dk\/wp-json\/wp\/v2\/pages\/607\/revisions\/33972"}],"wp:attachment":[{"href":"https:\/\/www.polen.travel\/dk\/wp-json\/wp\/v2\/media?parent=607"}],"curies":[{"name":"wp","href":"https:\/\/api.w.org\/{rel}","templated":true}]}}