{"id":34776,"date":"2026-03-26T10:31:53","date_gmt":"2026-03-26T09:31:53","guid":{"rendered":"https:\/\/www.polen.travel\/dk\/?page_id=34776"},"modified":"2026-03-26T10:40:14","modified_gmt":"2026-03-26T09:40:14","slug":"skjulte-perler-i-polen","status":"publish","type":"page","link":"https:\/\/www.polen.travel\/dk\/skjulte-perler-i-polen\/","title":{"rendered":"Skjulte perler i Polen"},"content":{"rendered":"\n<h1 class=\"wp-block-heading\">Skjulte perler i Polen<\/h1>\n\n\n\n<div style=\"height:50px\" aria-hidden=\"true\" class=\"wp-block-spacer\"><\/div>\n\n\n\n<p>Polen er fuld af steder, som stadig venter p\u00e5 at blive opdaget. Uden for de mest kendte byer og sev\u00e6rdigheder findes <strong>skjulte perler<\/strong>, der byder p\u00e5 \u00e6gte oplevelser, uventet sk\u00f8nhed og f\u00f8lelsen af at have fundet noget helt s\u00e6rligt. Det kan v\u00e6re en lille historisk by, en rolig kystdestination, et eventyrligt slot, en glemt tr\u00e6kirke, et charmerende kursted eller et natursk\u00f8nt omr\u00e5de langt fra de store turiststr\u00f8mme.<\/p>\n\n\n\n<p>Her samler vi inspirerende tips til dig, der gerne vil opleve et andet Polen \u2013 mere stille, mere personligt og ofte t\u00e6ttere p\u00e5 det lokale liv. <strong>Skjulte perler i Polen<\/strong> passer b\u00e5de til dig, der s\u00f8ger <strong>kultur<\/strong>, <strong>natur<\/strong>, <strong>historie<\/strong> og <strong>arkitektur<\/strong>, og til dig, der bare gerne vil rejse p\u00e5 en lidt anderledes m\u00e5de.<\/p>\n\n\n\n<p>Lad dig inspirere af steder med <strong>unik atmosf\u00e6re<\/strong>, <strong>sp\u00e6ndende fort\u00e6llinger<\/strong> og <strong>mindev\u00e6rdige omgivelser<\/strong>. M\u00e5ske finder du din n\u00e6ste yndlingsdestination netop her.<\/p>\n\n\n\n<div style=\"height:100px\" aria-hidden=\"true\" class=\"wp-block-spacer\"><\/div>\n\n\n","protected":false},"excerpt":{"rendered":"<p>Skjulte perler i Polen Polen er fuld af steder, som stadig venter p\u00e5 at blive opdaget. Uden for de mest kendte byer og sev\u00e6rdigheder findes skjulte perler, der byder p\u00e5 \u00e6gte oplevelser, uventet sk\u00f8nhed og f\u00f8lelsen af at have fundet noget helt s\u00e6rligt. Det kan v\u00e6re en lille historisk by, en rolig kystdestination, et eventyrligt [&hellip;]<\/p>\n","protected":false},"author":32,"featured_media":0,"parent":0,"menu_order":0,"comment_status":"closed","ping_status":"closed","template":"","meta":{"_acf_changed":false,"footnotes":""},"class_list":["post-34776","page","type-page","status-publish","hentry"],"acf":[],"yoast_head":"<!-- This site is optimized with the Yoast SEO plugin v27.4 - https:\/\/yoast.com\/product\/yoast-seo-wordpress\/ -->\n<title>Skjulte perler i Polen - Polen Travel (DK)<\/title>\n<meta name=\"description\" content=\"Oplev skjulte perler i Polen \u2013 charmerende sm\u00e5 byer, natursk\u00f8nne steder, historiske milj\u00f8er og unikke oplevelser v\u00e6k fra de s\u00e6dvanlige turiststr\u00f8mme.\" \/>\n<meta name=\"robots\" content=\"index, follow, max-snippet:-1, max-image-preview:large, max-video-preview:-1\" \/>\n<link rel=\"canonical\" href=\"https:\/\/wp-dk.poland.travel\/skjulte-perler-i-polen\/\" \/>\n<meta property=\"og:locale\" content=\"pl_PL\" \/>\n<meta property=\"og:type\" content=\"article\" \/>\n<meta property=\"og:title\" content=\"Skjulte perler i Polen - Polen Travel (DK)\" \/>\n<meta property=\"og:description\" content=\"Oplev skjulte perler i Polen \u2013 charmerende sm\u00e5 byer, natursk\u00f8nne steder, historiske milj\u00f8er og unikke oplevelser v\u00e6k fra de s\u00e6dvanlige turiststr\u00f8mme.\" \/>\n<meta property=\"og:url\" content=\"https:\/\/wp-dk.poland.travel\/skjulte-perler-i-polen\/\" \/>\n<meta property=\"og:site_name\" content=\"Polen Travel (DK)\" \/>\n<meta property=\"article:modified_time\" content=\"2026-03-26T09:40:14+00:00\" \/>\n<meta name=\"twitter:card\" content=\"summary_large_image\" \/>\n<meta name=\"twitter:label1\" content=\"Szacowany czas czytania\" \/>\n\t<meta name=\"twitter:data1\" content=\"1 minuta\" \/>\n<script type=\"application\/ld+json\" class=\"yoast-schema-graph\">{\"@context\":\"https:\\\/\\\/schema.org\",\"@graph\":[{\"@type\":\"WebPage\",\"@id\":\"https:\\\/\\\/wp-dk.poland.travel\\\/skjulte-perler-i-polen\\\/\",\"url\":\"https:\\\/\\\/wp-dk.poland.travel\\\/skjulte-perler-i-polen\\\/\",\"name\":\"Skjulte perler i Polen - Polen Travel (DK)\",\"isPartOf\":{\"@id\":\"https:\\\/\\\/www.polen.travel\\\/dk\\\/#website\"},\"datePublished\":\"2026-03-26T09:31:53+00:00\",\"dateModified\":\"2026-03-26T09:40:14+00:00\",\"description\":\"Oplev skjulte perler i Polen \u2013 charmerende sm\u00e5 byer, natursk\u00f8nne steder, historiske milj\u00f8er og unikke oplevelser v\u00e6k fra de s\u00e6dvanlige turiststr\u00f8mme.\",\"breadcrumb\":{\"@id\":\"https:\\\/\\\/wp-dk.poland.travel\\\/skjulte-perler-i-polen\\\/#breadcrumb\"},\"inLanguage\":\"pl-PL\",\"potentialAction\":[{\"@type\":\"ReadAction\",\"target\":[\"https:\\\/\\\/wp-dk.poland.travel\\\/skjulte-perler-i-polen\\\/\"]}]},{\"@type\":\"BreadcrumbList\",\"@id\":\"https:\\\/\\\/wp-dk.poland.travel\\\/skjulte-perler-i-polen\\\/#breadcrumb\",\"itemListElement\":[{\"@type\":\"ListItem\",\"position\":1,\"name\":\"Home page\",\"item\":\"https:\\\/\\\/www.polen.travel\\\/dk\\\/\"},{\"@type\":\"ListItem\",\"position\":2,\"name\":\"Skjulte perler i Polen\"}]},{\"@type\":\"WebSite\",\"@id\":\"https:\\\/\\\/www.polen.travel\\\/dk\\\/#website\",\"url\":\"https:\\\/\\\/www.polen.travel\\\/dk\\\/\",\"name\":\"Polen Travel (DK)\",\"description\":\"...\",\"publisher\":{\"@id\":\"https:\\\/\\\/www.polen.travel\\\/dk\\\/#organization\"},\"potentialAction\":[{\"@type\":\"SearchAction\",\"target\":{\"@type\":\"EntryPoint\",\"urlTemplate\":\"https:\\\/\\\/www.polen.travel\\\/dk\\\/?s={search_term_string}\"},\"query-input\":{\"@type\":\"PropertyValueSpecification\",\"valueRequired\":true,\"valueName\":\"search_term_string\"}}],\"inLanguage\":\"pl-PL\"},{\"@type\":\"Organization\",\"@id\":\"https:\\\/\\\/www.polen.travel\\\/dk\\\/#organization\",\"name\":\"Polen Travel (DK)\",\"url\":\"https:\\\/\\\/www.polen.travel\\\/dk\\\/\",\"logo\":{\"@type\":\"ImageObject\",\"inLanguage\":\"pl-PL\",\"@id\":\"https:\\\/\\\/www.polen.travel\\\/dk\\\/#\\\/schema\\\/logo\\\/image\\\/\",\"url\":\"https:\\\/\\\/en-en.polska.travel\\\/wp-content\\\/uploads\\\/sites\\\/24\\\/2022\\\/11\\\/logo.svg\",\"contentUrl\":\"https:\\\/\\\/en-en.polska.travel\\\/wp-content\\\/uploads\\\/sites\\\/24\\\/2022\\\/11\\\/logo.svg\",\"width\":198,\"height\":96,\"caption\":\"Polen Travel (DK)\"},\"image\":{\"@id\":\"https:\\\/\\\/www.polen.travel\\\/dk\\\/#\\\/schema\\\/logo\\\/image\\\/\"}}]}<\/script>\n<!-- \/ Yoast SEO plugin. -->","yoast_head_json":{"title":"Skjulte perler i Polen - Polen Travel (DK)","description":"Oplev skjulte perler i Polen \u2013 charmerende sm\u00e5 byer, natursk\u00f8nne steder, historiske milj\u00f8er og unikke oplevelser v\u00e6k fra de s\u00e6dvanlige turiststr\u00f8mme.","robots":{"index":"index","follow":"follow","max-snippet":"max-snippet:-1","max-image-preview":"max-image-preview:large","max-video-preview":"max-video-preview:-1"},"canonical":"https:\/\/wp-dk.poland.travel\/skjulte-perler-i-polen\/","og_locale":"pl_PL","og_type":"article","og_title":"Skjulte perler i Polen - Polen Travel (DK)","og_description":"Oplev skjulte perler i Polen \u2013 charmerende sm\u00e5 byer, natursk\u00f8nne steder, historiske milj\u00f8er og unikke oplevelser v\u00e6k fra de s\u00e6dvanlige turiststr\u00f8mme.","og_url":"https:\/\/wp-dk.poland.travel\/skjulte-perler-i-polen\/","og_site_name":"Polen Travel (DK)","article_modified_time":"2026-03-26T09:40:14+00:00","twitter_card":"summary_large_image","twitter_misc":{"Szacowany czas czytania":"1 minuta"},"schema":{"@context":"https:\/\/schema.org","@graph":[{"@type":"WebPage","@id":"https:\/\/wp-dk.poland.travel\/skjulte-perler-i-polen\/","url":"https:\/\/wp-dk.poland.travel\/skjulte-perler-i-polen\/","name":"Skjulte perler i Polen - Polen Travel (DK)","isPartOf":{"@id":"https:\/\/www.polen.travel\/dk\/#website"},"datePublished":"2026-03-26T09:31:53+00:00","dateModified":"2026-03-26T09:40:14+00:00","description":"Oplev skjulte perler i Polen \u2013 charmerende sm\u00e5 byer, natursk\u00f8nne steder, historiske milj\u00f8er og unikke oplevelser v\u00e6k fra de s\u00e6dvanlige turiststr\u00f8mme.","breadcrumb":{"@id":"https:\/\/wp-dk.poland.travel\/skjulte-perler-i-polen\/#breadcrumb"},"inLanguage":"pl-PL","potentialAction":[{"@type":"ReadAction","target":["https:\/\/wp-dk.poland.travel\/skjulte-perler-i-polen\/"]}]},{"@type":"BreadcrumbList","@id":"https:\/\/wp-dk.poland.travel\/skjulte-perler-i-polen\/#breadcrumb","itemListElement":[{"@type":"ListItem","position":1,"name":"Home page","item":"https:\/\/www.polen.travel\/dk\/"},{"@type":"ListItem","position":2,"name":"Skjulte perler i Polen"}]},{"@type":"WebSite","@id":"https:\/\/www.polen.travel\/dk\/#website","url":"https:\/\/www.polen.travel\/dk\/","name":"Polen Travel (DK)","description":"...","publisher":{"@id":"https:\/\/www.polen.travel\/dk\/#organization"},"potentialAction":[{"@type":"SearchAction","target":{"@type":"EntryPoint","urlTemplate":"https:\/\/www.polen.travel\/dk\/?s={search_term_string}"},"query-input":{"@type":"PropertyValueSpecification","valueRequired":true,"valueName":"search_term_string"}}],"inLanguage":"pl-PL"},{"@type":"Organization","@id":"https:\/\/www.polen.travel\/dk\/#organization","name":"Polen Travel (DK)","url":"https:\/\/www.polen.travel\/dk\/","logo":{"@type":"ImageObject","inLanguage":"pl-PL","@id":"https:\/\/www.polen.travel\/dk\/#\/schema\/logo\/image\/","url":"https:\/\/en-en.polska.travel\/wp-content\/uploads\/sites\/24\/2022\/11\/logo.svg","contentUrl":"https:\/\/en-en.polska.travel\/wp-content\/uploads\/sites\/24\/2022\/11\/logo.svg","width":198,"height":96,"caption":"Polen Travel (DK)"},"image":{"@id":"https:\/\/www.polen.travel\/dk\/#\/schema\/logo\/image\/"}}]}},"_links":{"self":[{"href":"https:\/\/www.polen.travel\/dk\/wp-json\/wp\/v2\/pages\/34776","targetHints":{"allow":["GET"]}}],"collection":[{"href":"https:\/\/www.polen.travel\/dk\/wp-json\/wp\/v2\/pages"}],"about":[{"href":"https:\/\/www.polen.travel\/dk\/wp-json\/wp\/v2\/types\/page"}],"author":[{"embeddable":true,"href":"https:\/\/www.polen.travel\/dk\/wp-json\/wp\/v2\/users\/32"}],"replies":[{"embeddable":true,"href":"https:\/\/www.polen.travel\/dk\/wp-json\/wp\/v2\/comments?post=34776"}],"version-history":[{"count":3,"href":"https:\/\/www.polen.travel\/dk\/wp-json\/wp\/v2\/pages\/34776\/revisions"}],"predecessor-version":[{"id":34780,"href":"https:\/\/www.polen.travel\/dk\/wp-json\/wp\/v2\/pages\/34776\/revisions\/34780"}],"wp:attachment":[{"href":"https:\/\/www.polen.travel\/dk\/wp-json\/wp\/v2\/media?parent=34776"}],"curies":[{"name":"wp","href":"https:\/\/api.w.org\/{rel}","templated":true}]}}