{"id":34154,"date":"2026-03-20T15:28:06","date_gmt":"2026-03-20T14:28:06","guid":{"rendered":"https:\/\/www.polen.travel\/dk\/?page_id=34154"},"modified":"2026-03-26T12:23:54","modified_gmt":"2026-03-26T11:23:54","slug":"polsk-mad","status":"publish","type":"page","link":"https:\/\/www.polen.travel\/dk\/polsk-mad\/","title":{"rendered":"Mad og traditioner"},"content":{"rendered":"\n<div class=\"wp-block-group is-style-container-medium\"><div class=\"wp-block-group__inner-container is-layout-constrained wp-block-group-is-layout-constrained\">\n<h2 class=\"wp-block-heading\">Mad og traditioner<\/h2>\n\n\n\n<div style=\"height:100px\" aria-hidden=\"true\" class=\"wp-block-spacer\"><\/div>\n\n\n\n<p><strong>G\u00e6stfrihed<\/strong> har traditionelt v\u00e6ret, og er stadig, noget der forbindes med vores smukke land, som er \u00e5bent for turister. Den <strong>polske g\u00e6stfrihed<\/strong> er legendarisk og g\u00e5r tilbage til <strong>sarmatismen<\/strong>, adelens skikke og festligheder. At \u00e5bne d\u00f8ren for alle rejsende var et sp\u00f8rgsm\u00e5l om almindelig <strong>\u00e6re<\/strong>.<\/p>\n\n\n\n<p>Det velkendte ordsprog <strong>\u201eG\u00e6st i huset, Gud i huset\u201d<\/strong> afspejler denne polske g\u00e6stfrihed. Disse ord, som udtales i begyndelsen af et bes\u00f8g, viser gl\u00e6den ved at have g\u00e6ster i sit hjem.<\/p>\n\n\n\n<p>I dag kan vores g\u00e6ster opleve dette b\u00e5de p\u00e5 <strong>storbyhoteller<\/strong>, p\u00e5 malerisk beliggende <strong>herreg\u00e5rde<\/strong> og <strong>paladser<\/strong> samt i idylliske omgivelser p\u00e5 <strong>agroturismeg\u00e5rde<\/strong> eller p\u00e5 <strong>ving\u00e5rde<\/strong> p\u00e5 landet.<\/p>\n\n\n\n<p>Vores g\u00e6stfrihed er ogs\u00e5 ul\u00f8seligt knyttet til vores <strong>velsmagende k\u00f8kken<\/strong>. De polske <strong>kulinariske rundrejser<\/strong> byder p\u00e5 fristende forslag til, hvordan man kan l\u00e6re Polen at kende ved at nyde madens l\u00e6kkerier. De d\u00e6kker hele landet og g\u00e5r via turistattraktioner som <strong>historiske byer<\/strong>, <strong>museer<\/strong>, <strong>slotte<\/strong>, <strong>nationalparker<\/strong>, <strong>helligdomme<\/strong>, <strong>underjordiske ruter<\/strong> og <strong>rekreative omr\u00e5der<\/strong>.<\/p>\n\n\n\n<p>Sammen med de kulinariske l\u00e6kkerier udg\u00f8r alle disse attraktioner charmen ved de lokale rundrejser. Uanset om det er i <strong>bjergene<\/strong> eller ved <strong>havet<\/strong>, p\u00e5 <strong>sletterne<\/strong>, i <strong>h\u00f8jlandet<\/strong> eller blandt <strong>s\u00f8er<\/strong>, spreder smagene deres magi efter det gamle ordsprog <strong>\u201evejen til hjertet g\u00e5r gennem maven\u201d<\/strong>, som f\u00e5r en ny betydning under en kulinarisk rundrejse.<\/p>\n<\/div><\/div>\n\n\n\n<div style=\"height:50px\" aria-hidden=\"true\" class=\"wp-block-spacer\"><\/div>\n\n\n\n<div class=\"wp-block-group is-style-container\"><div class=\"wp-block-group__inner-container is-layout-constrained wp-block-group-is-layout-constrained\">\n  <div class=\"links-tiles links-tiles--rows-2-3\">\n          <div class=\"links-tiles__item\">\n          <a href=\"https:\/\/www.polen.travel\/dk\/polen-pa-europas-vinkort\/\" class=\"link-box\" style=\" background-image: url(https:\/\/www.polen.travel\/dk\/wp-content\/uploads\/sites\/24\/2026\/03\/Winogrono1-960x1200.jpg);\">\n              <div class=\"link-box__hover\" style=\"background-image: url(https:\/\/www.polen.travel\/dk\/wp-content\/uploads\/sites\/24\/2026\/03\/Winogrono333-1200x800.jpg);\"><\/div>\n        <div class=\"link-box__info\">\n      <div class=\"link-box__title\">Polen p\u00e5 Europas vinkort<\/div>\n      <div class=\"link-box__more\">Se mere<\/div>\n    <\/div>\n  <\/a>\n\n        <\/div>\n\n          <div class=\"links-tiles__item\">\n          <a href=\"https:\/\/www.polen.travel\/dk\/kulinarisk-opblomstring-8-polske-restauranter-pa-la-liste\/\" class=\"link-box\" style=\" background-image: url(https:\/\/www.polen.travel\/dk\/wp-content\/uploads\/sites\/24\/2025\/03\/rest1.jpg);\">\n              <div class=\"link-box__hover\" style=\"background-image: url(https:\/\/www.polen.travel\/dk\/wp-content\/uploads\/sites\/24\/2025\/03\/rest2.jpg);\"><\/div>\n        <div class=\"link-box__info\">\n      <div class=\"link-box__title\">Kulinarisk opblomstring \u2013 8 polske restauranter p\u00e5 LA LISTE<\/div>\n      <div class=\"link-box__more\">Se mere<\/div>\n    <\/div>\n  <\/a>\n\n        <\/div>\n\n      <\/div>\n\n<\/div><\/div>\n\n\n\n<div style=\"height:50px\" aria-hidden=\"true\" class=\"wp-block-spacer\"><\/div>\n\n\n\n<div class=\"wp-block-group is-style-container-medium\"><div class=\"wp-block-group__inner-container is-layout-constrained wp-block-group-is-layout-constrained\">\n<h2 class=\"wp-block-heading is-style-heading-24\">Traditioner<\/h2>\n\n\n\n<div style=\"height:30px\" aria-hidden=\"true\" class=\"wp-block-spacer\"><\/div>\n\n\n\n<p>De polske veje f\u00f8rer dig til sp\u00e6ndende steder med <strong>lokale skikke<\/strong> og us\u00e6dvanlige <strong>traditioner<\/strong>. Den vigtigste af dem er \u2026 den <strong>polske g\u00e6stfrihed<\/strong>. Den oplever du is\u00e6r p\u00e5 den polske <strong>landsbygd<\/strong>, hvor du ud over velorganiserede og veludstyrede <strong>agroturismeg\u00e5rde<\/strong> finder smukke <strong>landskaber<\/strong>, regionernes <strong>kulturelle<\/strong> og <strong>kulinariske rigdom<\/strong> samt et v\u00e6ld af <strong>traditionelle<\/strong> og <strong>lokale produkter<\/strong>.<\/p>\n\n\n\n<p>I den maleriske landsby <strong>Koniak\u00f3w<\/strong>, som ligger i det sydlige Polen i <strong>Schlesien<\/strong>, kan du se og k\u00f8be us\u00e6dvanlige <strong>blondearbejder<\/strong>. Landsbyen har sin helt s\u00e6rlige karakter takket v\u00e6re den mere end to hundrede \u00e5r gamle, men stadig levende, tradition for at h\u00e6kle fantastiske <strong>blondekreationer<\/strong>. <strong>Blonderne fra Koniak\u00f3w<\/strong> er blevet s\u00e5 kendte, at mange gerne vil eje dem. Sm\u00e5 blomster, fantasifulde blade og fine knopper g\u00e5r igen i m\u00f8nstrene. <strong>Kjoler<\/strong>, <strong>sjaler<\/strong>, <strong>duge<\/strong>, <strong>servietter<\/strong> og <strong>gardiner<\/strong> h\u00f8rer til det klassiske sortiment. Da blondekunstnerne senere begyndte at f\u00e5 bestillinger p\u00e5 <strong>undert\u00f8j<\/strong>, skabte det debat. Selv om nogle af disse kreationer stadig v\u00e6kker opsigt, findes der i dag mange smukke v\u00e6rker fra blondekunstnere i Koniak\u00f3w med navne som <strong>\u201eSubtle Heart\u201d<\/strong> og <strong>\u201eSwan Grace\u201d<\/strong>.<\/p>\n\n\n\n<p><strong>Folkloren i \u0141owicz<\/strong> er et andet fascinerende eksempel p\u00e5 us\u00e6dvanlige traditioner og dragter. <strong>\u0141owicz<\/strong>, en lille by i <strong>\u0141\u00f3d\u017a-voivodskabet<\/strong>, er kendt for sin farverige <strong>folkekultur<\/strong> med <strong>dragter<\/strong>, <strong>dialekt<\/strong>, <strong>dans<\/strong>, <strong>musik<\/strong>, <strong>festivaler<\/strong> og <strong>h\u00e5ndv\u00e6rk<\/strong>, blandt andet de ber\u00f8mte udklip i farvet papir. <strong>\u0141owicz-dragten<\/strong> er en af de mest farverige og karakteristiske <strong>polske folkedragter<\/strong>, og den b\u00e6res stadig i dag. Elementer fra dens sk\u00f8nhed har ogs\u00e5 inspireret andre regioner. <strong>Kristi Legemsfest<\/strong> fejres p\u00e5 en s\u00e6rlig smuk m\u00e5de i \u0141owicz med en farverig procession, hvor den traditionelle folkedragt straks fanger alles blik.<\/p>\n\n\n\n<p><strong>Festlige skikke<\/strong> er naturligvis t\u00e6t forbundet med polske traditioner. Den <strong>polske p\u00e5ske<\/strong> ledsages traditionelt af mange farverige begivenheder og <strong>turistattraktioner<\/strong>. I Polen er p\u00e5sken noget s\u00e6rligt, fordi den i \u00e5rhundreder har v\u00e6ret en vigtig del af landets <strong>tradition<\/strong> og <strong>kultur<\/strong>. Her finder man <strong>p\u00e5skemarkeder<\/strong>, <strong>messer<\/strong>, <strong>farverige processioner<\/strong> i forbindelse med <strong>palmes\u00f8ndag<\/strong> samt konkurrencer om den smukkeste eller st\u00f8rste <strong>p\u00e5skepalme<\/strong>. Dertil kommer <strong>p\u00e5skefestivaler<\/strong>, <strong>dekoration af p\u00e5ske\u00e6g<\/strong> og glade lege, som traditionelt h\u00f8rer til h\u00f8jtiden. <strong>Velsignelsen af mad<\/strong> i farverigt dekorerede kurve p\u00e5 <strong>p\u00e5skel\u00f8rdag<\/strong> er uden tvivl en s\u00e6rlig stemningsfuld og attraktiv tradition.<\/p>\n\n\n\n<p>Den <strong>polske jul<\/strong> forbindes derimod med et glitrende <strong>juletr\u00e6<\/strong>, duften af <strong>peberkager<\/strong> og smukke <strong>julesange<\/strong>. Unikke gaver, smukke <strong>juledekorationer<\/strong> og den vidunderlige duft af forskellige <strong>juleretter<\/strong> er blot nogle af de oplevelser, man finder p\u00e5 de <strong>julemarkeder<\/strong>, som dukker op f\u00f8r jul i polske byer og sm\u00e5byer. <strong>Julemarkederne<\/strong> er blevet store succeser og er elsket af b\u00e5de <strong>turister<\/strong> og <strong>lokalbefolkning<\/strong>.<\/p>\n\n\n\n<p>Lad dig inspirere af disse unikke <strong>traditioner<\/strong>, rejs til <strong>Polen<\/strong> og udforsk mange s\u00e6rlige steder, hvor du m\u00f8der rig <strong>folklore<\/strong> og <strong>g\u00e6stfrie indbyggere<\/strong>.<\/p>\n<\/div><\/div>\n\n\n\n<div style=\"height:100px\" aria-hidden=\"true\" class=\"wp-block-spacer\"><\/div>\n\n\n\n<div class=\"wp-block-group is-style-container\"><div class=\"wp-block-group__inner-container is-layout-constrained wp-block-group-is-layout-constrained\">\n  <div class=\"links-tiles links-tiles--rows-2-3\">\n          <div class=\"links-tiles__item\">\n          <a href=\"https:\/\/www.polen.travel\/dk\/polen-pa-europas-vinkort\/\" class=\"link-box\" style=\" background-image: url(https:\/\/www.polen.travel\/dk\/wp-content\/uploads\/sites\/24\/2026\/03\/Winogrono1-960x1200.jpg);\">\n              <div class=\"link-box__hover\" style=\"background-image: url(https:\/\/www.polen.travel\/dk\/wp-content\/uploads\/sites\/24\/2026\/03\/Winogrono333-1200x800.jpg);\"><\/div>\n        <div class=\"link-box__info\">\n      <div class=\"link-box__title\">Polen p\u00e5 Europas vinkort<\/div>\n      <div class=\"link-box__more\">Se mere<\/div>\n    <\/div>\n  <\/a>\n\n        <\/div>\n\n          <div class=\"links-tiles__item\">\n          <a href=\"https:\/\/www.polen.travel\/dk\/kulinarisk-opblomstring-8-polske-restauranter-pa-la-liste\/\" class=\"link-box\" style=\" background-image: url(https:\/\/www.polen.travel\/dk\/wp-content\/uploads\/sites\/24\/2025\/03\/rest1.jpg);\">\n              <div class=\"link-box__hover\" style=\"background-image: url(https:\/\/www.polen.travel\/dk\/wp-content\/uploads\/sites\/24\/2025\/03\/rest2.jpg);\"><\/div>\n        <div class=\"link-box__info\">\n      <div class=\"link-box__title\">Kulinarisk opblomstring \u2013 8 polske restauranter p\u00e5 LA LISTE<\/div>\n      <div class=\"link-box__more\">Se mere<\/div>\n    <\/div>\n  <\/a>\n\n        <\/div>\n\n      <\/div>\n\n<\/div><\/div>\n\n\n\n<div style=\"height:100px\" aria-hidden=\"true\" class=\"wp-block-spacer\"><\/div>\n\n\n\n\n\n<div style=\"height:100px\" aria-hidden=\"true\" class=\"wp-block-spacer\"><\/div>\n","protected":false},"excerpt":{"rendered":"<p>Mad og traditioner G\u00e6stfrihed har traditionelt v\u00e6ret, og er stadig, noget der forbindes med vores smukke land, som er \u00e5bent for turister. Den polske g\u00e6stfrihed er legendarisk og g\u00e5r tilbage til sarmatismen, adelens skikke og festligheder. At \u00e5bne d\u00f8ren for alle rejsende var et sp\u00f8rgsm\u00e5l om almindelig \u00e6re. Det velkendte ordsprog \u201eG\u00e6st i huset, Gud [&hellip;]<\/p>\n","protected":false},"author":32,"featured_media":34789,"parent":0,"menu_order":0,"comment_status":"closed","ping_status":"closed","template":"","meta":{"_acf_changed":false,"footnotes":""},"class_list":["post-34154","page","type-page","status-publish","has-post-thumbnail","hentry"],"acf":[],"yoast_head":"<!-- This site is optimized with the Yoast SEO plugin v27.4 - https:\/\/yoast.com\/product\/yoast-seo-wordpress\/ -->\n<title>Mad og traditioner - Polen Travel (DK)<\/title>\n<meta name=\"description\" content=\"Oplev mad og traditioner i Polen \u2013 farverig folklore, lokale skikke, h\u00e5ndv\u00e6rk, p\u00e5ske- og julefejringer samt g\u00e6stfrihed, der g\u00f8r rejsen b\u00e5de autentisk og mindev\u00e6rdig.\" \/>\n<meta name=\"robots\" content=\"index, follow, max-snippet:-1, max-image-preview:large, max-video-preview:-1\" \/>\n<link rel=\"canonical\" href=\"https:\/\/wp-dk.poland.travel\/polsk-mad\/\" \/>\n<meta property=\"og:locale\" content=\"pl_PL\" \/>\n<meta property=\"og:type\" content=\"article\" \/>\n<meta property=\"og:title\" content=\"Mad og traditioner - Polen Travel (DK)\" \/>\n<meta property=\"og:description\" content=\"Oplev mad og traditioner i Polen \u2013 farverig folklore, lokale skikke, h\u00e5ndv\u00e6rk, p\u00e5ske- og julefejringer samt g\u00e6stfrihed, der g\u00f8r rejsen b\u00e5de autentisk og mindev\u00e6rdig.\" \/>\n<meta property=\"og:url\" content=\"https:\/\/wp-dk.poland.travel\/polsk-mad\/\" \/>\n<meta property=\"og:site_name\" content=\"Polen Travel (DK)\" \/>\n<meta property=\"article:modified_time\" content=\"2026-03-26T11:23:54+00:00\" \/>\n<meta property=\"og:image\" content=\"https:\/\/wp-dk.poland.travel\/wp-content\/uploads\/sites\/24\/2026\/03\/AdobeStock_257268001-1920x1381-1.jpeg\" \/>\n\t<meta property=\"og:image:width\" content=\"1920\" \/>\n\t<meta property=\"og:image:height\" content=\"1381\" \/>\n\t<meta property=\"og:image:type\" content=\"image\/jpeg\" \/>\n<meta name=\"twitter:card\" content=\"summary_large_image\" \/>\n<meta name=\"twitter:label1\" content=\"Szacowany czas czytania\" \/>\n\t<meta name=\"twitter:data1\" content=\"5 minut\" \/>\n<script type=\"application\/ld+json\" class=\"yoast-schema-graph\">{\"@context\":\"https:\\\/\\\/schema.org\",\"@graph\":[{\"@type\":\"WebPage\",\"@id\":\"https:\\\/\\\/wp-dk.poland.travel\\\/polsk-mad\\\/\",\"url\":\"https:\\\/\\\/wp-dk.poland.travel\\\/polsk-mad\\\/\",\"name\":\"Mad og traditioner - Polen Travel (DK)\",\"isPartOf\":{\"@id\":\"https:\\\/\\\/www.polen.travel\\\/dk\\\/#website\"},\"primaryImageOfPage\":{\"@id\":\"https:\\\/\\\/wp-dk.poland.travel\\\/polsk-mad\\\/#primaryimage\"},\"image\":{\"@id\":\"https:\\\/\\\/wp-dk.poland.travel\\\/polsk-mad\\\/#primaryimage\"},\"thumbnailUrl\":\"https:\\\/\\\/www.polen.travel\\\/dk\\\/wp-content\\\/uploads\\\/sites\\\/24\\\/2026\\\/03\\\/AdobeStock_257268001-1920x1381-1.jpeg\",\"datePublished\":\"2026-03-20T14:28:06+00:00\",\"dateModified\":\"2026-03-26T11:23:54+00:00\",\"description\":\"Oplev mad og traditioner i Polen \u2013 farverig folklore, lokale skikke, h\u00e5ndv\u00e6rk, p\u00e5ske- og julefejringer samt g\u00e6stfrihed, der g\u00f8r rejsen b\u00e5de autentisk og mindev\u00e6rdig.\",\"breadcrumb\":{\"@id\":\"https:\\\/\\\/wp-dk.poland.travel\\\/polsk-mad\\\/#breadcrumb\"},\"inLanguage\":\"pl-PL\",\"potentialAction\":[{\"@type\":\"ReadAction\",\"target\":[\"https:\\\/\\\/wp-dk.poland.travel\\\/polsk-mad\\\/\"]}]},{\"@type\":\"ImageObject\",\"inLanguage\":\"pl-PL\",\"@id\":\"https:\\\/\\\/wp-dk.poland.travel\\\/polsk-mad\\\/#primaryimage\",\"url\":\"https:\\\/\\\/www.polen.travel\\\/dk\\\/wp-content\\\/uploads\\\/sites\\\/24\\\/2026\\\/03\\\/AdobeStock_257268001-1920x1381-1.jpeg\",\"contentUrl\":\"https:\\\/\\\/www.polen.travel\\\/dk\\\/wp-content\\\/uploads\\\/sites\\\/24\\\/2026\\\/03\\\/AdobeStock_257268001-1920x1381-1.jpeg\",\"width\":1920,\"height\":1381},{\"@type\":\"BreadcrumbList\",\"@id\":\"https:\\\/\\\/wp-dk.poland.travel\\\/polsk-mad\\\/#breadcrumb\",\"itemListElement\":[{\"@type\":\"ListItem\",\"position\":1,\"name\":\"Home page\",\"item\":\"https:\\\/\\\/www.polen.travel\\\/dk\\\/\"},{\"@type\":\"ListItem\",\"position\":2,\"name\":\"Mad og traditioner\"}]},{\"@type\":\"WebSite\",\"@id\":\"https:\\\/\\\/www.polen.travel\\\/dk\\\/#website\",\"url\":\"https:\\\/\\\/www.polen.travel\\\/dk\\\/\",\"name\":\"Polen Travel (DK)\",\"description\":\"...\",\"publisher\":{\"@id\":\"https:\\\/\\\/www.polen.travel\\\/dk\\\/#organization\"},\"potentialAction\":[{\"@type\":\"SearchAction\",\"target\":{\"@type\":\"EntryPoint\",\"urlTemplate\":\"https:\\\/\\\/www.polen.travel\\\/dk\\\/?s={search_term_string}\"},\"query-input\":{\"@type\":\"PropertyValueSpecification\",\"valueRequired\":true,\"valueName\":\"search_term_string\"}}],\"inLanguage\":\"pl-PL\"},{\"@type\":\"Organization\",\"@id\":\"https:\\\/\\\/www.polen.travel\\\/dk\\\/#organization\",\"name\":\"Polen Travel (DK)\",\"url\":\"https:\\\/\\\/www.polen.travel\\\/dk\\\/\",\"logo\":{\"@type\":\"ImageObject\",\"inLanguage\":\"pl-PL\",\"@id\":\"https:\\\/\\\/www.polen.travel\\\/dk\\\/#\\\/schema\\\/logo\\\/image\\\/\",\"url\":\"https:\\\/\\\/en-en.polska.travel\\\/wp-content\\\/uploads\\\/sites\\\/24\\\/2022\\\/11\\\/logo.svg\",\"contentUrl\":\"https:\\\/\\\/en-en.polska.travel\\\/wp-content\\\/uploads\\\/sites\\\/24\\\/2022\\\/11\\\/logo.svg\",\"width\":198,\"height\":96,\"caption\":\"Polen Travel (DK)\"},\"image\":{\"@id\":\"https:\\\/\\\/www.polen.travel\\\/dk\\\/#\\\/schema\\\/logo\\\/image\\\/\"}}]}<\/script>\n<!-- \/ Yoast SEO plugin. -->","yoast_head_json":{"title":"Mad og traditioner - Polen Travel (DK)","description":"Oplev mad og traditioner i Polen \u2013 farverig folklore, lokale skikke, h\u00e5ndv\u00e6rk, p\u00e5ske- og julefejringer samt g\u00e6stfrihed, der g\u00f8r rejsen b\u00e5de autentisk og mindev\u00e6rdig.","robots":{"index":"index","follow":"follow","max-snippet":"max-snippet:-1","max-image-preview":"max-image-preview:large","max-video-preview":"max-video-preview:-1"},"canonical":"https:\/\/wp-dk.poland.travel\/polsk-mad\/","og_locale":"pl_PL","og_type":"article","og_title":"Mad og traditioner - Polen Travel (DK)","og_description":"Oplev mad og traditioner i Polen \u2013 farverig folklore, lokale skikke, h\u00e5ndv\u00e6rk, p\u00e5ske- og julefejringer samt g\u00e6stfrihed, der g\u00f8r rejsen b\u00e5de autentisk og mindev\u00e6rdig.","og_url":"https:\/\/wp-dk.poland.travel\/polsk-mad\/","og_site_name":"Polen Travel (DK)","article_modified_time":"2026-03-26T11:23:54+00:00","og_image":[{"width":1920,"height":1381,"url":"https:\/\/wp-dk.poland.travel\/wp-content\/uploads\/sites\/24\/2026\/03\/AdobeStock_257268001-1920x1381-1.jpeg","type":"image\/jpeg"}],"twitter_card":"summary_large_image","twitter_misc":{"Szacowany czas czytania":"5 minut"},"schema":{"@context":"https:\/\/schema.org","@graph":[{"@type":"WebPage","@id":"https:\/\/wp-dk.poland.travel\/polsk-mad\/","url":"https:\/\/wp-dk.poland.travel\/polsk-mad\/","name":"Mad og traditioner - Polen Travel (DK)","isPartOf":{"@id":"https:\/\/www.polen.travel\/dk\/#website"},"primaryImageOfPage":{"@id":"https:\/\/wp-dk.poland.travel\/polsk-mad\/#primaryimage"},"image":{"@id":"https:\/\/wp-dk.poland.travel\/polsk-mad\/#primaryimage"},"thumbnailUrl":"https:\/\/www.polen.travel\/dk\/wp-content\/uploads\/sites\/24\/2026\/03\/AdobeStock_257268001-1920x1381-1.jpeg","datePublished":"2026-03-20T14:28:06+00:00","dateModified":"2026-03-26T11:23:54+00:00","description":"Oplev mad og traditioner i Polen \u2013 farverig folklore, lokale skikke, h\u00e5ndv\u00e6rk, p\u00e5ske- og julefejringer samt g\u00e6stfrihed, der g\u00f8r rejsen b\u00e5de autentisk og mindev\u00e6rdig.","breadcrumb":{"@id":"https:\/\/wp-dk.poland.travel\/polsk-mad\/#breadcrumb"},"inLanguage":"pl-PL","potentialAction":[{"@type":"ReadAction","target":["https:\/\/wp-dk.poland.travel\/polsk-mad\/"]}]},{"@type":"ImageObject","inLanguage":"pl-PL","@id":"https:\/\/wp-dk.poland.travel\/polsk-mad\/#primaryimage","url":"https:\/\/www.polen.travel\/dk\/wp-content\/uploads\/sites\/24\/2026\/03\/AdobeStock_257268001-1920x1381-1.jpeg","contentUrl":"https:\/\/www.polen.travel\/dk\/wp-content\/uploads\/sites\/24\/2026\/03\/AdobeStock_257268001-1920x1381-1.jpeg","width":1920,"height":1381},{"@type":"BreadcrumbList","@id":"https:\/\/wp-dk.poland.travel\/polsk-mad\/#breadcrumb","itemListElement":[{"@type":"ListItem","position":1,"name":"Home page","item":"https:\/\/www.polen.travel\/dk\/"},{"@type":"ListItem","position":2,"name":"Mad og traditioner"}]},{"@type":"WebSite","@id":"https:\/\/www.polen.travel\/dk\/#website","url":"https:\/\/www.polen.travel\/dk\/","name":"Polen Travel (DK)","description":"...","publisher":{"@id":"https:\/\/www.polen.travel\/dk\/#organization"},"potentialAction":[{"@type":"SearchAction","target":{"@type":"EntryPoint","urlTemplate":"https:\/\/www.polen.travel\/dk\/?s={search_term_string}"},"query-input":{"@type":"PropertyValueSpecification","valueRequired":true,"valueName":"search_term_string"}}],"inLanguage":"pl-PL"},{"@type":"Organization","@id":"https:\/\/www.polen.travel\/dk\/#organization","name":"Polen Travel (DK)","url":"https:\/\/www.polen.travel\/dk\/","logo":{"@type":"ImageObject","inLanguage":"pl-PL","@id":"https:\/\/www.polen.travel\/dk\/#\/schema\/logo\/image\/","url":"https:\/\/en-en.polska.travel\/wp-content\/uploads\/sites\/24\/2022\/11\/logo.svg","contentUrl":"https:\/\/en-en.polska.travel\/wp-content\/uploads\/sites\/24\/2022\/11\/logo.svg","width":198,"height":96,"caption":"Polen Travel (DK)"},"image":{"@id":"https:\/\/www.polen.travel\/dk\/#\/schema\/logo\/image\/"}}]}},"_links":{"self":[{"href":"https:\/\/www.polen.travel\/dk\/wp-json\/wp\/v2\/pages\/34154","targetHints":{"allow":["GET"]}}],"collection":[{"href":"https:\/\/www.polen.travel\/dk\/wp-json\/wp\/v2\/pages"}],"about":[{"href":"https:\/\/www.polen.travel\/dk\/wp-json\/wp\/v2\/types\/page"}],"author":[{"embeddable":true,"href":"https:\/\/www.polen.travel\/dk\/wp-json\/wp\/v2\/users\/32"}],"replies":[{"embeddable":true,"href":"https:\/\/www.polen.travel\/dk\/wp-json\/wp\/v2\/comments?post=34154"}],"version-history":[{"count":6,"href":"https:\/\/www.polen.travel\/dk\/wp-json\/wp\/v2\/pages\/34154\/revisions"}],"predecessor-version":[{"id":34809,"href":"https:\/\/www.polen.travel\/dk\/wp-json\/wp\/v2\/pages\/34154\/revisions\/34809"}],"wp:featuredmedia":[{"embeddable":true,"href":"https:\/\/www.polen.travel\/dk\/wp-json\/wp\/v2\/media\/34789"}],"wp:attachment":[{"href":"https:\/\/www.polen.travel\/dk\/wp-json\/wp\/v2\/media?parent=34154"}],"curies":[{"name":"wp","href":"https:\/\/api.w.org\/{rel}","templated":true}]}}