{"id":33746,"date":"2024-10-01T12:20:43","date_gmt":"2024-10-01T10:20:43","guid":{"rendered":"https:\/\/www.polen.travel\/de\/?page_id=33746"},"modified":"2024-10-01T12:21:03","modified_gmt":"2024-10-01T10:21:03","slug":"die-informationen-zum-datenschutzbeauftragten-und-zur-datenverarbeitung-newsletter","status":"publish","type":"page","link":"https:\/\/www.polen.travel\/de\/die-informationen-zum-datenschutzbeauftragten-und-zur-datenverarbeitung-newsletter\/","title":{"rendered":"Die Informationen zum Datenschutzbeauftragten und zur Datenverarbeitung &#8211; Newsletter"},"content":{"rendered":"\n<div class=\"wp-block-group\"><div class=\"wp-block-group__inner-container is-layout-constrained wp-block-group-is-layout-constrained\">\n<div class=\"wp-block-group is-style-container-medium\"><div class=\"wp-block-group__inner-container is-layout-constrained wp-block-group-is-layout-constrained\">\n<h2 class=\"wp-block-heading\">Die Informationen zum Datenschutzbeauftragten und zur Datenverarbeitung &#8211; Newsletter<\/h2>\n\n\n\n<p>Gem\u00e4\u00df Art. 13 Abs. 1 und 2 der Datenschutz-Grundverordnung vom 27. April 2016 informiere ich Sie hiermit \u00fcber Folgendes:<\/p>\n\n\n\n<ul class=\"wp-block-list\">\n<li>Verantwortlich f\u00fcr die Verwaltung Ihrer personenbezogenen Daten ist die Polnische Tourismus Organisation mit Sitz in Warschau, Adresse: Cha\u0142ubi\u0144skiego 8, vertreten durch den Pr\u00e4sidenten;<\/li>\n\n\n\n<li>Um mit dem Datenschutzbeauftragten der Polnischen Tourismus Organisation Kontakt aufzunehmen, schicken Sie bitte eine E-Mail an (<a href=\"mailto:dpo@pot.gov.pl\">dpo@pot.gov.pl<\/a>);<\/li>\n\n\n\n<li>Ihre personenbezogenen Daten werden auf der Grundlage von Art. 6 Abs. 1 a) der Datenschutz-Grundverordnung \u00fcber den Schutz der personenbezogenen Daten verarbeitet, <strong>um Ihnen die sich im Tourismus-Newsletter befindende Marketing-Informationen zukommen lassen zu k\u00f6nnen;<\/strong><\/li>\n\n\n\n<li>Ihre personenbezogenen Daten werden <strong>nicht<\/strong> an Drittstaaten oder internationale Organisationen weitergegeben;<\/li>\n\n\n\n<li>Ihre personenbezogenen Daten werden bis zur Widerrufung der Einwilligung zu Zwecke des Newsletter-Erhalts (bis Sie auf das Abonnieren des Newsletters verzichten) gespeichert, jedoch bleibt die Datenverarbeitung, die vor der Einwilligungswiderrufung durchgef\u00fchrt wurde rechtgem\u00e4\u00df, insbesondere bleibt sie konform mit der Datenschutz-Grundverordnung;<\/li>\n\n\n\n<li>Sie haben das Recht, Zugang zu dem Inhalt Ihrer Daten zu haben, diese zu berichtigen, sie zu l\u00f6schen, deren Verarbeitung einzuschr\u00e4nken, die Daten zu bewegen, einen Widerspruch einzulegen, die Einwilligung im beliebigen Moment zu widerrufen ohne, dass dies Einfluss auf die Rechtm\u00e4\u00dfigkeit der zuvor auf der Grundlage der Einwilligung bevor diese widerrufen wurde durchgef\u00fchrten Verarbeitung hat;<\/li>\n\n\n\n<li>Sollten Sie feststellen, dass die Verarbeitung Ihrer personenbezogenen Daten die Vorschriften der Datenschutz-Grundverordnung vom 27. April 2016&nbsp; verletzt, haben Sie das Recht, eine Beschwerde beim Datenschutzbeauftragten&nbsp; einzulegen.<\/li>\n<\/ul>\n<\/div><\/div>\n<\/div><\/div>\n","protected":false},"excerpt":{"rendered":"<p>Die Informationen zum Datenschutzbeauftragten und zur Datenverarbeitung &#8211; Newsletter Gem\u00e4\u00df Art. 13 Abs. 1 und 2 der Datenschutz-Grundverordnung vom 27. April 2016 informiere ich Sie hiermit \u00fcber Folgendes:<\/p>\n","protected":false},"author":4,"featured_media":0,"parent":0,"menu_order":0,"comment_status":"closed","ping_status":"closed","template":"","meta":{"_acf_changed":false,"footnotes":""},"class_list":["post-33746","page","type-page","status-publish","hentry"],"acf":[],"yoast_head":"<!-- This site is optimized with the Yoast SEO plugin v27.4 - https:\/\/yoast.com\/product\/yoast-seo-wordpress\/ -->\n<title>Die Informationen zum Datenschutzbeauftragten und zur Datenverarbeitung - Newsletter - Polen Travel (DE)<\/title>\n<meta name=\"robots\" content=\"index, follow, max-snippet:-1, max-image-preview:large, max-video-preview:-1\" \/>\n<link rel=\"canonical\" href=\"https:\/\/www.polen.travel\/de\/die-informationen-zum-datenschutzbeauftragten-und-zur-datenverarbeitung-newsletter\/\" \/>\n<meta property=\"og:locale\" content=\"pl_PL\" \/>\n<meta property=\"og:type\" content=\"article\" \/>\n<meta property=\"og:title\" content=\"Die Informationen zum Datenschutzbeauftragten und zur Datenverarbeitung - Newsletter - Polen Travel (DE)\" \/>\n<meta property=\"og:description\" content=\"Die Informationen zum Datenschutzbeauftragten und zur Datenverarbeitung &#8211; Newsletter Gem\u00e4\u00df Art. 13 Abs. 1 und 2 der Datenschutz-Grundverordnung vom 27. April 2016 informiere ich Sie hiermit \u00fcber Folgendes:\" \/>\n<meta property=\"og:url\" content=\"https:\/\/www.polen.travel\/de\/die-informationen-zum-datenschutzbeauftragten-und-zur-datenverarbeitung-newsletter\/\" \/>\n<meta property=\"og:site_name\" content=\"Polen Travel (DE)\" \/>\n<meta property=\"article:modified_time\" content=\"2024-10-01T10:21:03+00:00\" \/>\n<meta name=\"twitter:card\" content=\"summary_large_image\" \/>\n<meta name=\"twitter:label1\" content=\"Szacowany czas czytania\" \/>\n\t<meta name=\"twitter:data1\" content=\"2 minuty\" \/>\n<script type=\"application\/ld+json\" class=\"yoast-schema-graph\">{\"@context\":\"https:\\\/\\\/schema.org\",\"@graph\":[{\"@type\":\"WebPage\",\"@id\":\"https:\\\/\\\/www.polen.travel\\\/de\\\/die-informationen-zum-datenschutzbeauftragten-und-zur-datenverarbeitung-newsletter\\\/\",\"url\":\"https:\\\/\\\/www.polen.travel\\\/de\\\/die-informationen-zum-datenschutzbeauftragten-und-zur-datenverarbeitung-newsletter\\\/\",\"name\":\"Die Informationen zum Datenschutzbeauftragten und zur Datenverarbeitung - Newsletter - Polen Travel (DE)\",\"isPartOf\":{\"@id\":\"https:\\\/\\\/www.polen.travel\\\/de\\\/#website\"},\"datePublished\":\"2024-10-01T10:20:43+00:00\",\"dateModified\":\"2024-10-01T10:21:03+00:00\",\"breadcrumb\":{\"@id\":\"https:\\\/\\\/www.polen.travel\\\/de\\\/die-informationen-zum-datenschutzbeauftragten-und-zur-datenverarbeitung-newsletter\\\/#breadcrumb\"},\"inLanguage\":\"pl-PL\",\"potentialAction\":[{\"@type\":\"ReadAction\",\"target\":[\"https:\\\/\\\/www.polen.travel\\\/de\\\/die-informationen-zum-datenschutzbeauftragten-und-zur-datenverarbeitung-newsletter\\\/\"]}]},{\"@type\":\"BreadcrumbList\",\"@id\":\"https:\\\/\\\/www.polen.travel\\\/de\\\/die-informationen-zum-datenschutzbeauftragten-und-zur-datenverarbeitung-newsletter\\\/#breadcrumb\",\"itemListElement\":[{\"@type\":\"ListItem\",\"position\":1,\"name\":\"Strona g\u0142\u00f3wna\",\"item\":\"https:\\\/\\\/www.polen.travel\\\/de\\\/\"},{\"@type\":\"ListItem\",\"position\":2,\"name\":\"Die Informationen zum Datenschutzbeauftragten und zur Datenverarbeitung &#8211; Newsletter\"}]},{\"@type\":\"WebSite\",\"@id\":\"https:\\\/\\\/www.polen.travel\\\/de\\\/#website\",\"url\":\"https:\\\/\\\/www.polen.travel\\\/de\\\/\",\"name\":\"Polen Travel (DE)\",\"description\":\"...\",\"publisher\":{\"@id\":\"https:\\\/\\\/www.polen.travel\\\/de\\\/#organization\"},\"potentialAction\":[{\"@type\":\"SearchAction\",\"target\":{\"@type\":\"EntryPoint\",\"urlTemplate\":\"https:\\\/\\\/www.polen.travel\\\/de\\\/?s={search_term_string}\"},\"query-input\":{\"@type\":\"PropertyValueSpecification\",\"valueRequired\":true,\"valueName\":\"search_term_string\"}}],\"inLanguage\":\"pl-PL\"},{\"@type\":\"Organization\",\"@id\":\"https:\\\/\\\/www.polen.travel\\\/de\\\/#organization\",\"name\":\"Polen Travel (DE)\",\"url\":\"https:\\\/\\\/www.polen.travel\\\/de\\\/\",\"logo\":{\"@type\":\"ImageObject\",\"inLanguage\":\"pl-PL\",\"@id\":\"https:\\\/\\\/www.polen.travel\\\/de\\\/#\\\/schema\\\/logo\\\/image\\\/\",\"url\":\"https:\\\/\\\/www.polen.travel\\\/de\\\/wp-content\\\/uploads\\\/sites\\\/8\\\/2022\\\/11\\\/logo.svg\",\"contentUrl\":\"https:\\\/\\\/www.polen.travel\\\/de\\\/wp-content\\\/uploads\\\/sites\\\/8\\\/2022\\\/11\\\/logo.svg\",\"width\":198,\"height\":96,\"caption\":\"Polen Travel (DE)\"},\"image\":{\"@id\":\"https:\\\/\\\/www.polen.travel\\\/de\\\/#\\\/schema\\\/logo\\\/image\\\/\"}}]}<\/script>\n<!-- \/ Yoast SEO plugin. -->","yoast_head_json":{"title":"Die Informationen zum Datenschutzbeauftragten und zur Datenverarbeitung - Newsletter - Polen Travel (DE)","robots":{"index":"index","follow":"follow","max-snippet":"max-snippet:-1","max-image-preview":"max-image-preview:large","max-video-preview":"max-video-preview:-1"},"canonical":"https:\/\/www.polen.travel\/de\/die-informationen-zum-datenschutzbeauftragten-und-zur-datenverarbeitung-newsletter\/","og_locale":"pl_PL","og_type":"article","og_title":"Die Informationen zum Datenschutzbeauftragten und zur Datenverarbeitung - Newsletter - Polen Travel (DE)","og_description":"Die Informationen zum Datenschutzbeauftragten und zur Datenverarbeitung &#8211; Newsletter Gem\u00e4\u00df Art. 13 Abs. 1 und 2 der Datenschutz-Grundverordnung vom 27. April 2016 informiere ich Sie hiermit \u00fcber Folgendes:","og_url":"https:\/\/www.polen.travel\/de\/die-informationen-zum-datenschutzbeauftragten-und-zur-datenverarbeitung-newsletter\/","og_site_name":"Polen Travel (DE)","article_modified_time":"2024-10-01T10:21:03+00:00","twitter_card":"summary_large_image","twitter_misc":{"Szacowany czas czytania":"2 minuty"},"schema":{"@context":"https:\/\/schema.org","@graph":[{"@type":"WebPage","@id":"https:\/\/www.polen.travel\/de\/die-informationen-zum-datenschutzbeauftragten-und-zur-datenverarbeitung-newsletter\/","url":"https:\/\/www.polen.travel\/de\/die-informationen-zum-datenschutzbeauftragten-und-zur-datenverarbeitung-newsletter\/","name":"Die Informationen zum Datenschutzbeauftragten und zur Datenverarbeitung - Newsletter - Polen Travel (DE)","isPartOf":{"@id":"https:\/\/www.polen.travel\/de\/#website"},"datePublished":"2024-10-01T10:20:43+00:00","dateModified":"2024-10-01T10:21:03+00:00","breadcrumb":{"@id":"https:\/\/www.polen.travel\/de\/die-informationen-zum-datenschutzbeauftragten-und-zur-datenverarbeitung-newsletter\/#breadcrumb"},"inLanguage":"pl-PL","potentialAction":[{"@type":"ReadAction","target":["https:\/\/www.polen.travel\/de\/die-informationen-zum-datenschutzbeauftragten-und-zur-datenverarbeitung-newsletter\/"]}]},{"@type":"BreadcrumbList","@id":"https:\/\/www.polen.travel\/de\/die-informationen-zum-datenschutzbeauftragten-und-zur-datenverarbeitung-newsletter\/#breadcrumb","itemListElement":[{"@type":"ListItem","position":1,"name":"Strona g\u0142\u00f3wna","item":"https:\/\/www.polen.travel\/de\/"},{"@type":"ListItem","position":2,"name":"Die Informationen zum Datenschutzbeauftragten und zur Datenverarbeitung &#8211; Newsletter"}]},{"@type":"WebSite","@id":"https:\/\/www.polen.travel\/de\/#website","url":"https:\/\/www.polen.travel\/de\/","name":"Polen Travel (DE)","description":"...","publisher":{"@id":"https:\/\/www.polen.travel\/de\/#organization"},"potentialAction":[{"@type":"SearchAction","target":{"@type":"EntryPoint","urlTemplate":"https:\/\/www.polen.travel\/de\/?s={search_term_string}"},"query-input":{"@type":"PropertyValueSpecification","valueRequired":true,"valueName":"search_term_string"}}],"inLanguage":"pl-PL"},{"@type":"Organization","@id":"https:\/\/www.polen.travel\/de\/#organization","name":"Polen Travel (DE)","url":"https:\/\/www.polen.travel\/de\/","logo":{"@type":"ImageObject","inLanguage":"pl-PL","@id":"https:\/\/www.polen.travel\/de\/#\/schema\/logo\/image\/","url":"https:\/\/www.polen.travel\/de\/wp-content\/uploads\/sites\/8\/2022\/11\/logo.svg","contentUrl":"https:\/\/www.polen.travel\/de\/wp-content\/uploads\/sites\/8\/2022\/11\/logo.svg","width":198,"height":96,"caption":"Polen Travel (DE)"},"image":{"@id":"https:\/\/www.polen.travel\/de\/#\/schema\/logo\/image\/"}}]}},"_links":{"self":[{"href":"https:\/\/www.polen.travel\/de\/wp-json\/wp\/v2\/pages\/33746","targetHints":{"allow":["GET"]}}],"collection":[{"href":"https:\/\/www.polen.travel\/de\/wp-json\/wp\/v2\/pages"}],"about":[{"href":"https:\/\/www.polen.travel\/de\/wp-json\/wp\/v2\/types\/page"}],"author":[{"embeddable":true,"href":"https:\/\/www.polen.travel\/de\/wp-json\/wp\/v2\/users\/4"}],"replies":[{"embeddable":true,"href":"https:\/\/www.polen.travel\/de\/wp-json\/wp\/v2\/comments?post=33746"}],"version-history":[{"count":2,"href":"https:\/\/www.polen.travel\/de\/wp-json\/wp\/v2\/pages\/33746\/revisions"}],"predecessor-version":[{"id":33748,"href":"https:\/\/www.polen.travel\/de\/wp-json\/wp\/v2\/pages\/33746\/revisions\/33748"}],"wp:attachment":[{"href":"https:\/\/www.polen.travel\/de\/wp-json\/wp\/v2\/media?parent=33746"}],"curies":[{"name":"wp","href":"https:\/\/api.w.org\/{rel}","templated":true}]}}