{"id":3,"date":"2022-11-02T10:38:58","date_gmt":"2022-11-02T09:38:58","guid":{"rendered":"https:\/\/en-en.polska.travel\/?page_id=3"},"modified":"2025-07-07T12:26:19","modified_gmt":"2025-07-07T10:26:19","slug":"privacy-policy","status":"publish","type":"page","link":"https:\/\/www.polen.travel\/de\/privacy-policy\/","title":{"rendered":"Privatsph\u00e4renpolitik"},"content":{"rendered":"\n<div class=\"wp-block-group is-style-container-medium\"><div class=\"wp-block-group__inner-container is-layout-constrained wp-block-group-is-layout-constrained\">\n<h2 class=\"wp-block-heading\">Privatsph\u00e4renpolitik<\/h2>\n\n\n\n<div style=\"height:100px\" aria-hidden=\"true\" class=\"wp-block-spacer is-style-spacer-small\"><\/div>\n<\/div><\/div>\n\n\n\n<div class=\"wp-block-group is-style-container-medium\"><div class=\"wp-block-group__inner-container is-layout-constrained wp-block-group-is-layout-constrained\">\n<p>Die Internetpr\u00e4senz des Polnischen Fremdenverkehrsamtes arbeitet, wie die meisten gr\u00f6\u00dferen Internetpr\u00e4senzen, mit Cookies. Hier finden Sie Informationen zur Verwendung von Cookies durch unsere Internetpr\u00e4senz.<\/p>\n\n\n\n<p><strong>Was sind Cookies?<\/strong><\/p>\n\n\n\n<p>Cookies sind kleine Textdateien, die auf dem Endger\u00e4t des Nutzers einer Internetpr\u00e4senz gespeichert werden und die Nutzung dieser optimieren. Cookies beinhalten f\u00fcr gew\u00f6hnlich den Namen der Internetpr\u00e4senz von der sie stammen, die Aufbewahrungszeit auf dem Endger\u00e4t und eine eindeutige Identifikationsnummer.<\/p>\n\n\n\n<p><strong>Wof\u00fcr werden Cookies verwendet?<\/strong><\/p>\n\n\n\n<p>Cookies zeichnen das Nutzerverhalten auf einer Internetpr\u00e4senz auf und erleichtern dem Nutzer somit das Navigieren auf deren Seiten. Sie dienen au\u00dferdem der Speicherung von Nutzerpr\u00e4ferenzen, welche zur Anzeige von spezifischen, f\u00fcr den Nutzer interessanten Inhalten verwendet werden k\u00f6nnen. Mit der Verwendung von Cookies bewahren wir weder pers\u00f6nlichen Daten, noch andere vertrauliche Informationen des Nutzers auf.<\/p>\n\n\n\n<p><strong>Welche Art von Cookies verwendet das Polnische Fremdenverkehrsamt?<\/strong><\/p>\n\n\n\n<p>Von der Internetpr\u00e4senz des Polnischen Fremdenverkehrsamtes werden folgende Arten von Cookies verwendet:<\/p>\n\n\n\n<p><strong>Session-Cookies:<\/strong> Dies sind tempor\u00e4re Dateien, die nur bis zum Logout, dem Verlassen der Internetpr\u00e4senz oder dem Schlie\u00dfen des Browsers auf dem Endger\u00e4t des Nutzers gespeichert werden. Die meisten der von unserer Internetpr\u00e4senz verwendeten Cookies sind Session-Cookies.<\/p>\n\n\n\n<p><strong>Persistente Cookies:<\/strong> Dies sind Cookies, welche auf dem Endger\u00e4t des Nutzers f\u00fcr eine in den Cookies festgelegte Zeitspanne gespeichert werden. Diese Cookies werden erst nach Ablauf dieser Zeitspanne gel\u00f6scht und nicht sofort nach dem Schlie\u00dfen des Browsers. Diese persistenten Cookies werden au\u00dferdem jedes Mal aktiviert, wenn Sie unsere Internetpr\u00e4senz besuchen. Sie dienen der Analyse des Nutzerverhaltens der Besucher unserer Internetpr\u00e4senz und damit der Verbesserung des Angebotes, dass wir f\u00fcr Sie bereitstellen m\u00f6chten.<\/p>\n\n\n\n<p><strong>Cookies von Drittanbietern<\/strong><\/p>\n\n\n\n<ul class=\"wp-block-list\">\n<li>Cookies der Anwendung <strong>Google Analytics &#8211; __utma, __utmb, __utmc, __utmz<\/strong> und verwandte dienen dem Anlegen von Statistiken, die helfen zu verstehen, auf welche Art und Weise die Besucher der Internetpr\u00e4senz diese nutzen. Dies erm\u00f6glicht es deren Struktur und Inhalt zu verbessern. Detailinformationen zu Cookies, welche von der Anwendung Google Analytics genutzt werden finden Sie unter: <a href=\"https:\/\/developers.google.com\/analytics\/devguides\/collection\/analyticsjs\/cookie-usage\">https:\/\/developers.google.com\/analytics\/devguides\/collection\/analyticsjs\/cookie-usage<\/a><\/li>\n\n\n\n<li><strong>Cookies des Anbieters Iwebreader<\/strong> \u2013 Ivona webreader erm\u00f6glichen das Sammeln von statistischen Daten zu vom Ivona webreader vorgelesenen Beitr\u00e4gen<\/li>\n\n\n\n<li><strong>Cookies des Anbieters Addthis<\/strong> unterst\u00fctzen das Teilen von Links zu Beitr\u00e4gen mittels Sozialer Medien<\/li>\n<\/ul>\n\n\n\n<p><strong>Eigene Cookies<\/strong><\/p>\n\n\n\n<ul class=\"wp-block-list\">\n<li><strong>adserver.pot.gov.pl<\/strong>-Cookies dienen dem Erstellen einer Statistik \u00fcber die Nutzung der auf der Internetpr\u00e4senz des Polnischen Fremdenverkehrsamtes angezeigten Banner<\/li>\n\n\n\n<li><strong>jfcookie[lang]<\/strong>-Cookies registrieren die vom Nutzer bevorzugte Sprache, mit dem Ziel die Anzeige der Seiten der Internetpr\u00e4senz in der entsprechenden Sprache aufrecht zu erhalten<\/li>\n\n\n\n<li><strong>content_note<\/strong>-Cookies erm\u00f6glichen die Verwaltung der zum Notizbuch der Internetpr\u00e4senz hinzugef\u00fcgten Beitr\u00e4ge<\/li>\n<\/ul>\n\n\n\n<p><strong>Wie k\u00f6nnen Cookies blockiert werden?<\/strong><\/p>\n\n\n\n<p>In vielen F\u00e4llen sind die Web-Browser automatisch so eingestellt, dass Cookies auf dem Endger\u00e4t des Nutzers gespeichert werden. Nutzer k\u00f6nnen jederzeit \u00c4nderungen an den Cookie-Einstellungen ihres Browsers vornehmen. Diese Sicherheitseinstellungen k\u00f6nnen so ge\u00e4ndert werden, dass eine automatische Speicherung von Cookies nicht erfolgt, sondern vor jedem solchen Versuch eine entsprechende Erlaubnisabfrage durchgef\u00fchrt wird. Detailinformationen zu den Cookie-Einstellungen finden Sie unter den Sicherheitseinstellungen Ihres Web-Browsers.<\/p>\n\n\n\n<p><strong>Was passiert, wenn ich keine Cookies akzeptiere?<\/strong><\/p>\n\n\n\n<p>Durch das Ablehnen von Cookies kann es passieren, dass die Funktionalit\u00e4t von Teilen unserer Internetpr\u00e4senz eingeschr\u00e4nkt wird. Es kann sein, dass Sie dadurch nicht alle Funktionen und Services nutzen k\u00f6nnen, die wir Ihnen bieten m\u00f6chten.<\/p>\n\n\n\n<p><strong>Hinweis:<\/strong> Cookies, die auf dem Endger\u00e4t des Nutzers der Internetpr\u00e4senz gespeichert wurden k\u00f6nnen ebenfalls durch die Internetpr\u00e4senzen unserer Partner, bzw. derer von Werbegebern genutzt werden.<\/p>\n<\/div><\/div>\n\n\n\n<div style=\"height:100px\" aria-hidden=\"true\" class=\"wp-block-spacer\"><\/div>\n","protected":false},"excerpt":{"rendered":"<p>Privatsph\u00e4renpolitik Die Internetpr\u00e4senz des Polnischen Fremdenverkehrsamtes arbeitet, wie die meisten gr\u00f6\u00dferen Internetpr\u00e4senzen, mit Cookies. Hier finden Sie Informationen zur Verwendung von Cookies durch unsere Internetpr\u00e4senz. Was sind Cookies? Cookies sind kleine Textdateien, die auf dem Endger\u00e4t des Nutzers einer Internetpr\u00e4senz gespeichert werden und die Nutzung dieser optimieren. Cookies beinhalten f\u00fcr gew\u00f6hnlich den Namen der Internetpr\u00e4senz [&hellip;]<\/p>\n","protected":false},"author":1,"featured_media":0,"parent":0,"menu_order":0,"comment_status":"closed","ping_status":"closed","template":"","meta":{"_acf_changed":false,"footnotes":""},"class_list":["post-3","page","type-page","status-publish","hentry"],"acf":[],"yoast_head":"<!-- This site is optimized with the Yoast SEO plugin v27.4 - https:\/\/yoast.com\/product\/yoast-seo-wordpress\/ -->\n<title>Privatsph\u00e4renpolitik - Polen Travel (DE)<\/title>\n<meta name=\"robots\" content=\"index, follow, max-snippet:-1, max-image-preview:large, max-video-preview:-1\" \/>\n<link rel=\"canonical\" href=\"https:\/\/www.polen.travel\/de\/privacy-policy\/\" \/>\n<meta property=\"og:locale\" content=\"pl_PL\" \/>\n<meta property=\"og:type\" content=\"article\" \/>\n<meta property=\"og:title\" content=\"Privatsph\u00e4renpolitik - Polen Travel (DE)\" \/>\n<meta property=\"og:description\" content=\"Privatsph\u00e4renpolitik Die Internetpr\u00e4senz des Polnischen Fremdenverkehrsamtes arbeitet, wie die meisten gr\u00f6\u00dferen Internetpr\u00e4senzen, mit Cookies. Hier finden Sie Informationen zur Verwendung von Cookies durch unsere Internetpr\u00e4senz. Was sind Cookies? Cookies sind kleine Textdateien, die auf dem Endger\u00e4t des Nutzers einer Internetpr\u00e4senz gespeichert werden und die Nutzung dieser optimieren. Cookies beinhalten f\u00fcr gew\u00f6hnlich den Namen der Internetpr\u00e4senz [&hellip;]\" \/>\n<meta property=\"og:url\" content=\"https:\/\/www.polen.travel\/de\/privacy-policy\/\" \/>\n<meta property=\"og:site_name\" content=\"Polen Travel (DE)\" \/>\n<meta property=\"article:modified_time\" content=\"2025-07-07T10:26:19+00:00\" \/>\n<meta name=\"twitter:card\" content=\"summary_large_image\" \/>\n<meta name=\"twitter:label1\" content=\"Szacowany czas czytania\" \/>\n\t<meta name=\"twitter:data1\" content=\"4 minuty\" \/>\n<script type=\"application\/ld+json\" class=\"yoast-schema-graph\">{\"@context\":\"https:\\\/\\\/schema.org\",\"@graph\":[{\"@type\":\"WebPage\",\"@id\":\"https:\\\/\\\/www.polen.travel\\\/de\\\/privacy-policy\\\/\",\"url\":\"https:\\\/\\\/www.polen.travel\\\/de\\\/privacy-policy\\\/\",\"name\":\"Privatsph\u00e4renpolitik - Polen Travel (DE)\",\"isPartOf\":{\"@id\":\"https:\\\/\\\/www.polen.travel\\\/de\\\/#website\"},\"datePublished\":\"2022-11-02T09:38:58+00:00\",\"dateModified\":\"2025-07-07T10:26:19+00:00\",\"breadcrumb\":{\"@id\":\"https:\\\/\\\/www.polen.travel\\\/de\\\/privacy-policy\\\/#breadcrumb\"},\"inLanguage\":\"pl-PL\",\"potentialAction\":[{\"@type\":\"ReadAction\",\"target\":[\"https:\\\/\\\/www.polen.travel\\\/de\\\/privacy-policy\\\/\"]}]},{\"@type\":\"BreadcrumbList\",\"@id\":\"https:\\\/\\\/www.polen.travel\\\/de\\\/privacy-policy\\\/#breadcrumb\",\"itemListElement\":[{\"@type\":\"ListItem\",\"position\":1,\"name\":\"Strona g\u0142\u00f3wna\",\"item\":\"https:\\\/\\\/www.polen.travel\\\/de\\\/\"},{\"@type\":\"ListItem\",\"position\":2,\"name\":\"Privatsph\u00e4renpolitik\"}]},{\"@type\":\"WebSite\",\"@id\":\"https:\\\/\\\/www.polen.travel\\\/de\\\/#website\",\"url\":\"https:\\\/\\\/www.polen.travel\\\/de\\\/\",\"name\":\"Polen Travel (DE)\",\"description\":\"...\",\"publisher\":{\"@id\":\"https:\\\/\\\/www.polen.travel\\\/de\\\/#organization\"},\"potentialAction\":[{\"@type\":\"SearchAction\",\"target\":{\"@type\":\"EntryPoint\",\"urlTemplate\":\"https:\\\/\\\/www.polen.travel\\\/de\\\/?s={search_term_string}\"},\"query-input\":{\"@type\":\"PropertyValueSpecification\",\"valueRequired\":true,\"valueName\":\"search_term_string\"}}],\"inLanguage\":\"pl-PL\"},{\"@type\":\"Organization\",\"@id\":\"https:\\\/\\\/www.polen.travel\\\/de\\\/#organization\",\"name\":\"Polen Travel (DE)\",\"url\":\"https:\\\/\\\/www.polen.travel\\\/de\\\/\",\"logo\":{\"@type\":\"ImageObject\",\"inLanguage\":\"pl-PL\",\"@id\":\"https:\\\/\\\/www.polen.travel\\\/de\\\/#\\\/schema\\\/logo\\\/image\\\/\",\"url\":\"https:\\\/\\\/www.polen.travel\\\/de\\\/wp-content\\\/uploads\\\/sites\\\/8\\\/2022\\\/11\\\/logo.svg\",\"contentUrl\":\"https:\\\/\\\/www.polen.travel\\\/de\\\/wp-content\\\/uploads\\\/sites\\\/8\\\/2022\\\/11\\\/logo.svg\",\"width\":198,\"height\":96,\"caption\":\"Polen Travel (DE)\"},\"image\":{\"@id\":\"https:\\\/\\\/www.polen.travel\\\/de\\\/#\\\/schema\\\/logo\\\/image\\\/\"}}]}<\/script>\n<!-- \/ Yoast SEO plugin. -->","yoast_head_json":{"title":"Privatsph\u00e4renpolitik - Polen Travel (DE)","robots":{"index":"index","follow":"follow","max-snippet":"max-snippet:-1","max-image-preview":"max-image-preview:large","max-video-preview":"max-video-preview:-1"},"canonical":"https:\/\/www.polen.travel\/de\/privacy-policy\/","og_locale":"pl_PL","og_type":"article","og_title":"Privatsph\u00e4renpolitik - Polen Travel (DE)","og_description":"Privatsph\u00e4renpolitik Die Internetpr\u00e4senz des Polnischen Fremdenverkehrsamtes arbeitet, wie die meisten gr\u00f6\u00dferen Internetpr\u00e4senzen, mit Cookies. Hier finden Sie Informationen zur Verwendung von Cookies durch unsere Internetpr\u00e4senz. Was sind Cookies? Cookies sind kleine Textdateien, die auf dem Endger\u00e4t des Nutzers einer Internetpr\u00e4senz gespeichert werden und die Nutzung dieser optimieren. Cookies beinhalten f\u00fcr gew\u00f6hnlich den Namen der Internetpr\u00e4senz [&hellip;]","og_url":"https:\/\/www.polen.travel\/de\/privacy-policy\/","og_site_name":"Polen Travel (DE)","article_modified_time":"2025-07-07T10:26:19+00:00","twitter_card":"summary_large_image","twitter_misc":{"Szacowany czas czytania":"4 minuty"},"schema":{"@context":"https:\/\/schema.org","@graph":[{"@type":"WebPage","@id":"https:\/\/www.polen.travel\/de\/privacy-policy\/","url":"https:\/\/www.polen.travel\/de\/privacy-policy\/","name":"Privatsph\u00e4renpolitik - Polen Travel (DE)","isPartOf":{"@id":"https:\/\/www.polen.travel\/de\/#website"},"datePublished":"2022-11-02T09:38:58+00:00","dateModified":"2025-07-07T10:26:19+00:00","breadcrumb":{"@id":"https:\/\/www.polen.travel\/de\/privacy-policy\/#breadcrumb"},"inLanguage":"pl-PL","potentialAction":[{"@type":"ReadAction","target":["https:\/\/www.polen.travel\/de\/privacy-policy\/"]}]},{"@type":"BreadcrumbList","@id":"https:\/\/www.polen.travel\/de\/privacy-policy\/#breadcrumb","itemListElement":[{"@type":"ListItem","position":1,"name":"Strona g\u0142\u00f3wna","item":"https:\/\/www.polen.travel\/de\/"},{"@type":"ListItem","position":2,"name":"Privatsph\u00e4renpolitik"}]},{"@type":"WebSite","@id":"https:\/\/www.polen.travel\/de\/#website","url":"https:\/\/www.polen.travel\/de\/","name":"Polen Travel (DE)","description":"...","publisher":{"@id":"https:\/\/www.polen.travel\/de\/#organization"},"potentialAction":[{"@type":"SearchAction","target":{"@type":"EntryPoint","urlTemplate":"https:\/\/www.polen.travel\/de\/?s={search_term_string}"},"query-input":{"@type":"PropertyValueSpecification","valueRequired":true,"valueName":"search_term_string"}}],"inLanguage":"pl-PL"},{"@type":"Organization","@id":"https:\/\/www.polen.travel\/de\/#organization","name":"Polen Travel (DE)","url":"https:\/\/www.polen.travel\/de\/","logo":{"@type":"ImageObject","inLanguage":"pl-PL","@id":"https:\/\/www.polen.travel\/de\/#\/schema\/logo\/image\/","url":"https:\/\/www.polen.travel\/de\/wp-content\/uploads\/sites\/8\/2022\/11\/logo.svg","contentUrl":"https:\/\/www.polen.travel\/de\/wp-content\/uploads\/sites\/8\/2022\/11\/logo.svg","width":198,"height":96,"caption":"Polen Travel (DE)"},"image":{"@id":"https:\/\/www.polen.travel\/de\/#\/schema\/logo\/image\/"}}]}},"_links":{"self":[{"href":"https:\/\/www.polen.travel\/de\/wp-json\/wp\/v2\/pages\/3","targetHints":{"allow":["GET"]}}],"collection":[{"href":"https:\/\/www.polen.travel\/de\/wp-json\/wp\/v2\/pages"}],"about":[{"href":"https:\/\/www.polen.travel\/de\/wp-json\/wp\/v2\/types\/page"}],"author":[{"embeddable":true,"href":"https:\/\/www.polen.travel\/de\/wp-json\/wp\/v2\/users\/1"}],"replies":[{"embeddable":true,"href":"https:\/\/www.polen.travel\/de\/wp-json\/wp\/v2\/comments?post=3"}],"version-history":[{"count":5,"href":"https:\/\/www.polen.travel\/de\/wp-json\/wp\/v2\/pages\/3\/revisions"}],"predecessor-version":[{"id":35281,"href":"https:\/\/www.polen.travel\/de\/wp-json\/wp\/v2\/pages\/3\/revisions\/35281"}],"wp:attachment":[{"href":"https:\/\/www.polen.travel\/de\/wp-json\/wp\/v2\/media?parent=3"}],"curies":[{"name":"wp","href":"https:\/\/api.w.org\/{rel}","templated":true}]}}